{"id":2777,"date":"2025-09-11T13:31:30","date_gmt":"2025-09-11T13:31:30","guid":{"rendered":"https:\/\/hotelgastro.ch\/organisation\/"},"modified":"2026-03-13T09:37:13","modified_gmt":"2026-03-13T09:37:13","slug":"organisation","status":"publish","type":"page","link":"https:\/\/hotelgastro.ch\/fr\/a-propos-de-nous\/formation-hotelgastro\/organisation\/","title":{"rendered":"Organisation"},"content":{"rendered":"\n<div class=\"wp-block-cover is-light has-background-color has-text-color has-link-color wp-elements-6f64c14c558c390439e55e6a0d51d2c8 wp-duotone-unset-1\"><img loading=\"lazy\" decoding=\"async\" width=\"2560\" height=\"1707\" class=\"wp-block-cover__image-background wp-image-2432 size-full\" alt=\"\" src=\"https:\/\/hotelgastro.ch\/wp-content\/uploads\/2026\/02\/DSC3038-2-scaled.jpg\" style=\"object-position:44% 60%\" data-object-fit=\"cover\" data-object-position=\"44% 60%\" srcset=\"https:\/\/hotelgastro.ch\/wp-content\/uploads\/2026\/02\/DSC3038-2-scaled.jpg 2560w, https:\/\/hotelgastro.ch\/wp-content\/uploads\/2026\/02\/DSC3038-2-300x200.jpg 300w, https:\/\/hotelgastro.ch\/wp-content\/uploads\/2026\/02\/DSC3038-2-1024x683.jpg 1024w, https:\/\/hotelgastro.ch\/wp-content\/uploads\/2026\/02\/DSC3038-2-768x512.jpg 768w, https:\/\/hotelgastro.ch\/wp-content\/uploads\/2026\/02\/DSC3038-2-1536x1024.jpg 1536w, https:\/\/hotelgastro.ch\/wp-content\/uploads\/2026\/02\/DSC3038-2-2048x1365.jpg 2048w\" sizes=\"auto, (max-width: 2560px) 100vw, 2560px\" \/><span aria-hidden=\"true\" class=\"wp-block-cover__background has-background-background-color has-background-dim-0 has-background-dim\"><\/span><div class=\"wp-block-cover__inner-container is-layout-constrained wp-block-cover-is-layout-constrained\">\n<h1 class=\"wp-block-heading alignwide has-text-align-left has-white-color has-text-color has-link-color wp-elements-1d3f0bbd1aae252a41b3de6c02b67019\" style=\"font-size:56px;font-style:normal;font-weight:700\">Organisation<\/h1>\n<\/div><\/div>\n\n<div style=\"height:96px\" aria-hidden=\"true\" class=\"wp-block-spacer\"><\/div>\n\n<div style=\"height:36px\" aria-hidden=\"true\" class=\"wp-block-spacer\"><\/div>\n\n<div class=\"wp-block-group is-layout-constrained wp-block-group-is-layout-constrained\">\n<h3 class=\"wp-block-heading\">Conseil d&rsquo;administration<\/h3>\n\n\n\n<figure class=\"wp-block-table is-style-stripes\"><table class=\"has-white-background-color has-background has-fixed-layout\" style=\"border-style:none;border-width:0px\"><tbody><tr><td><strong>Pr\u00e9sidente<\/strong><\/td><td><strong>Madame<\/strong><\/td><td><strong>Esther L\u00fcscher<\/strong><\/td><td><strong>Hotel &amp; Gastro Union <\/strong><\/td><\/tr><tr><td>Vice-pr\u00e9sident<\/td><td>Monsieur<\/td><td>Hans-Peter Br\u00e4ndle<\/td><td>HotellerieSuisse<\/td><\/tr><tr><td>Membres :<\/td><td>Monsieur<\/td><td>Urs Bircher<\/td><td>HotellerieSuisse<\/td><\/tr><tr><td><\/td><td>Monsieur<\/td><td>Richard Decurtins<\/td><td>GastroSuisse<\/td><\/tr><tr><td><\/td><td>Monsieur<\/td><td>Bruno Lustenberger<\/td><td>GastroSuisse<\/td><\/tr><tr><td><\/td><td>Monsieur<\/td><td>Oliver Sch\u00e4rli<\/td><td>Hotel &amp; Gastro Union<\/td><\/tr><\/tbody><\/table><\/figure>\n<\/div>\n\n<div style=\"height:73px\" aria-hidden=\"true\" class=\"wp-block-spacer\"><\/div>\n\n<div class=\"wp-block-group is-content-justification-center is-layout-constrained wp-container-core-group-is-layout-52601c27 wp-block-group-is-layout-constrained\" style=\"border-style:none;border-width:0px;border-top-left-radius:0px;border-top-right-radius:0px;border-bottom-left-radius:0px;border-bottom-right-radius:0px;min-height:0px\">\n<div class=\"wp-block-group is-layout-constrained wp-block-group-is-layout-constrained\">\n<h3 class=\"wp-block-heading\">Bureau<\/h3>\n\n\n\n<div style=\"height:12px\" aria-hidden=\"true\" class=\"wp-block-spacer\"><\/div>\n<\/div>\n\n\n\n<div class=\"wp-block-columns are-vertically-aligned-bottom is-layout-flex wp-container-core-columns-is-layout-28f84493 wp-block-columns-is-layout-flex\">\n<div class=\"wp-block-column is-vertically-aligned-bottom is-layout-flow wp-block-column-is-layout-flow\" style=\"flex-basis:100%\">\n<figure class=\"wp-block-table is-style-stripes\"><table class=\"has-white-background-color has-background\" style=\"border-style:none;border-width:0px\"><tbody><tr><td><strong>Sabrina Camenzind <\/strong><\/td><td><strong>Direktorin<\/strong><\/td><td><strong><a href=\"mailto:s.camenzind@hotelgastro.ch\" type=\"mailto\" id=\"mailto:s.camenzind@hotelgastro.ch\" target=\"_blank\" rel=\"noreferrer noopener\">@ <\/a><\/strong><\/td><td><strong>T\u00e9l. +41 41 392 77 00<\/strong><\/td><\/tr><tr><td>Mike Kuhn <\/td><td>Vice-directeur, Responsable formation<\/td><td><strong><a href=\"mailto:m.kuhn@hotelgastro.ch\" type=\"mailto\" id=\"mailto:m.kuhn@hotelgastro.ch\" target=\"_blank\" rel=\"noreferrer noopener\">@<\/a><\/strong><\/td><td>T\u00e9l. +41 41 392 77 40<\/td><\/tr><tr><td>Nico Kaspar<\/td><td>Vice-directeur, Responsable finances<\/td><td><strong><a href=\"mailto:n.kaspar@hotelgastro.ch\" type=\"mailto\" id=\"mailto:n.kaspar@hotelgastro.ch\" target=\"_blank\" rel=\"noreferrer noopener\">@<\/a><\/strong><\/td><td>T\u00e9l. +41 41 392 77 05<\/td><\/tr><tr><td>C\u00e9dric Fahrni<\/td><td>Responsable D\u00e9veloppement organisationnel<\/td><td><strong><a href=\"mailto:c.fahrni@hotelgastro.ch\" type=\"mailto\" id=\"mailto:c.fahrmi@hotelgastro.ch\" target=\"_blank\" rel=\"noreferrer noopener\">@<\/a><\/strong><\/td><td>T\u00e9l. +41 41 392 77 32<\/td><\/tr><tr><td>Christoph Remund<\/td><td>Responsable Processus d&rsquo;examen<\/td><td><strong><a href=\"mailto:c.remond@hotelgastro.ch\" type=\"mailto\" id=\"mailto:c.remond@hotelgastro.ch\" target=\"_blank\" rel=\"noreferrer noopener\">@<\/a><\/strong><\/td><td>T\u00e9l. +41 41 392 77 13<\/td><\/tr><tr><td>Mirco C. Michel<\/td><td>Responsable Centre de formation (CFW)<\/td><td><strong><a href=\"mailto:m.michel@hotelgastro.ch\" type=\"mailto\" id=\"mailto:m.michel@hotelgastro.ch\" target=\"_blank\" rel=\"noreferrer noopener\">@<\/a><\/strong><\/td><td>T\u00e9l. +41 41 392 77 12<\/td><\/tr><tr><td>Reto Walther<\/td><td><mark style=\"background-color:rgba(0, 0, 0, 0)\" class=\"has-inline-color has-foreground-color\">Responsable offres de formation<\/mark><\/td><td><strong><a href=\"mailto:r.walther@hotelgastro.ch\" type=\"mailto\" id=\"mailto:r.walther@hotelgastro.ch\" target=\"_blank\" rel=\"noreferrer noopener\">@<\/a><\/strong><\/td><td><mark style=\"background-color:rgba(0, 0, 0, 0)\" class=\"has-inline-color has-foreground-color\">T\u00e9l. +41 41 392 77 70<\/mark><\/td><\/tr><tr><td>Peter Br\u00fcndler<\/td><td>Responsable RH \/ Assistant de direction<\/td><td><strong><a href=\"mailto:p.bruendler@hotelgastro.ch\" type=\"mailto\" id=\"mailto:peterbruendler@hotelgastro.ch\" target=\"_blank\" rel=\"noreferrer noopener\">@<\/a><\/strong><\/td><td>T\u00e9l. +41 41 392 77 10<\/td><\/tr><tr><td>Jonas Schmid<\/td><td>Responsable Subventions<\/td><td><strong><a href=\"mailto:j.schmid@hotelgastro.ch\" type=\"mailto\" id=\"mailto:j.schmid@hotelgastro.ch\" target=\"_blank\" rel=\"noreferrer noopener\">@<\/a><\/strong><\/td><td>T\u00e9l. +41 41 392 77 07<\/td><\/tr><tr><td>Mate Vida<\/td><td>Responsable Cuisine \/ Production<\/td><td><strong><a href=\"mailto:m.vida@hotelgastro.ch\" type=\"mailto\" id=\"mailto:m.vida@hotelgastro.ch\" target=\"_blank\" rel=\"noreferrer noopener\">@<\/a><\/strong><\/td><td>T\u00e9l. +41 41 392 77 99<\/td><\/tr><tr><td>Sandra Windlin<\/td><td>Responsable du bureau HGT<\/td><td><strong><a href=\"mailto:s.windlin@branche-hgt.ch\" type=\"mailto\" id=\"mailto:s.windlin@branche-hgt.ch\" target=\"_blank\" rel=\"noreferrer noopener\">@<\/a><\/strong><\/td><td>T\u00e9l. +41 41 392 77 27<\/td><\/tr><tr><td>Peter Galliker<\/td><td>Responsable Facility Management<\/td><td><strong><a href=\"mailto:p.gallikers@hotelgastro.ch\" type=\"mailto\" id=\"mailto:p.gallikers@hotelgastro.ch\" target=\"_blank\" rel=\"noreferrer noopener\">@<\/a><\/strong><\/td><td>T\u00e9l. +41 41 392 77 47<\/td><\/tr><tr><td>Peter Meier<\/td><td>Relationship Manager<\/td><td><strong><a href=\"mailto:p.meier@hotelgastro.ch\" type=\"link\" id=\"maito:p.meier@hotelgastro.ch\" target=\"_blank\" rel=\"noreferrer noopener\">@<\/a><\/strong><\/td><td>T\u00e9l. +41 21 392 77 25<\/td><\/tr><tr><td>Olivier Kolly<\/td><td>Co-responsable Romandie \/ Sp\u00e9cialiste offres de formation <\/td><td><strong><a href=\"mailto:o.kolly@hotelgastro.ch\" type=\"mailto\" id=\"mailto:o.kolly@hotelgastro.ch\" target=\"_blank\" rel=\"noreferrer noopener\">@<\/a><\/strong><\/td><td>T\u00e9l. +41 21 804 85 33<\/td><\/tr><tr><td>Yann Christe<\/td><td>Co-responsable Romandie \/ Chef de projet SwissSkills\/WorldSkills<\/td><td><strong><a href=\"mailto:y.christe@hotelgastro.ch\" target=\"_blank\" rel=\"noreferrer noopener\">@<\/a><\/strong><\/td><td>T\u00e9l. +41 21 804 85 34<\/td><\/tr><tr><td>Marc Wehrli<\/td><td>Sp\u00e9cialiste Marketing &amp; communication<\/td><td><strong><a href=\"mailto:m.wehrli@hotelgastro.ch\" type=\"mailto\" id=\"mailto:m.wehrli@hotelgastro.ch\" target=\"_blank\" rel=\"noreferrer noopener\">@<\/a><\/strong><\/td><td>T\u00e9l. +41 41 392 77 02<\/td><\/tr><\/tbody><\/table><\/figure>\n<\/div>\n<\/div>\n<\/div>\n\n<div class=\"wp-block-group is-layout-constrained wp-block-group-is-layout-constrained\">\n<div style=\"height:47px\" aria-hidden=\"true\" class=\"wp-block-spacer\"><\/div>\n<\/div>\n\n<div class=\"wp-block-group is-layout-constrained wp-block-group-is-layout-constrained\">\n<div class=\"wp-block-buttons is-layout-flex wp-block-buttons-is-layout-flex\">\n<div class=\"wp-block-button\"><a class=\"wp-block-button__link wp-element-button\" href=\"https:\/\/hotelgastro.ch\/fr\/a-propos-de-nous\/formation-hotelgastro\/organisation\/\" target=\"_blank\" rel=\"noreferrer noopener\">Organigramme<\/a><\/div>\n\n\n\n<div class=\"wp-block-button\"><a class=\"wp-block-button__link wp-element-button\" href=\"&lt;!--[CDATA[https:\/\/hotelgastro.ch\/wp-content\/uploads\/2026\/02\/03_Statuten.pdf]]--&gt;\" target=\"_blank\" rel=\"noreferrer noopener\">Statuts HGf Suisse<\/a><\/div>\n\n\n\n<div class=\"wp-block-button\"><a class=\"wp-block-button__link wp-element-button\" href=\"https:\/\/hotelgastro.ch\/wp-content\/uploads\/2026\/02\/Delegiertenversammlung_Stiftungsrat.pdf\" target=\"_blank\" rel=\"noreferrer noopener\">Assembl\u00e9e des d\u00e9l\u00e9gu\u00e9s &amp; Conseil de fondation<\/a><\/div>\n<\/div>\n<\/div>\n\n<p><\/p>\n","protected":false},"excerpt":{"rendered":"<p>Conseil d&rsquo;administration Pr\u00e9sidente Madame Esther L\u00fcscher Hotel &amp; Gastro Union Vice-pr\u00e9sident Monsieur Hans-Peter Br\u00e4ndle HotellerieSuisse Membres : Monsieur Urs Bircher HotellerieSuisse Monsieur Richard Decurtins GastroSuisse Monsieur Bruno Lustenberger GastroSuisse Monsieur Oliver Sch\u00e4rli Hotel &amp; Gastro Union Bureau Sabrina Camenzind Direktorin @ T\u00e9l. +41 41 392 77 00 Mike Kuhn Vice-directeur, Responsable formation @ T\u00e9l. +41 [&hellip;]<\/p>\n","protected":false},"author":1,"featured_media":0,"parent":4064,"menu_order":0,"comment_status":"closed","ping_status":"closed","template":"hotel-gastro-formation","meta":{"_acf_changed":false,"footnotes":""},"class_list":["post-2777","page","type-page","status-publish","hentry"],"acf":[],"yoast_head":"<!-- This site is optimized with the Yoast SEO plugin v27.0 - https:\/\/yoast.com\/product\/yoast-seo-wordpress\/ -->\n<title>Organisation - Hotel &amp; Gastro formation<\/title>\n<meta name=\"robots\" content=\"index, follow, max-snippet:-1, max-image-preview:large, max-video-preview:-1\" \/>\n<link rel=\"canonical\" href=\"https:\/\/hotelgastro.ch\/fr\/a-propos-de-nous\/formation-hotelgastro\/organisation\/\" \/>\n<meta property=\"og:locale\" content=\"fr_FR\" \/>\n<meta property=\"og:type\" content=\"article\" \/>\n<meta property=\"og:title\" content=\"Organisation - Hotel &amp; Gastro formation\" \/>\n<meta property=\"og:description\" content=\"Conseil d&rsquo;administration Pr\u00e9sidente Madame Esther L\u00fcscher Hotel &amp; Gastro Union Vice-pr\u00e9sident Monsieur Hans-Peter Br\u00e4ndle HotellerieSuisse Membres : Monsieur Urs Bircher HotellerieSuisse Monsieur Richard Decurtins GastroSuisse Monsieur Bruno Lustenberger GastroSuisse Monsieur Oliver Sch\u00e4rli Hotel &amp; Gastro Union Bureau Sabrina Camenzind Direktorin @ T\u00e9l. +41 41 392 77 00 Mike Kuhn Vice-directeur, Responsable formation @ T\u00e9l. +41 [&hellip;]\" \/>\n<meta property=\"og:url\" content=\"https:\/\/hotelgastro.ch\/fr\/a-propos-de-nous\/formation-hotelgastro\/organisation\/\" \/>\n<meta property=\"og:site_name\" content=\"Hotel &amp; Gastro formation\" \/>\n<meta property=\"article:publisher\" content=\"https:\/\/www.facebook.com\/hgfschweiz\" \/>\n<meta property=\"article:modified_time\" content=\"2026-03-13T09:37:13+00:00\" \/>\n<meta property=\"og:image\" content=\"https:\/\/hotelgastro.ch\/wp-content\/uploads\/2026\/02\/DSC3038-2-scaled.jpg\" \/>\n\t<meta property=\"og:image:width\" content=\"2560\" \/>\n\t<meta property=\"og:image:height\" content=\"1707\" \/>\n\t<meta property=\"og:image:type\" content=\"image\/jpeg\" \/>\n<meta name=\"twitter:card\" content=\"summary_large_image\" \/>\n<meta name=\"twitter:label1\" content=\"Dur\u00e9e de lecture estim\u00e9e\" \/>\n\t<meta name=\"twitter:data1\" content=\"1 minute\" \/>\n<script type=\"application\/ld+json\" class=\"yoast-schema-graph\">{\"@context\":\"https:\/\/schema.org\",\"@graph\":[{\"@type\":\"WebPage\",\"@id\":\"https:\/\/hotelgastro.ch\/fr\/a-propos-de-nous\/formation-hotelgastro\/organisation\/\",\"url\":\"https:\/\/hotelgastro.ch\/fr\/a-propos-de-nous\/formation-hotelgastro\/organisation\/\",\"name\":\"Organisation - Hotel &amp; Gastro formation\",\"isPartOf\":{\"@id\":\"https:\/\/hotelgastro.ch\/fr\/#website\"},\"primaryImageOfPage\":{\"@id\":\"https:\/\/hotelgastro.ch\/fr\/a-propos-de-nous\/formation-hotelgastro\/organisation\/#primaryimage\"},\"image\":{\"@id\":\"https:\/\/hotelgastro.ch\/fr\/a-propos-de-nous\/formation-hotelgastro\/organisation\/#primaryimage\"},\"thumbnailUrl\":\"https:\/\/hotelgastro.ch\/wp-content\/uploads\/2026\/02\/DSC3038-2-scaled.jpg\",\"datePublished\":\"2025-09-11T13:31:30+00:00\",\"dateModified\":\"2026-03-13T09:37:13+00:00\",\"breadcrumb\":{\"@id\":\"https:\/\/hotelgastro.ch\/fr\/a-propos-de-nous\/formation-hotelgastro\/organisation\/#breadcrumb\"},\"inLanguage\":\"fr-FR\",\"potentialAction\":[{\"@type\":\"ReadAction\",\"target\":[\"https:\/\/hotelgastro.ch\/fr\/a-propos-de-nous\/formation-hotelgastro\/organisation\/\"]}]},{\"@type\":\"ImageObject\",\"inLanguage\":\"fr-FR\",\"@id\":\"https:\/\/hotelgastro.ch\/fr\/a-propos-de-nous\/formation-hotelgastro\/organisation\/#primaryimage\",\"url\":\"https:\/\/hotelgastro.ch\/wp-content\/uploads\/2026\/02\/DSC3038-2-scaled.jpg\",\"contentUrl\":\"https:\/\/hotelgastro.ch\/wp-content\/uploads\/2026\/02\/DSC3038-2-scaled.jpg\"},{\"@type\":\"BreadcrumbList\",\"@id\":\"https:\/\/hotelgastro.ch\/fr\/a-propos-de-nous\/formation-hotelgastro\/organisation\/#breadcrumb\",\"itemListElement\":[{\"@type\":\"ListItem\",\"position\":1,\"name\":\"Home\",\"item\":\"https:\/\/hotelgastro.ch\/fr\/\"},{\"@type\":\"ListItem\",\"position\":2,\"name\":\"\u00c0 propos de nous\",\"item\":\"https:\/\/hotelgastro.ch\/fr\/ueber-uns\/\"},{\"@type\":\"ListItem\",\"position\":3,\"name\":\"Formation h\u00f4tel&amp;gastro\",\"item\":\"https:\/\/hotelgastro.ch\/fr\/ueber-uns\/hotelgastro-formation\/\"},{\"@type\":\"ListItem\",\"position\":4,\"name\":\"Organisation\"}]},{\"@type\":\"WebSite\",\"@id\":\"https:\/\/hotelgastro.ch\/fr\/#website\",\"url\":\"https:\/\/hotelgastro.ch\/fr\/\",\"name\":\"Karriere Hotel Gastro\",\"description\":\"\",\"publisher\":{\"@id\":\"https:\/\/hotelgastro.ch\/fr\/#organization\"},\"potentialAction\":[{\"@type\":\"SearchAction\",\"target\":{\"@type\":\"EntryPoint\",\"urlTemplate\":\"https:\/\/hotelgastro.ch\/fr\/?s={search_term_string}\"},\"query-input\":{\"@type\":\"PropertyValueSpecification\",\"valueRequired\":true,\"valueName\":\"search_term_string\"}}],\"inLanguage\":\"fr-FR\"},{\"@type\":\"Organization\",\"@id\":\"https:\/\/hotelgastro.ch\/fr\/#organization\",\"name\":\"Karriere Hotel Gastro\",\"url\":\"https:\/\/hotelgastro.ch\/fr\/\",\"logo\":{\"@type\":\"ImageObject\",\"inLanguage\":\"fr-FR\",\"@id\":\"https:\/\/hotelgastro.ch\/fr\/#\/schema\/logo\/image\/\",\"url\":\"https:\/\/hotelgastro.ch\/wp-content\/uploads\/2026\/02\/HGf_3Verbandslogo_feb2026_FR.svg\",\"contentUrl\":\"https:\/\/hotelgastro.ch\/wp-content\/uploads\/2026\/02\/HGf_3Verbandslogo_feb2026_FR.svg\",\"width\":377,\"height\":61,\"caption\":\"Karriere Hotel Gastro\"},\"image\":{\"@id\":\"https:\/\/hotelgastro.ch\/fr\/#\/schema\/logo\/image\/\"},\"sameAs\":[\"https:\/\/www.facebook.com\/hgfschweiz\",\"https:\/\/www.linkedin.com\/company\/hotelgastroformationschweiz\/posts\/?feedView=all\"]}]}<\/script>\n<!-- \/ Yoast SEO plugin. -->","yoast_head_json":{"title":"Organisation - Hotel &amp; Gastro formation","robots":{"index":"index","follow":"follow","max-snippet":"max-snippet:-1","max-image-preview":"max-image-preview:large","max-video-preview":"max-video-preview:-1"},"canonical":"https:\/\/hotelgastro.ch\/fr\/a-propos-de-nous\/formation-hotelgastro\/organisation\/","og_locale":"fr_FR","og_type":"article","og_title":"Organisation - Hotel &amp; Gastro formation","og_description":"Conseil d&rsquo;administration Pr\u00e9sidente Madame Esther L\u00fcscher Hotel &amp; Gastro Union Vice-pr\u00e9sident Monsieur Hans-Peter Br\u00e4ndle HotellerieSuisse Membres : Monsieur Urs Bircher HotellerieSuisse Monsieur Richard Decurtins GastroSuisse Monsieur Bruno Lustenberger GastroSuisse Monsieur Oliver Sch\u00e4rli Hotel &amp; Gastro Union Bureau Sabrina Camenzind Direktorin @ T\u00e9l. +41 41 392 77 00 Mike Kuhn Vice-directeur, Responsable formation @ T\u00e9l. +41 [&hellip;]","og_url":"https:\/\/hotelgastro.ch\/fr\/a-propos-de-nous\/formation-hotelgastro\/organisation\/","og_site_name":"Hotel &amp; Gastro formation","article_publisher":"https:\/\/www.facebook.com\/hgfschweiz","article_modified_time":"2026-03-13T09:37:13+00:00","og_image":[{"width":2560,"height":1707,"url":"https:\/\/hotelgastro.ch\/wp-content\/uploads\/2026\/02\/DSC3038-2-scaled.jpg","type":"image\/jpeg"}],"twitter_card":"summary_large_image","twitter_misc":{"Dur\u00e9e de lecture estim\u00e9e":"1 minute"},"schema":{"@context":"https:\/\/schema.org","@graph":[{"@type":"WebPage","@id":"https:\/\/hotelgastro.ch\/fr\/a-propos-de-nous\/formation-hotelgastro\/organisation\/","url":"https:\/\/hotelgastro.ch\/fr\/a-propos-de-nous\/formation-hotelgastro\/organisation\/","name":"Organisation - Hotel &amp; Gastro formation","isPartOf":{"@id":"https:\/\/hotelgastro.ch\/fr\/#website"},"primaryImageOfPage":{"@id":"https:\/\/hotelgastro.ch\/fr\/a-propos-de-nous\/formation-hotelgastro\/organisation\/#primaryimage"},"image":{"@id":"https:\/\/hotelgastro.ch\/fr\/a-propos-de-nous\/formation-hotelgastro\/organisation\/#primaryimage"},"thumbnailUrl":"https:\/\/hotelgastro.ch\/wp-content\/uploads\/2026\/02\/DSC3038-2-scaled.jpg","datePublished":"2025-09-11T13:31:30+00:00","dateModified":"2026-03-13T09:37:13+00:00","breadcrumb":{"@id":"https:\/\/hotelgastro.ch\/fr\/a-propos-de-nous\/formation-hotelgastro\/organisation\/#breadcrumb"},"inLanguage":"fr-FR","potentialAction":[{"@type":"ReadAction","target":["https:\/\/hotelgastro.ch\/fr\/a-propos-de-nous\/formation-hotelgastro\/organisation\/"]}]},{"@type":"ImageObject","inLanguage":"fr-FR","@id":"https:\/\/hotelgastro.ch\/fr\/a-propos-de-nous\/formation-hotelgastro\/organisation\/#primaryimage","url":"https:\/\/hotelgastro.ch\/wp-content\/uploads\/2026\/02\/DSC3038-2-scaled.jpg","contentUrl":"https:\/\/hotelgastro.ch\/wp-content\/uploads\/2026\/02\/DSC3038-2-scaled.jpg"},{"@type":"BreadcrumbList","@id":"https:\/\/hotelgastro.ch\/fr\/a-propos-de-nous\/formation-hotelgastro\/organisation\/#breadcrumb","itemListElement":[{"@type":"ListItem","position":1,"name":"Home","item":"https:\/\/hotelgastro.ch\/fr\/"},{"@type":"ListItem","position":2,"name":"\u00c0 propos de nous","item":"https:\/\/hotelgastro.ch\/fr\/ueber-uns\/"},{"@type":"ListItem","position":3,"name":"Formation h\u00f4tel&amp;gastro","item":"https:\/\/hotelgastro.ch\/fr\/ueber-uns\/hotelgastro-formation\/"},{"@type":"ListItem","position":4,"name":"Organisation"}]},{"@type":"WebSite","@id":"https:\/\/hotelgastro.ch\/fr\/#website","url":"https:\/\/hotelgastro.ch\/fr\/","name":"Karriere Hotel Gastro","description":"","publisher":{"@id":"https:\/\/hotelgastro.ch\/fr\/#organization"},"potentialAction":[{"@type":"SearchAction","target":{"@type":"EntryPoint","urlTemplate":"https:\/\/hotelgastro.ch\/fr\/?s={search_term_string}"},"query-input":{"@type":"PropertyValueSpecification","valueRequired":true,"valueName":"search_term_string"}}],"inLanguage":"fr-FR"},{"@type":"Organization","@id":"https:\/\/hotelgastro.ch\/fr\/#organization","name":"Karriere Hotel Gastro","url":"https:\/\/hotelgastro.ch\/fr\/","logo":{"@type":"ImageObject","inLanguage":"fr-FR","@id":"https:\/\/hotelgastro.ch\/fr\/#\/schema\/logo\/image\/","url":"https:\/\/hotelgastro.ch\/wp-content\/uploads\/2026\/02\/HGf_3Verbandslogo_feb2026_FR.svg","contentUrl":"https:\/\/hotelgastro.ch\/wp-content\/uploads\/2026\/02\/HGf_3Verbandslogo_feb2026_FR.svg","width":377,"height":61,"caption":"Karriere Hotel Gastro"},"image":{"@id":"https:\/\/hotelgastro.ch\/fr\/#\/schema\/logo\/image\/"},"sameAs":["https:\/\/www.facebook.com\/hgfschweiz","https:\/\/www.linkedin.com\/company\/hotelgastroformationschweiz\/posts\/?feedView=all"]}]}},"_links":{"self":[{"href":"https:\/\/hotelgastro.ch\/fr\/wp-json\/wp\/v2\/pages\/2777","targetHints":{"allow":["GET"]}}],"collection":[{"href":"https:\/\/hotelgastro.ch\/fr\/wp-json\/wp\/v2\/pages"}],"about":[{"href":"https:\/\/hotelgastro.ch\/fr\/wp-json\/wp\/v2\/types\/page"}],"author":[{"embeddable":true,"href":"https:\/\/hotelgastro.ch\/fr\/wp-json\/wp\/v2\/users\/1"}],"replies":[{"embeddable":true,"href":"https:\/\/hotelgastro.ch\/fr\/wp-json\/wp\/v2\/comments?post=2777"}],"version-history":[{"count":19,"href":"https:\/\/hotelgastro.ch\/fr\/wp-json\/wp\/v2\/pages\/2777\/revisions"}],"predecessor-version":[{"id":6465,"href":"https:\/\/hotelgastro.ch\/fr\/wp-json\/wp\/v2\/pages\/2777\/revisions\/6465"}],"up":[{"embeddable":true,"href":"https:\/\/hotelgastro.ch\/fr\/wp-json\/wp\/v2\/pages\/4064"}],"wp:attachment":[{"href":"https:\/\/hotelgastro.ch\/fr\/wp-json\/wp\/v2\/media?parent=2777"}],"curies":[{"name":"wp","href":"https:\/\/api.w.org\/{rel}","templated":true}]}}