{"id":2805,"date":"2025-12-12T15:12:17","date_gmt":"2025-12-12T15:12:17","guid":{"rendered":"https:\/\/hotelgastro.ch\/swissskills-worldskills\/"},"modified":"2026-03-06T09:21:16","modified_gmt":"2026-03-06T09:21:16","slug":"swissskills-worldskills","status":"publish","type":"page","link":"https:\/\/hotelgastro.ch\/fr\/swissskills-worldskills\/","title":{"rendered":"SwissSkills\/WorldSkills"},"content":{"rendered":"\n<div class=\"wp-block-group alignwide is-layout-constrained wp-block-group-is-layout-constrained\">\n<div class=\"wp-block-columns alignwide is-layout-flex wp-container-core-columns-is-layout-28f84493 wp-block-columns-is-layout-flex\">\n<div class=\"wp-block-column is-layout-flow wp-block-column-is-layout-flow\" style=\"flex-basis:66.66%\">\n<p>Pour le public, les comp\u00e9titions sont une exp\u00e9rience impressionnante. Elles montrent de jeunes professionnels en action et mettent en \u00e9vidence l&rsquo;\u00e9tendue des comp\u00e9tences, de l&rsquo;engagement et du potentiel d&rsquo;avenir que rec\u00e8le la formation professionnelle. Pour les jeunes en phase d&rsquo;orientation professionnelle \u00e9galement, il est clair que la formation professionnelle est une alternative performante, attractive et \u00e9quivalente aux autres parcours de formation \u2013 en Suisse comme \u00e0 l&rsquo;international.  <\/p>\n<\/div>\n\n\n\n<div class=\"wp-block-column is-layout-flow wp-block-column-is-layout-flow\" style=\"flex-basis:33.33%\"><\/div>\n<\/div>\n<\/div>\n<div style=\"background-color: #f5f5f5;\" class=\"hgf-accordion-item alignfull wp-block-hgf-accordion-item has-background has-f-5-f-5-f-5-background-color\" data-open-default=\"false\">\n\t<button\n\t\tclass=\"hgf-accordion-item__header\"\n\t\taria-expanded=\"false\"\n\t\taria-controls=\"accordion-content-1\"\n\t>\n\t\t\t\t\t<h3 class=\"hgf-accordion-item__title\">\n\t\t\t\tSwissSkills\t\t\t<\/h3>\n\t\t\t\t<figure class=\"hgf-accordion-item__toggle-icon\"><\/figure>\n\t\t\t<\/button>\n\t<div\n\t\tid=\"accordion-content-1\"\n\t\tclass=\"hgf-accordion-item__content\"\n\t\taria-hidden=\"true\"\n\t>\n\t\t<div class=\"hgf-accordion-item__content-inner\">\n\t\t\t<div class=\"hgf-accordion-item__content-container\">\n\t\t\t\t\n\n<p><strong>Championnats nationaux des m\u00e9tiers pour jeunes talents<\/strong><\/p>\n\n\n\n<div style=\"height:28px\" aria-hidden=\"true\" class=\"wp-block-spacer\"><\/div>\n\n\n\n<p>Les SwissSkills sont les championnats suisses des m\u00e9tiers pour jeunes professionnels issus d&rsquo;une grande diversit\u00e9 de professions. Sur la sc\u00e8ne nationale, des professionnels de la rel\u00e8ve engag\u00e9s se rencontrent et montrent ce dont ils sont capables dans des conditions r\u00e9alistes. Non seulement les connaissances techniques et la pr\u00e9cision sont requises, mais aussi la cr\u00e9ativit\u00e9, la passion, le talent et la volont\u00e9 de se d\u00e9passer.  <\/p>\n\n\n\n<div style=\"height:28px\" aria-hidden=\"true\" class=\"wp-block-spacer\"><\/div>\n\n\n\n<p>Pour nous, les m\u00e9tiers de la gastronomie et de l&rsquo;h\u00f4tel sont au centre de l&rsquo;attention. De jeunes cuisiniers et cuisini\u00e8res, des professionnels de la restauration, de l&rsquo;h\u00f4tellerie-intendance ainsi que de la r\u00e9ception d&rsquo;h\u00f4tel montrent de mani\u00e8re impressionnante \u00e0 quel point leurs m\u00e9tiers sont vari\u00e9s, exigeants et ax\u00e9s sur la pratique \u2013 et ce qui rend l&rsquo;h\u00f4tellerie-restauration si vivante, humaine et unique. <\/p>\n\n\n\n<div style=\"height:28px\" aria-hidden=\"true\" class=\"wp-block-spacer\"><\/div>\n\n\n\n<p>Les SwissSkills mettent en \u00e9vidence la performance et l&rsquo;orientation future de la formation professionnelle en Suisse. Elles montrent aux jeunes et \u00e0 leurs parents qu&rsquo;une formation professionnelle initiale \u2013 en particulier dans l&rsquo;h\u00f4tellerie-restauration \u2013 ouvre de r\u00e9elles perspectives et offre de nombreuses possibilit\u00e9s de d\u00e9veloppement et de carri\u00e8re. <\/p>\n\n\n\n<div style=\"height:28px\" aria-hidden=\"true\" class=\"wp-block-spacer\"><\/div>\n\n\n\n<p>Vous trouverez plus d&rsquo;informations sur les SwissSkills ici : <a href=\"https:\/\/swiss-skills.ch\/de\">SwissSkills 2025<\/a><\/p>\n\n\t\t\t<\/div>\n\t\t<\/div>\n\t<\/div>\n<\/div>\n<div style=\"background-color: #f5f5f5;\" class=\"hgf-accordion-item alignfull wp-block-hgf-accordion-item has-background has-f-5-f-5-f-5-background-color\" data-open-default=\"false\">\n\t<button\n\t\tclass=\"hgf-accordion-item__header\"\n\t\taria-expanded=\"false\"\n\t\taria-controls=\"accordion-content-2\"\n\t>\n\t\t\t\t\t<h3 class=\"hgf-accordion-item__title\">\n\t\t\t\tWorldSkills\t\t\t<\/h3>\n\t\t\t\t<figure class=\"hgf-accordion-item__toggle-icon\"><\/figure>\n\t\t\t<\/button>\n\t<div\n\t\tid=\"accordion-content-2\"\n\t\tclass=\"hgf-accordion-item__content\"\n\t\taria-hidden=\"true\"\n\t>\n\t\t<div class=\"hgf-accordion-item__content-inner\">\n\t\t\t<div class=\"hgf-accordion-item__content-container\">\n\t\t\t\t\n\n<p><strong>De jeunes talents se mesurent \u00e0 l&rsquo;\u00e9chelle internationale<\/strong><\/p>\n\n\n\n<div style=\"height:28px\" aria-hidden=\"true\" class=\"wp-block-spacer\"><\/div>\n\n\n\n<p>Ce que les SwissSkills sont pour la Suisse, les WorldSkills le sont pour le monde : des championnats internationaux des m\u00e9tiers au plus haut niveau. Ils sont synonymes d&rsquo;excellence, de qualit\u00e9 et d&rsquo;importance internationale de la formation professionnelle. <\/p>\n\n\n\n<div style=\"height:28px\" aria-hidden=\"true\" class=\"wp-block-spacer\"><\/div>\n\n\n\n<p>Tous les deux ans, des centaines de jeunes professionnels talentueux du monde entier se rencontrent pour d\u00e9montrer leurs comp\u00e9tences professionnelles lors d&rsquo;une comparaison internationale des performances. Dans les m\u00e9tiers de l&rsquo;artisanat, de l&rsquo;industrie et des services, ils travaillent dans des conditions de comp\u00e9tition r\u00e9alistes \u2013 observ\u00e9s par des expertes et experts ainsi qu&rsquo;un large public \u2013 dans le but de faire partie des meilleurs au monde. <\/p>\n\n\n\n<div style=\"height:28px\" aria-hidden=\"true\" class=\"wp-block-spacer\"><\/div>\n\n\n\n<p>Sont \u00e9ligibles les jeunes professionnels de 22 ans maximum, originaires d&rsquo;environ 75 pays membres de WorldSkills International. Ils se sont pr\u00e9alablement qualifi\u00e9s lors de comp\u00e9titions r\u00e9gionales et nationales et font ainsi partie de l&rsquo;\u00e9lite de leur pays. <\/p>\n\n\n\n<div style=\"height:28px\" aria-hidden=\"true\" class=\"wp-block-spacer\"><\/div>\n\n\n\n<p>Outre la comp\u00e9tition, les WorldSkills promeuvent la comparaison internationale des standards de comp\u00e9tences et l&rsquo;\u00e9change professionnel au-del\u00e0 des fronti\u00e8res. Les connaissances acquises fournissent des impulsions pr\u00e9cieuses aux professionnels, aux entreprises et aux responsables de la formation et contribuent au d\u00e9veloppement continu de la formation professionnelle. En m\u00eame temps, les comp\u00e9titions incitent \u00e0 d\u00e9couvrir de nouvelles techniques, \u00e0 int\u00e9grer des innovations et \u00e0 faire \u00e9voluer les standards existants.  <\/p>\n\n\n\n<div style=\"height:28px\" aria-hidden=\"true\" class=\"wp-block-spacer\"><\/div>\n\n\n\n<p>Vous trouverez plus d&rsquo;informations sur les WorldSkills ici : <a href=\"https:\/\/worldskills.org\/\">WorldSkills<\/a><\/p>\n\n\t\t\t<\/div>\n\t\t<\/div>\n\t<\/div>\n<\/div>\n<div style=\"background-color: #f5f5f5;\" class=\"hgf-accordion-item alignfull wp-block-hgf-accordion-item has-background has-f-5-f-5-f-5-background-color\" data-open-default=\"false\">\n\t<button\n\t\tclass=\"hgf-accordion-item__header\"\n\t\taria-expanded=\"false\"\n\t\taria-controls=\"accordion-content-3\"\n\t>\n\t\t\t\t\t<h3 class=\"hgf-accordion-item__title\">\n\t\t\t\tSwissSkills \/ WorldSkills GastroClub\t\t\t<\/h3>\n\t\t\t\t<figure class=\"hgf-accordion-item__toggle-icon\"><\/figure>\n\t\t\t<\/button>\n\t<div\n\t\tid=\"accordion-content-3\"\n\t\tclass=\"hgf-accordion-item__content\"\n\t\taria-hidden=\"true\"\n\t>\n\t\t<div class=\"hgf-accordion-item__content-inner\">\n\t\t\t<div class=\"hgf-accordion-item__content-container\">\n\t\t\t\t\n\n<p><strong>La passion, le savoir-faire et l&rsquo;engagement m\u00e9ritent une sc\u00e8ne. Avec votre adh\u00e9sion au SwissSkills \/ WorldSkills GastroClub, vous rendez possibles les performances internationales de pointe dans l&rsquo;h\u00f4tellerie-restauration. Cliquez ici pour vous inscrire<\/strong> : Lien<\/p>\n\n\n\n<div style=\"height:28px\" aria-hidden=\"true\" class=\"wp-block-spacer\"><\/div>\n\n\n\n<p>La participation aux SwissSkills et WorldSkills exige de nos jeunes professionnels non seulement des comp\u00e9tences exceptionnelles, mais aussi des moyens financiers consid\u00e9rables. C&rsquo;est pr\u00e9cis\u00e9ment l\u00e0 qu&rsquo;intervient le SwissSkills \/ WorldSkills GastroClub : il permet, gr\u00e2ce \u00e0 un soutien financier cibl\u00e9, aux jeunes talents de la gastronomie et de l&rsquo;h\u00f4tel de participer aux championnats nationaux et internationaux des m\u00e9tiers. <\/p>\n\n\n\n<div style=\"height:28px\" aria-hidden=\"true\" class=\"wp-block-spacer\"><\/div>\n\n\n\n<p>Les jeunes cuisiniers et cuisini\u00e8res ainsi que les professionnels de la restauration, de l&rsquo;h\u00f4tellerie-intendance et de la r\u00e9ception d&rsquo;h\u00f4tel repr\u00e9sentent la branche suisse de la gastronomie avec un grand engagement, un professionnalisme \u00e9lev\u00e9 et de la passion \u2013 tant en Suisse qu&rsquo;\u00e0 l&rsquo;international. Leurs performances lors des comp\u00e9titions renforcent la r\u00e9putation de l&rsquo;h\u00f4tellerie-restauration et portent la promesse de qualit\u00e9 de la Suisse bien au-del\u00e0 des fronti\u00e8res nationales. <\/p>\n\n\n\n<div style=\"height:28px\" aria-hidden=\"true\" class=\"wp-block-spacer\"><\/div>\n\n\n\n<p>Sur mandat des associations professionnelles GastroSuisse, HotellerieSuisse et Hotel &amp; Gastro Union, Hotel &amp; Gastro formation Suisse organise la participation aux SwissSkills et WorldSkills. Les entra\u00eenements, les infrastructures de comp\u00e9tition, les voyages et l&rsquo;accompagnement n\u00e9cessaires ne sont r\u00e9alisables que gr\u00e2ce aux contributions financi\u00e8res du SwissSkills \/ WorldSkills GastroClub. <\/p>\n\n\n\n<div style=\"height:28px\" aria-hidden=\"true\" class=\"wp-block-spacer\"><\/div>\n\n\n\n<p>Avec une adh\u00e9sion au GastroClub, les entreprises, institutions et particuliers apportent une contribution directe et efficace : ils assurent la tenue des championnats suisses, permettent la participation aux championnats du monde et investissent concr\u00e8tement dans la visibilit\u00e9, la cr\u00e9dibilit\u00e9 et la viabilit\u00e9 future de la gastronomie suisse.<\/p>\n\n\t\t\t<\/div>\n\t\t<\/div>\n\t<\/div>\n<\/div>\n\n<p><\/p>\n\n<p><\/p>\n\n<p><\/p>\n","protected":false},"excerpt":{"rendered":"<p>Pour le public, les comp\u00e9titions sont une exp\u00e9rience impressionnante. Elles montrent de jeunes professionnels en action et mettent en \u00e9vidence l&rsquo;\u00e9tendue des comp\u00e9tences, de l&rsquo;engagement et du potentiel d&rsquo;avenir que rec\u00e8le la formation professionnelle. Pour les jeunes en phase d&rsquo;orientation professionnelle \u00e9galement, il est clair que la formation professionnelle est une alternative performante, attractive et [&hellip;]<\/p>\n","protected":false},"author":1,"featured_media":0,"parent":0,"menu_order":0,"comment_status":"closed","ping_status":"closed","template":"","meta":{"_acf_changed":false,"footnotes":""},"class_list":["post-2805","page","type-page","status-publish","hentry"],"acf":[],"yoast_head":"<!-- This site is optimized with the Yoast SEO plugin v27.0 - https:\/\/yoast.com\/product\/yoast-seo-wordpress\/ -->\n<title>SwissSkills\/WorldSkills - Hotel &amp; Gastro formation<\/title>\n<meta name=\"robots\" content=\"index, follow, max-snippet:-1, max-image-preview:large, max-video-preview:-1\" \/>\n<link rel=\"canonical\" href=\"https:\/\/hotelgastro.ch\/fr\/swissskills-worldskills\/\" \/>\n<meta property=\"og:locale\" content=\"fr_FR\" \/>\n<meta property=\"og:type\" content=\"article\" \/>\n<meta property=\"og:title\" content=\"SwissSkills\/WorldSkills - Hotel &amp; Gastro formation\" \/>\n<meta property=\"og:description\" content=\"Pour le public, les comp\u00e9titions sont une exp\u00e9rience impressionnante. Elles montrent de jeunes professionnels en action et mettent en \u00e9vidence l&rsquo;\u00e9tendue des comp\u00e9tences, de l&rsquo;engagement et du potentiel d&rsquo;avenir que rec\u00e8le la formation professionnelle. Pour les jeunes en phase d&rsquo;orientation professionnelle \u00e9galement, il est clair que la formation professionnelle est une alternative performante, attractive et [&hellip;]\" \/>\n<meta property=\"og:url\" content=\"https:\/\/hotelgastro.ch\/fr\/swissskills-worldskills\/\" \/>\n<meta property=\"og:site_name\" content=\"Hotel &amp; Gastro formation\" \/>\n<meta property=\"article:publisher\" content=\"https:\/\/www.facebook.com\/hgfschweiz\" \/>\n<meta property=\"article:modified_time\" content=\"2026-03-06T09:21:16+00:00\" \/>\n<meta name=\"twitter:card\" content=\"summary_large_image\" \/>\n<meta name=\"twitter:label1\" content=\"Dur\u00e9e de lecture estim\u00e9e\" \/>\n\t<meta name=\"twitter:data1\" content=\"4 minutes\" \/>\n<script type=\"application\/ld+json\" class=\"yoast-schema-graph\">{\"@context\":\"https:\/\/schema.org\",\"@graph\":[{\"@type\":\"WebPage\",\"@id\":\"https:\/\/hotelgastro.ch\/fr\/swissskills-worldskills\/\",\"url\":\"https:\/\/hotelgastro.ch\/fr\/swissskills-worldskills\/\",\"name\":\"SwissSkills\/WorldSkills - Hotel &amp; Gastro formation\",\"isPartOf\":{\"@id\":\"https:\/\/hotelgastro.ch\/fr\/#website\"},\"datePublished\":\"2025-12-12T15:12:17+00:00\",\"dateModified\":\"2026-03-06T09:21:16+00:00\",\"breadcrumb\":{\"@id\":\"https:\/\/hotelgastro.ch\/fr\/swissskills-worldskills\/#breadcrumb\"},\"inLanguage\":\"fr-FR\",\"potentialAction\":[{\"@type\":\"ReadAction\",\"target\":[\"https:\/\/hotelgastro.ch\/fr\/swissskills-worldskills\/\"]}]},{\"@type\":\"BreadcrumbList\",\"@id\":\"https:\/\/hotelgastro.ch\/fr\/swissskills-worldskills\/#breadcrumb\",\"itemListElement\":[{\"@type\":\"ListItem\",\"position\":1,\"name\":\"Home\",\"item\":\"https:\/\/hotelgastro.ch\/fr\/\"},{\"@type\":\"ListItem\",\"position\":2,\"name\":\"SwissSkills\/WorldSkills\"}]},{\"@type\":\"WebSite\",\"@id\":\"https:\/\/hotelgastro.ch\/fr\/#website\",\"url\":\"https:\/\/hotelgastro.ch\/fr\/\",\"name\":\"Karriere Hotel Gastro\",\"description\":\"\",\"publisher\":{\"@id\":\"https:\/\/hotelgastro.ch\/fr\/#organization\"},\"potentialAction\":[{\"@type\":\"SearchAction\",\"target\":{\"@type\":\"EntryPoint\",\"urlTemplate\":\"https:\/\/hotelgastro.ch\/fr\/?s={search_term_string}\"},\"query-input\":{\"@type\":\"PropertyValueSpecification\",\"valueRequired\":true,\"valueName\":\"search_term_string\"}}],\"inLanguage\":\"fr-FR\"},{\"@type\":\"Organization\",\"@id\":\"https:\/\/hotelgastro.ch\/fr\/#organization\",\"name\":\"Karriere Hotel Gastro\",\"url\":\"https:\/\/hotelgastro.ch\/fr\/\",\"logo\":{\"@type\":\"ImageObject\",\"inLanguage\":\"fr-FR\",\"@id\":\"https:\/\/hotelgastro.ch\/fr\/#\/schema\/logo\/image\/\",\"url\":\"https:\/\/hotelgastro.ch\/wp-content\/uploads\/2026\/02\/HGf_3Verbandslogo_feb2026_FR.svg\",\"contentUrl\":\"https:\/\/hotelgastro.ch\/wp-content\/uploads\/2026\/02\/HGf_3Verbandslogo_feb2026_FR.svg\",\"width\":377,\"height\":61,\"caption\":\"Karriere Hotel Gastro\"},\"image\":{\"@id\":\"https:\/\/hotelgastro.ch\/fr\/#\/schema\/logo\/image\/\"},\"sameAs\":[\"https:\/\/www.facebook.com\/hgfschweiz\",\"https:\/\/www.linkedin.com\/company\/hotelgastroformationschweiz\/posts\/?feedView=all\"]}]}<\/script>\n<!-- \/ Yoast SEO plugin. -->","yoast_head_json":{"title":"SwissSkills\/WorldSkills - Hotel &amp; Gastro formation","robots":{"index":"index","follow":"follow","max-snippet":"max-snippet:-1","max-image-preview":"max-image-preview:large","max-video-preview":"max-video-preview:-1"},"canonical":"https:\/\/hotelgastro.ch\/fr\/swissskills-worldskills\/","og_locale":"fr_FR","og_type":"article","og_title":"SwissSkills\/WorldSkills - Hotel &amp; Gastro formation","og_description":"Pour le public, les comp\u00e9titions sont une exp\u00e9rience impressionnante. Elles montrent de jeunes professionnels en action et mettent en \u00e9vidence l&rsquo;\u00e9tendue des comp\u00e9tences, de l&rsquo;engagement et du potentiel d&rsquo;avenir que rec\u00e8le la formation professionnelle. Pour les jeunes en phase d&rsquo;orientation professionnelle \u00e9galement, il est clair que la formation professionnelle est une alternative performante, attractive et [&hellip;]","og_url":"https:\/\/hotelgastro.ch\/fr\/swissskills-worldskills\/","og_site_name":"Hotel &amp; Gastro formation","article_publisher":"https:\/\/www.facebook.com\/hgfschweiz","article_modified_time":"2026-03-06T09:21:16+00:00","twitter_card":"summary_large_image","twitter_misc":{"Dur\u00e9e de lecture estim\u00e9e":"4 minutes"},"schema":{"@context":"https:\/\/schema.org","@graph":[{"@type":"WebPage","@id":"https:\/\/hotelgastro.ch\/fr\/swissskills-worldskills\/","url":"https:\/\/hotelgastro.ch\/fr\/swissskills-worldskills\/","name":"SwissSkills\/WorldSkills - Hotel &amp; Gastro formation","isPartOf":{"@id":"https:\/\/hotelgastro.ch\/fr\/#website"},"datePublished":"2025-12-12T15:12:17+00:00","dateModified":"2026-03-06T09:21:16+00:00","breadcrumb":{"@id":"https:\/\/hotelgastro.ch\/fr\/swissskills-worldskills\/#breadcrumb"},"inLanguage":"fr-FR","potentialAction":[{"@type":"ReadAction","target":["https:\/\/hotelgastro.ch\/fr\/swissskills-worldskills\/"]}]},{"@type":"BreadcrumbList","@id":"https:\/\/hotelgastro.ch\/fr\/swissskills-worldskills\/#breadcrumb","itemListElement":[{"@type":"ListItem","position":1,"name":"Home","item":"https:\/\/hotelgastro.ch\/fr\/"},{"@type":"ListItem","position":2,"name":"SwissSkills\/WorldSkills"}]},{"@type":"WebSite","@id":"https:\/\/hotelgastro.ch\/fr\/#website","url":"https:\/\/hotelgastro.ch\/fr\/","name":"Karriere Hotel Gastro","description":"","publisher":{"@id":"https:\/\/hotelgastro.ch\/fr\/#organization"},"potentialAction":[{"@type":"SearchAction","target":{"@type":"EntryPoint","urlTemplate":"https:\/\/hotelgastro.ch\/fr\/?s={search_term_string}"},"query-input":{"@type":"PropertyValueSpecification","valueRequired":true,"valueName":"search_term_string"}}],"inLanguage":"fr-FR"},{"@type":"Organization","@id":"https:\/\/hotelgastro.ch\/fr\/#organization","name":"Karriere Hotel Gastro","url":"https:\/\/hotelgastro.ch\/fr\/","logo":{"@type":"ImageObject","inLanguage":"fr-FR","@id":"https:\/\/hotelgastro.ch\/fr\/#\/schema\/logo\/image\/","url":"https:\/\/hotelgastro.ch\/wp-content\/uploads\/2026\/02\/HGf_3Verbandslogo_feb2026_FR.svg","contentUrl":"https:\/\/hotelgastro.ch\/wp-content\/uploads\/2026\/02\/HGf_3Verbandslogo_feb2026_FR.svg","width":377,"height":61,"caption":"Karriere Hotel Gastro"},"image":{"@id":"https:\/\/hotelgastro.ch\/fr\/#\/schema\/logo\/image\/"},"sameAs":["https:\/\/www.facebook.com\/hgfschweiz","https:\/\/www.linkedin.com\/company\/hotelgastroformationschweiz\/posts\/?feedView=all"]}]}},"_links":{"self":[{"href":"https:\/\/hotelgastro.ch\/fr\/wp-json\/wp\/v2\/pages\/2805","targetHints":{"allow":["GET"]}}],"collection":[{"href":"https:\/\/hotelgastro.ch\/fr\/wp-json\/wp\/v2\/pages"}],"about":[{"href":"https:\/\/hotelgastro.ch\/fr\/wp-json\/wp\/v2\/types\/page"}],"author":[{"embeddable":true,"href":"https:\/\/hotelgastro.ch\/fr\/wp-json\/wp\/v2\/users\/1"}],"replies":[{"embeddable":true,"href":"https:\/\/hotelgastro.ch\/fr\/wp-json\/wp\/v2\/comments?post=2805"}],"version-history":[{"count":3,"href":"https:\/\/hotelgastro.ch\/fr\/wp-json\/wp\/v2\/pages\/2805\/revisions"}],"predecessor-version":[{"id":3973,"href":"https:\/\/hotelgastro.ch\/fr\/wp-json\/wp\/v2\/pages\/2805\/revisions\/3973"}],"wp:attachment":[{"href":"https:\/\/hotelgastro.ch\/fr\/wp-json\/wp\/v2\/media?parent=2805"}],"curies":[{"name":"wp","href":"https:\/\/api.w.org\/{rel}","templated":true}]}}