{"id":4001,"date":"2025-09-11T13:29:35","date_gmt":"2025-09-11T13:29:35","guid":{"rendered":"https:\/\/hotelgastro.ch\/convention-collective-de-travail-nationale-cct-n\/"},"modified":"2026-03-06T09:21:25","modified_gmt":"2026-03-06T09:21:25","slug":"convention-collective-de-travail-nationale-cct-n","status":"publish","type":"page","link":"https:\/\/hotelgastro.ch\/fr\/convention-collective-de-travail-nationale-cct-n\/","title":{"rendered":"Convention collective de travail nationale (CCT-N)"},"content":{"rendered":"\n<div class=\"wp-block-columns is-layout-flex wp-container-core-columns-is-layout-28f84493 wp-block-columns-is-layout-flex\">\n<div class=\"wp-block-column is-layout-flow wp-block-column-is-layout-flow\" style=\"flex-basis:66.66%\"><\/div>\n\n\n\n<div class=\"wp-block-column is-layout-flow wp-block-column-is-layout-flow\" style=\"flex-basis:33.33%\"><\/div>\n<\/div>\n\n<div class=\"wp-block-group is-layout-constrained wp-block-group-is-layout-constrained\">\n<div class=\"wp-block-columns is-layout-flex wp-container-core-columns-is-layout-28f84493 wp-block-columns-is-layout-flex\">\n<div class=\"wp-block-column is-vertically-aligned-center is-layout-flow wp-block-column-is-layout-flow\" style=\"flex-basis:66.66%\">\n<h3 class=\"wp-block-heading\">Financement des formations initiales et continues<\/h3>\n<\/div>\n\n\n\n<div class=\"wp-block-column is-layout-flow wp-block-column-is-layout-flow\" style=\"flex-basis:33.33%\"><\/div>\n<\/div>\n\n\n\n<div class=\"wp-block-group is-layout-constrained wp-block-group-is-layout-constrained\">\n<div class=\"wp-block-group is-layout-constrained wp-block-group-is-layout-constrained\">\n<div class=\"wp-block-group is-layout-constrained wp-block-group-is-layout-constrained\">\n<div style=\"height:24px\" aria-hidden=\"true\" class=\"wp-block-spacer\"><\/div>\n\n\n\n<div class=\"wp-block-columns is-layout-flex wp-container-core-columns-is-layout-28f84493 wp-block-columns-is-layout-flex\">\n<div class=\"wp-block-column is-layout-flow wp-block-column-is-layout-flow\" style=\"flex-basis:66.66%\">\n<div class=\"wp-block-group is-content-justification-right is-layout-constrained wp-container-core-group-is-layout-f1f2ed93 wp-block-group-is-layout-constrained\">\n<p>La Convention collective de travail nationale (<a href=\"https:\/\/l-gav.ch\/\" type=\"link\" id=\"https:\/\/l-gav.ch\/\">CCT-N<\/a>) de l&rsquo;h\u00f4tellerie-restauration soutient de mani\u00e8re cibl\u00e9e la formation initiale et continue des collaborateurs et des \u00e9tablissements depuis 2010. Gr\u00e2ce \u00e0 des contributions g\u00e9n\u00e9reuses, de nombreuses offres de formation \u2013 de la formation de base aux \u00e9tudes postdipl\u00f4mes ES en gestion h\u00f4teli\u00e8re \u2013 peuvent \u00eatre suivies en grande partie gratuitement ou \u00e0 des tarifs fortement r\u00e9duits. <\/p>\n\n\n\n<p>Actuellement, environ 30 formations sont subventionn\u00e9es. Selon la formation, des \u00e9conomies de plusieurs centaines \u00e0 plus de 15 000 francs sont possibles. De plus, les employeurs re\u00e7oivent pour de nombreuses formations des contributions de remplacement salarial pouvant atteindre plus de 7 000 francs. La formation continue devient ainsi financi\u00e8rement attractive et facilement planifiable pour les collaborateurs et les \u00e9tablissements.   <\/p>\n<\/div>\n<\/div>\n\n\n\n<div class=\"wp-block-column is-layout-flow wp-block-column-is-layout-flow\" style=\"flex-basis:33.33%\"><\/div>\n<\/div>\n\n\n\n<div style=\"height:26px\" aria-hidden=\"true\" class=\"wp-block-spacer\"><\/div>\n<\/div>\n<\/div>\n\n\n\n<div class=\"wp-block-buttons is-content-justification-left is-layout-flex wp-container-core-buttons-is-layout-fc4fd283 wp-block-buttons-is-layout-flex\">\n<div class=\"wp-block-button\"><a class=\"wp-block-button__link wp-element-button\" href=\"https:\/\/l-gav.ch\/vertrag-aktuell\" target=\"_blank\" rel=\"noreferrer noopener\">L-GAV<\/a><\/div>\n\n\n\n<div class=\"wp-block-button\"><a class=\"wp-block-button__link wp-element-button\" href=\"https:\/\/weiterbildung-inklusive.ch\/\" target=\"_blank\" rel=\"noreferrer noopener\">Formation continue incluse<\/a><\/div>\n<\/div>\n<\/div>\n<\/div>\n\n<p><\/p>\n","protected":false},"excerpt":{"rendered":"<p>Financement des formations initiales et continues La Convention collective de travail nationale (CCT-N) de l&rsquo;h\u00f4tellerie-restauration soutient de mani\u00e8re cibl\u00e9e la formation initiale et continue des collaborateurs et des \u00e9tablissements depuis 2010. Gr\u00e2ce \u00e0 des contributions g\u00e9n\u00e9reuses, de nombreuses offres de formation \u2013 de la formation de base aux \u00e9tudes postdipl\u00f4mes ES en gestion h\u00f4teli\u00e8re \u2013 [&hellip;]<\/p>\n","protected":false},"author":1,"featured_media":0,"parent":0,"menu_order":0,"comment_status":"closed","ping_status":"closed","template":"","meta":{"_acf_changed":false,"footnotes":""},"class_list":["post-4001","page","type-page","status-publish","hentry"],"acf":[],"yoast_head":"<!-- This site is optimized with the Yoast SEO plugin v27.0 - https:\/\/yoast.com\/product\/yoast-seo-wordpress\/ -->\n<title>Convention collective de travail nationale (CCT-N) - Hotel &amp; Gastro formation<\/title>\n<meta name=\"robots\" content=\"index, follow, max-snippet:-1, max-image-preview:large, max-video-preview:-1\" \/>\n<link rel=\"canonical\" href=\"https:\/\/hotelgastro.ch\/fr\/convention-collective-de-travail-nationale-cct-n\/\" \/>\n<meta property=\"og:locale\" content=\"fr_FR\" \/>\n<meta property=\"og:type\" content=\"article\" \/>\n<meta property=\"og:title\" content=\"Convention collective de travail nationale (CCT-N) - Hotel &amp; Gastro formation\" \/>\n<meta property=\"og:description\" content=\"Financement des formations initiales et continues La Convention collective de travail nationale (CCT-N) de l&rsquo;h\u00f4tellerie-restauration soutient de mani\u00e8re cibl\u00e9e la formation initiale et continue des collaborateurs et des \u00e9tablissements depuis 2010. Gr\u00e2ce \u00e0 des contributions g\u00e9n\u00e9reuses, de nombreuses offres de formation \u2013 de la formation de base aux \u00e9tudes postdipl\u00f4mes ES en gestion h\u00f4teli\u00e8re \u2013 [&hellip;]\" \/>\n<meta property=\"og:url\" content=\"https:\/\/hotelgastro.ch\/fr\/convention-collective-de-travail-nationale-cct-n\/\" \/>\n<meta property=\"og:site_name\" content=\"Hotel &amp; Gastro formation\" \/>\n<meta property=\"article:publisher\" content=\"https:\/\/www.facebook.com\/hgfschweiz\" \/>\n<meta property=\"article:modified_time\" content=\"2026-03-06T09:21:25+00:00\" \/>\n<meta name=\"twitter:card\" content=\"summary_large_image\" \/>\n<meta name=\"twitter:label1\" content=\"Dur\u00e9e de lecture estim\u00e9e\" \/>\n\t<meta name=\"twitter:data1\" content=\"1 minute\" \/>\n<script type=\"application\/ld+json\" class=\"yoast-schema-graph\">{\"@context\":\"https:\/\/schema.org\",\"@graph\":[{\"@type\":\"WebPage\",\"@id\":\"https:\/\/hotelgastro.ch\/fr\/convention-collective-de-travail-nationale-cct-n\/\",\"url\":\"https:\/\/hotelgastro.ch\/fr\/convention-collective-de-travail-nationale-cct-n\/\",\"name\":\"Convention collective de travail nationale (CCT-N) - Hotel &amp; Gastro formation\",\"isPartOf\":{\"@id\":\"https:\/\/hotelgastro.ch\/fr\/#website\"},\"datePublished\":\"2025-09-11T13:29:35+00:00\",\"dateModified\":\"2026-03-06T09:21:25+00:00\",\"breadcrumb\":{\"@id\":\"https:\/\/hotelgastro.ch\/fr\/convention-collective-de-travail-nationale-cct-n\/#breadcrumb\"},\"inLanguage\":\"fr-FR\",\"potentialAction\":[{\"@type\":\"ReadAction\",\"target\":[\"https:\/\/hotelgastro.ch\/fr\/convention-collective-de-travail-nationale-cct-n\/\"]}]},{\"@type\":\"BreadcrumbList\",\"@id\":\"https:\/\/hotelgastro.ch\/fr\/convention-collective-de-travail-nationale-cct-n\/#breadcrumb\",\"itemListElement\":[{\"@type\":\"ListItem\",\"position\":1,\"name\":\"Home\",\"item\":\"https:\/\/hotelgastro.ch\/fr\/\"},{\"@type\":\"ListItem\",\"position\":2,\"name\":\"Convention collective de travail nationale (CCT-N)\"}]},{\"@type\":\"WebSite\",\"@id\":\"https:\/\/hotelgastro.ch\/fr\/#website\",\"url\":\"https:\/\/hotelgastro.ch\/fr\/\",\"name\":\"Karriere Hotel Gastro\",\"description\":\"\",\"publisher\":{\"@id\":\"https:\/\/hotelgastro.ch\/fr\/#organization\"},\"potentialAction\":[{\"@type\":\"SearchAction\",\"target\":{\"@type\":\"EntryPoint\",\"urlTemplate\":\"https:\/\/hotelgastro.ch\/fr\/?s={search_term_string}\"},\"query-input\":{\"@type\":\"PropertyValueSpecification\",\"valueRequired\":true,\"valueName\":\"search_term_string\"}}],\"inLanguage\":\"fr-FR\"},{\"@type\":\"Organization\",\"@id\":\"https:\/\/hotelgastro.ch\/fr\/#organization\",\"name\":\"Karriere Hotel Gastro\",\"url\":\"https:\/\/hotelgastro.ch\/fr\/\",\"logo\":{\"@type\":\"ImageObject\",\"inLanguage\":\"fr-FR\",\"@id\":\"https:\/\/hotelgastro.ch\/fr\/#\/schema\/logo\/image\/\",\"url\":\"https:\/\/hotelgastro.ch\/wp-content\/uploads\/2026\/02\/HGf_3Verbandslogo_feb2026_FR.svg\",\"contentUrl\":\"https:\/\/hotelgastro.ch\/wp-content\/uploads\/2026\/02\/HGf_3Verbandslogo_feb2026_FR.svg\",\"width\":377,\"height\":61,\"caption\":\"Karriere Hotel Gastro\"},\"image\":{\"@id\":\"https:\/\/hotelgastro.ch\/fr\/#\/schema\/logo\/image\/\"},\"sameAs\":[\"https:\/\/www.facebook.com\/hgfschweiz\",\"https:\/\/www.linkedin.com\/company\/hotelgastroformationschweiz\/posts\/?feedView=all\"]}]}<\/script>\n<!-- \/ Yoast SEO plugin. -->","yoast_head_json":{"title":"Convention collective de travail nationale (CCT-N) - Hotel &amp; Gastro formation","robots":{"index":"index","follow":"follow","max-snippet":"max-snippet:-1","max-image-preview":"max-image-preview:large","max-video-preview":"max-video-preview:-1"},"canonical":"https:\/\/hotelgastro.ch\/fr\/convention-collective-de-travail-nationale-cct-n\/","og_locale":"fr_FR","og_type":"article","og_title":"Convention collective de travail nationale (CCT-N) - Hotel &amp; Gastro formation","og_description":"Financement des formations initiales et continues La Convention collective de travail nationale (CCT-N) de l&rsquo;h\u00f4tellerie-restauration soutient de mani\u00e8re cibl\u00e9e la formation initiale et continue des collaborateurs et des \u00e9tablissements depuis 2010. Gr\u00e2ce \u00e0 des contributions g\u00e9n\u00e9reuses, de nombreuses offres de formation \u2013 de la formation de base aux \u00e9tudes postdipl\u00f4mes ES en gestion h\u00f4teli\u00e8re \u2013 [&hellip;]","og_url":"https:\/\/hotelgastro.ch\/fr\/convention-collective-de-travail-nationale-cct-n\/","og_site_name":"Hotel &amp; Gastro formation","article_publisher":"https:\/\/www.facebook.com\/hgfschweiz","article_modified_time":"2026-03-06T09:21:25+00:00","twitter_card":"summary_large_image","twitter_misc":{"Dur\u00e9e de lecture estim\u00e9e":"1 minute"},"schema":{"@context":"https:\/\/schema.org","@graph":[{"@type":"WebPage","@id":"https:\/\/hotelgastro.ch\/fr\/convention-collective-de-travail-nationale-cct-n\/","url":"https:\/\/hotelgastro.ch\/fr\/convention-collective-de-travail-nationale-cct-n\/","name":"Convention collective de travail nationale (CCT-N) - Hotel &amp; Gastro formation","isPartOf":{"@id":"https:\/\/hotelgastro.ch\/fr\/#website"},"datePublished":"2025-09-11T13:29:35+00:00","dateModified":"2026-03-06T09:21:25+00:00","breadcrumb":{"@id":"https:\/\/hotelgastro.ch\/fr\/convention-collective-de-travail-nationale-cct-n\/#breadcrumb"},"inLanguage":"fr-FR","potentialAction":[{"@type":"ReadAction","target":["https:\/\/hotelgastro.ch\/fr\/convention-collective-de-travail-nationale-cct-n\/"]}]},{"@type":"BreadcrumbList","@id":"https:\/\/hotelgastro.ch\/fr\/convention-collective-de-travail-nationale-cct-n\/#breadcrumb","itemListElement":[{"@type":"ListItem","position":1,"name":"Home","item":"https:\/\/hotelgastro.ch\/fr\/"},{"@type":"ListItem","position":2,"name":"Convention collective de travail nationale (CCT-N)"}]},{"@type":"WebSite","@id":"https:\/\/hotelgastro.ch\/fr\/#website","url":"https:\/\/hotelgastro.ch\/fr\/","name":"Karriere Hotel Gastro","description":"","publisher":{"@id":"https:\/\/hotelgastro.ch\/fr\/#organization"},"potentialAction":[{"@type":"SearchAction","target":{"@type":"EntryPoint","urlTemplate":"https:\/\/hotelgastro.ch\/fr\/?s={search_term_string}"},"query-input":{"@type":"PropertyValueSpecification","valueRequired":true,"valueName":"search_term_string"}}],"inLanguage":"fr-FR"},{"@type":"Organization","@id":"https:\/\/hotelgastro.ch\/fr\/#organization","name":"Karriere Hotel Gastro","url":"https:\/\/hotelgastro.ch\/fr\/","logo":{"@type":"ImageObject","inLanguage":"fr-FR","@id":"https:\/\/hotelgastro.ch\/fr\/#\/schema\/logo\/image\/","url":"https:\/\/hotelgastro.ch\/wp-content\/uploads\/2026\/02\/HGf_3Verbandslogo_feb2026_FR.svg","contentUrl":"https:\/\/hotelgastro.ch\/wp-content\/uploads\/2026\/02\/HGf_3Verbandslogo_feb2026_FR.svg","width":377,"height":61,"caption":"Karriere Hotel Gastro"},"image":{"@id":"https:\/\/hotelgastro.ch\/fr\/#\/schema\/logo\/image\/"},"sameAs":["https:\/\/www.facebook.com\/hgfschweiz","https:\/\/www.linkedin.com\/company\/hotelgastroformationschweiz\/posts\/?feedView=all"]}]}},"_links":{"self":[{"href":"https:\/\/hotelgastro.ch\/fr\/wp-json\/wp\/v2\/pages\/4001","targetHints":{"allow":["GET"]}}],"collection":[{"href":"https:\/\/hotelgastro.ch\/fr\/wp-json\/wp\/v2\/pages"}],"about":[{"href":"https:\/\/hotelgastro.ch\/fr\/wp-json\/wp\/v2\/types\/page"}],"author":[{"embeddable":true,"href":"https:\/\/hotelgastro.ch\/fr\/wp-json\/wp\/v2\/users\/1"}],"replies":[{"embeddable":true,"href":"https:\/\/hotelgastro.ch\/fr\/wp-json\/wp\/v2\/comments?post=4001"}],"version-history":[{"count":1,"href":"https:\/\/hotelgastro.ch\/fr\/wp-json\/wp\/v2\/pages\/4001\/revisions"}],"predecessor-version":[{"id":4002,"href":"https:\/\/hotelgastro.ch\/fr\/wp-json\/wp\/v2\/pages\/4001\/revisions\/4002"}],"wp:attachment":[{"href":"https:\/\/hotelgastro.ch\/fr\/wp-json\/wp\/v2\/media?parent=4001"}],"curies":[{"name":"wp","href":"https:\/\/api.w.org\/{rel}","templated":true}]}}