{"id":4031,"date":"2025-09-11T13:30:14","date_gmt":"2025-09-11T13:30:14","guid":{"rendered":"https:\/\/hotelgastro.ch\/centre-de-formation-de-weggis\/"},"modified":"2026-03-06T09:25:34","modified_gmt":"2026-03-06T09:25:34","slug":"centre-de-formation-de-weggis","status":"publish","type":"page","link":"https:\/\/hotelgastro.ch\/fr\/a-propos-de-nous\/formation-hotelgastro\/centre-de-formation-de-weggis\/","title":{"rendered":"Centre de formation de Weggis"},"content":{"rendered":"\n<div class=\"wp-block-cover is-light wp-duotone-unset-1\"><img loading=\"lazy\" decoding=\"async\" width=\"2560\" height=\"1440\" class=\"wp-block-cover__image-background wp-image-5546 size-full\" alt=\"\" src=\"https:\/\/hotelgastro.ch\/wp-content\/uploads\/2026\/02\/IMG_E3867-scaled.jpg\" style=\"object-position:27% 51%\" data-object-fit=\"cover\" data-object-position=\"27% 51%\" srcset=\"https:\/\/hotelgastro.ch\/wp-content\/uploads\/2026\/02\/IMG_E3867-scaled.jpg 2560w, https:\/\/hotelgastro.ch\/wp-content\/uploads\/2026\/02\/IMG_E3867-300x169.jpg 300w, https:\/\/hotelgastro.ch\/wp-content\/uploads\/2026\/02\/IMG_E3867-1024x576.jpg 1024w, https:\/\/hotelgastro.ch\/wp-content\/uploads\/2026\/02\/IMG_E3867-768x432.jpg 768w, https:\/\/hotelgastro.ch\/wp-content\/uploads\/2026\/02\/IMG_E3867-1536x864.jpg 1536w, https:\/\/hotelgastro.ch\/wp-content\/uploads\/2026\/02\/IMG_E3867-2048x1152.jpg 2048w\" sizes=\"auto, (max-width: 2560px) 100vw, 2560px\" \/><span aria-hidden=\"true\" class=\"wp-block-cover__background has-background-dim-0 has-background-dim\"><\/span><div class=\"wp-block-cover__inner-container is-layout-constrained wp-block-cover-is-layout-constrained\">\n<h1 class=\"wp-block-heading alignwide\" style=\"font-size:56px;font-style:normal;font-weight:700\"><mark style=\"background-color:rgba(0, 0, 0, 0)\" class=\"has-inline-color has-background-color\">Centre de formation de Weggis<\/mark><\/h1>\n<\/div><\/div>\n\n<div class=\"wp-block-group is-layout-constrained wp-block-group-is-layout-constrained\">\n<div style=\"height:48px\" aria-hidden=\"true\" class=\"wp-block-spacer\"><\/div>\n\n\n\n<h3 class=\"wp-block-heading\"><strong>Formation, conf\u00e9rences et plaisir \u00e0 Weggis<\/strong><\/h3>\n\n\n\n<p><br\/>En tant que centre de formation de Hotel &amp; Gastro formation Suisse, le BZW Weggis est un lieu o\u00f9 les id\u00e9es trouvent leur place et o\u00f9 tes \u00e9v\u00e9nements d\u00e9ploient tout leur effet. Une infrastructure bien pens\u00e9e rencontre une v\u00e9ritable hospitalit\u00e9 \u2013 clairement organis\u00e9e, mise en \u0153uvre efficacement et avec le souci du d\u00e9tail. <\/p>\n\n\n\n<p>Qu\u2019il s\u2019agisse d\u2019un travail concentr\u00e9, d\u2019une retraite reposante apr\u00e8s une journ\u00e9e intense ou de moments de plaisir : au centre de formation de Weggis, les locaux, l\u2019atmosph\u00e8re et le service s\u2019imbriquent parfaitement. C\u2019est ainsi que na\u00eet un environnement qui porte tes \u00e9v\u00e9nements et inspire durablement les participants. <\/p>\n\n\n\n<p>Tu trouveras dans les sections suivantes des informations d\u00e9taill\u00e9es sur la taille des locaux, l\u2019\u00e9quipement, les offres de restauration et d\u2019autres prestations.<\/p>\n\n\n\n<div class=\"wp-block-columns is-layout-flex wp-container-core-columns-is-layout-28f84493 wp-block-columns-is-layout-flex\">\n<div class=\"wp-block-column is-layout-flow wp-block-column-is-layout-flow\"><div class=\"hgf-single-verweis-card wp-block-hgf-single-verweis-card\">\n\t\t\t<a\n\t\t\thref=\"https:\/\/hotelgastro.ch\/fr\/a-propos-de-nous\/formation-hotelgastro\/centre-de-formation-de-weggis\/des-salles-de-formation-et-de-conference-modulables-pour-des-contenus-percutants\/\"\n\t\t\tclass=\"hgf-single-verweis-card__item\"\n\t\t\t\t\t>\n\t\t\t\t\t\t\t<img\n\t\t\t\t\tclass=\"hgf-single-verweis-card__image\"\n\t\t\t\t\tsrc=\"https:\/\/hotelgastro.ch\/wp-content\/uploads\/2026\/02\/DSC3038-scaled.jpg\"\n\t\t\t\t\talt=\"\"\n\t\t\t\t\tloading=\"lazy\"\n\t\t\t\t\/>\n\t\t\t\n\t\t\t<div class=\"hgf-single-verweis-card__label\">\n\t\t\t\t\t\t\t\t<span class=\"hgf-single-verweis-card__name\">\n\t\t\t\t\tSalles de formation &amp; de conf\u00e9rence\t\t\t\t<\/span>\n\t\t\t<\/div>\n\t\t<\/a>\n\t<\/div>\n<\/div>\n\n\n\n<div class=\"wp-block-column is-layout-flow wp-block-column-is-layout-flow\"><div class=\"hgf-single-verweis-card wp-block-hgf-single-verweis-card\">\n\t\t\t<a\n\t\t\thref=\"https:\/\/hotelgastro.ch\/fr\/a-propos-de-nous\/formation-hotelgastro\/centre-de-formation-de-weggis\/passer-la-nuit\/\"\n\t\t\tclass=\"hgf-single-verweis-card__item\"\n\t\t\t\t\t>\n\t\t\t\t\t\t\t<img\n\t\t\t\t\tclass=\"hgf-single-verweis-card__image\"\n\t\t\t\t\tsrc=\"https:\/\/hotelgastro.ch\/wp-content\/uploads\/2026\/02\/IMG_0060-scaled.jpg\"\n\t\t\t\t\talt=\"\"\n\t\t\t\t\tloading=\"lazy\"\n\t\t\t\t\/>\n\t\t\t\n\t\t\t<div class=\"hgf-single-verweis-card__label\">\n\t\t\t\t\t\t\t\t<span class=\"hgf-single-verweis-card__name\">\n\t\t\t\t\tH\u00e9bergement\t\t\t\t<\/span>\n\t\t\t<\/div>\n\t\t<\/a>\n\t<\/div>\n<\/div>\n<\/div>\n\n\n\n<div class=\"wp-block-columns is-layout-flex wp-container-core-columns-is-layout-28f84493 wp-block-columns-is-layout-flex\">\n<div class=\"wp-block-column is-layout-flow wp-block-column-is-layout-flow\"><div class=\"hgf-single-verweis-card wp-block-hgf-single-verweis-card\">\n\t\t\t<a\n\t\t\thref=\"https:\/\/hotelgastro.ch\/fr\/a-propos-de-nous\/formation-hotelgastro\/centre-de-formation-de-weggis\/culinaire\/\"\n\t\t\tclass=\"hgf-single-verweis-card__item\"\n\t\t\t\t\t>\n\t\t\t\t\t\t\t<img\n\t\t\t\t\tclass=\"hgf-single-verweis-card__image\"\n\t\t\t\t\tsrc=\"https:\/\/hotelgastro.ch\/wp-content\/uploads\/2026\/02\/DSC3212-scaled.jpg\"\n\t\t\t\t\talt=\"\"\n\t\t\t\t\tloading=\"lazy\"\n\t\t\t\t\/>\n\t\t\t\n\t\t\t<div class=\"hgf-single-verweis-card__label\">\n\t\t\t\t\t\t\t\t<span class=\"hgf-single-verweis-card__name\">\n\t\t\t\t\tGastronomie\t\t\t\t<\/span>\n\t\t\t<\/div>\n\t\t<\/a>\n\t<\/div>\n<\/div>\n\n\n\n<div class=\"wp-block-column is-layout-flow wp-block-column-is-layout-flow\"><div class=\"hgf-single-verweis-card wp-block-hgf-single-verweis-card\">\n\t\t\t<a\n\t\t\thref=\"https:\/\/hotelgastro.ch\/fr\/a-propos-de-nous\/formation-hotelgastro\/centre-de-formation-de-weggis\/prix\/\"\n\t\t\tclass=\"hgf-single-verweis-card__item\"\n\t\t\t\t\t>\n\t\t\t\t\t\t\t<img\n\t\t\t\t\tclass=\"hgf-single-verweis-card__image\"\n\t\t\t\t\tsrc=\"https:\/\/hotelgastro.ch\/wp-content\/uploads\/2026\/02\/IMG_0581-scaled.jpg\"\n\t\t\t\t\talt=\"\"\n\t\t\t\t\tloading=\"lazy\"\n\t\t\t\t\/>\n\t\t\t\n\t\t\t<div class=\"hgf-single-verweis-card__label\">\n\t\t\t\t\t\t\t\t<span class=\"hgf-single-verweis-card__name\">\n\t\t\t\t\tPrix\t\t\t\t<\/span>\n\t\t\t<\/div>\n\t\t<\/a>\n\t<\/div>\n<\/div>\n<\/div>\n\n\n\n<div class=\"wp-block-columns is-layout-flex wp-container-core-columns-is-layout-28f84493 wp-block-columns-is-layout-flex\">\n<div class=\"wp-block-column is-layout-flow wp-block-column-is-layout-flow\"><\/div>\n\n\n\n<div class=\"wp-block-column is-layout-flow wp-block-column-is-layout-flow\"><\/div>\n\n\n\n<div class=\"wp-block-column is-layout-flow wp-block-column-is-layout-flow\"><\/div>\n<\/div>\n\n\n\n<div class=\"wp-block-columns is-layout-flex wp-container-core-columns-is-layout-28f84493 wp-block-columns-is-layout-flex\">\n<div class=\"wp-block-column is-layout-flow wp-block-column-is-layout-flow\"><\/div>\n\n\n\n<div class=\"wp-block-column is-layout-flow wp-block-column-is-layout-flow\"><\/div>\n<\/div>\n<\/div>\n\n<div class=\"wp-block-group is-layout-constrained wp-block-group-is-layout-constrained\">\n<div class=\"wp-block-columns is-layout-flex wp-container-core-columns-is-layout-28f84493 wp-block-columns-is-layout-flex\">\n<div class=\"wp-block-column is-layout-flow wp-block-column-is-layout-flow\" style=\"flex-basis:66%\">\n<div style=\"height:48px\" aria-hidden=\"true\" class=\"wp-block-spacer\"><\/div>\n<\/div>\n\n\n\n<div class=\"wp-block-column is-layout-flow wp-block-column-is-layout-flow\" style=\"flex-basis:33%\"><\/div>\n<\/div>\n<\/div>\n\n<p><\/p>\n","protected":false},"excerpt":{"rendered":"<p>Formation, conf\u00e9rences et plaisir \u00e0 Weggis En tant que centre de formation de Hotel &amp; Gastro formation Suisse, le BZW Weggis est un lieu o\u00f9 les id\u00e9es trouvent leur place et o\u00f9 tes \u00e9v\u00e9nements d\u00e9ploient tout leur effet. Une infrastructure bien pens\u00e9e rencontre une v\u00e9ritable hospitalit\u00e9 \u2013 clairement organis\u00e9e, mise en \u0153uvre efficacement et avec [&hellip;]<\/p>\n","protected":false},"author":1,"featured_media":0,"parent":4064,"menu_order":0,"comment_status":"closed","ping_status":"closed","template":"hotel-gastro-formation","meta":{"_acf_changed":false,"footnotes":""},"class_list":["post-4031","page","type-page","status-publish","hentry"],"acf":[],"yoast_head":"<!-- This site is optimized with the Yoast SEO plugin v27.0 - https:\/\/yoast.com\/product\/yoast-seo-wordpress\/ -->\n<title>Centre de formation de Weggis - Hotel &amp; Gastro formation<\/title>\n<meta name=\"robots\" content=\"index, follow, max-snippet:-1, max-image-preview:large, max-video-preview:-1\" \/>\n<link rel=\"canonical\" href=\"https:\/\/hotelgastro.ch\/fr\/a-propos-de-nous\/formation-hotelgastro\/centre-de-formation-de-weggis\/\" \/>\n<meta property=\"og:locale\" content=\"fr_FR\" \/>\n<meta property=\"og:type\" content=\"article\" \/>\n<meta property=\"og:title\" content=\"Centre de formation de Weggis - Hotel &amp; Gastro formation\" \/>\n<meta property=\"og:description\" content=\"Formation, conf\u00e9rences et plaisir \u00e0 Weggis En tant que centre de formation de Hotel &amp; Gastro formation Suisse, le BZW Weggis est un lieu o\u00f9 les id\u00e9es trouvent leur place et o\u00f9 tes \u00e9v\u00e9nements d\u00e9ploient tout leur effet. Une infrastructure bien pens\u00e9e rencontre une v\u00e9ritable hospitalit\u00e9 \u2013 clairement organis\u00e9e, mise en \u0153uvre efficacement et avec [&hellip;]\" \/>\n<meta property=\"og:url\" content=\"https:\/\/hotelgastro.ch\/fr\/a-propos-de-nous\/formation-hotelgastro\/centre-de-formation-de-weggis\/\" \/>\n<meta property=\"og:site_name\" content=\"Hotel &amp; Gastro formation\" \/>\n<meta property=\"article:publisher\" content=\"https:\/\/www.facebook.com\/hgfschweiz\" \/>\n<meta property=\"article:modified_time\" content=\"2026-03-06T09:25:34+00:00\" \/>\n<meta property=\"og:image\" content=\"https:\/\/hotelgastro.ch\/wp-content\/uploads\/2026\/02\/IMG_E3867-scaled.jpg\" \/>\n\t<meta property=\"og:image:width\" content=\"2560\" \/>\n\t<meta property=\"og:image:height\" content=\"1440\" \/>\n\t<meta property=\"og:image:type\" content=\"image\/jpeg\" \/>\n<meta name=\"twitter:card\" content=\"summary_large_image\" \/>\n<meta name=\"twitter:label1\" content=\"Dur\u00e9e de lecture estim\u00e9e\" \/>\n\t<meta name=\"twitter:data1\" content=\"1 minute\" \/>\n<script type=\"application\/ld+json\" class=\"yoast-schema-graph\">{\"@context\":\"https:\/\/schema.org\",\"@graph\":[{\"@type\":\"WebPage\",\"@id\":\"https:\/\/hotelgastro.ch\/fr\/a-propos-de-nous\/formation-hotelgastro\/centre-de-formation-de-weggis\/\",\"url\":\"https:\/\/hotelgastro.ch\/fr\/a-propos-de-nous\/formation-hotelgastro\/centre-de-formation-de-weggis\/\",\"name\":\"Centre de formation de Weggis - Hotel &amp; Gastro formation\",\"isPartOf\":{\"@id\":\"https:\/\/hotelgastro.ch\/fr\/#website\"},\"primaryImageOfPage\":{\"@id\":\"https:\/\/hotelgastro.ch\/fr\/a-propos-de-nous\/formation-hotelgastro\/centre-de-formation-de-weggis\/#primaryimage\"},\"image\":{\"@id\":\"https:\/\/hotelgastro.ch\/fr\/a-propos-de-nous\/formation-hotelgastro\/centre-de-formation-de-weggis\/#primaryimage\"},\"thumbnailUrl\":\"https:\/\/hotelgastro.ch\/wp-content\/uploads\/2026\/02\/IMG_E3867-scaled.jpg\",\"datePublished\":\"2025-09-11T13:30:14+00:00\",\"dateModified\":\"2026-03-06T09:25:34+00:00\",\"breadcrumb\":{\"@id\":\"https:\/\/hotelgastro.ch\/fr\/a-propos-de-nous\/formation-hotelgastro\/centre-de-formation-de-weggis\/#breadcrumb\"},\"inLanguage\":\"fr-FR\",\"potentialAction\":[{\"@type\":\"ReadAction\",\"target\":[\"https:\/\/hotelgastro.ch\/fr\/a-propos-de-nous\/formation-hotelgastro\/centre-de-formation-de-weggis\/\"]}]},{\"@type\":\"ImageObject\",\"inLanguage\":\"fr-FR\",\"@id\":\"https:\/\/hotelgastro.ch\/fr\/a-propos-de-nous\/formation-hotelgastro\/centre-de-formation-de-weggis\/#primaryimage\",\"url\":\"https:\/\/hotelgastro.ch\/wp-content\/uploads\/2026\/02\/IMG_E3867-scaled.jpg\",\"contentUrl\":\"https:\/\/hotelgastro.ch\/wp-content\/uploads\/2026\/02\/IMG_E3867-scaled.jpg\"},{\"@type\":\"BreadcrumbList\",\"@id\":\"https:\/\/hotelgastro.ch\/fr\/a-propos-de-nous\/formation-hotelgastro\/centre-de-formation-de-weggis\/#breadcrumb\",\"itemListElement\":[{\"@type\":\"ListItem\",\"position\":1,\"name\":\"Home\",\"item\":\"https:\/\/hotelgastro.ch\/fr\/\"},{\"@type\":\"ListItem\",\"position\":2,\"name\":\"\u00c0 propos de nous\",\"item\":\"https:\/\/hotelgastro.ch\/fr\/ueber-uns\/\"},{\"@type\":\"ListItem\",\"position\":3,\"name\":\"Formation h\u00f4tel&amp;gastro\",\"item\":\"https:\/\/hotelgastro.ch\/fr\/ueber-uns\/hotelgastro-formation\/\"},{\"@type\":\"ListItem\",\"position\":4,\"name\":\"Centre de formation de Weggis\"}]},{\"@type\":\"WebSite\",\"@id\":\"https:\/\/hotelgastro.ch\/fr\/#website\",\"url\":\"https:\/\/hotelgastro.ch\/fr\/\",\"name\":\"Karriere Hotel Gastro\",\"description\":\"\",\"publisher\":{\"@id\":\"https:\/\/hotelgastro.ch\/fr\/#organization\"},\"potentialAction\":[{\"@type\":\"SearchAction\",\"target\":{\"@type\":\"EntryPoint\",\"urlTemplate\":\"https:\/\/hotelgastro.ch\/fr\/?s={search_term_string}\"},\"query-input\":{\"@type\":\"PropertyValueSpecification\",\"valueRequired\":true,\"valueName\":\"search_term_string\"}}],\"inLanguage\":\"fr-FR\"},{\"@type\":\"Organization\",\"@id\":\"https:\/\/hotelgastro.ch\/fr\/#organization\",\"name\":\"Karriere Hotel Gastro\",\"url\":\"https:\/\/hotelgastro.ch\/fr\/\",\"logo\":{\"@type\":\"ImageObject\",\"inLanguage\":\"fr-FR\",\"@id\":\"https:\/\/hotelgastro.ch\/fr\/#\/schema\/logo\/image\/\",\"url\":\"https:\/\/hotelgastro.ch\/wp-content\/uploads\/2026\/02\/HGf_3Verbandslogo_feb2026_FR.svg\",\"contentUrl\":\"https:\/\/hotelgastro.ch\/wp-content\/uploads\/2026\/02\/HGf_3Verbandslogo_feb2026_FR.svg\",\"width\":377,\"height\":61,\"caption\":\"Karriere Hotel Gastro\"},\"image\":{\"@id\":\"https:\/\/hotelgastro.ch\/fr\/#\/schema\/logo\/image\/\"},\"sameAs\":[\"https:\/\/www.facebook.com\/hgfschweiz\",\"https:\/\/www.linkedin.com\/company\/hotelgastroformationschweiz\/posts\/?feedView=all\"]}]}<\/script>\n<!-- \/ Yoast SEO plugin. -->","yoast_head_json":{"title":"Centre de formation de Weggis - Hotel &amp; Gastro formation","robots":{"index":"index","follow":"follow","max-snippet":"max-snippet:-1","max-image-preview":"max-image-preview:large","max-video-preview":"max-video-preview:-1"},"canonical":"https:\/\/hotelgastro.ch\/fr\/a-propos-de-nous\/formation-hotelgastro\/centre-de-formation-de-weggis\/","og_locale":"fr_FR","og_type":"article","og_title":"Centre de formation de Weggis - Hotel &amp; Gastro formation","og_description":"Formation, conf\u00e9rences et plaisir \u00e0 Weggis En tant que centre de formation de Hotel &amp; Gastro formation Suisse, le BZW Weggis est un lieu o\u00f9 les id\u00e9es trouvent leur place et o\u00f9 tes \u00e9v\u00e9nements d\u00e9ploient tout leur effet. Une infrastructure bien pens\u00e9e rencontre une v\u00e9ritable hospitalit\u00e9 \u2013 clairement organis\u00e9e, mise en \u0153uvre efficacement et avec [&hellip;]","og_url":"https:\/\/hotelgastro.ch\/fr\/a-propos-de-nous\/formation-hotelgastro\/centre-de-formation-de-weggis\/","og_site_name":"Hotel &amp; Gastro formation","article_publisher":"https:\/\/www.facebook.com\/hgfschweiz","article_modified_time":"2026-03-06T09:25:34+00:00","og_image":[{"width":2560,"height":1440,"url":"https:\/\/hotelgastro.ch\/wp-content\/uploads\/2026\/02\/IMG_E3867-scaled.jpg","type":"image\/jpeg"}],"twitter_card":"summary_large_image","twitter_misc":{"Dur\u00e9e de lecture estim\u00e9e":"1 minute"},"schema":{"@context":"https:\/\/schema.org","@graph":[{"@type":"WebPage","@id":"https:\/\/hotelgastro.ch\/fr\/a-propos-de-nous\/formation-hotelgastro\/centre-de-formation-de-weggis\/","url":"https:\/\/hotelgastro.ch\/fr\/a-propos-de-nous\/formation-hotelgastro\/centre-de-formation-de-weggis\/","name":"Centre de formation de Weggis - Hotel &amp; Gastro formation","isPartOf":{"@id":"https:\/\/hotelgastro.ch\/fr\/#website"},"primaryImageOfPage":{"@id":"https:\/\/hotelgastro.ch\/fr\/a-propos-de-nous\/formation-hotelgastro\/centre-de-formation-de-weggis\/#primaryimage"},"image":{"@id":"https:\/\/hotelgastro.ch\/fr\/a-propos-de-nous\/formation-hotelgastro\/centre-de-formation-de-weggis\/#primaryimage"},"thumbnailUrl":"https:\/\/hotelgastro.ch\/wp-content\/uploads\/2026\/02\/IMG_E3867-scaled.jpg","datePublished":"2025-09-11T13:30:14+00:00","dateModified":"2026-03-06T09:25:34+00:00","breadcrumb":{"@id":"https:\/\/hotelgastro.ch\/fr\/a-propos-de-nous\/formation-hotelgastro\/centre-de-formation-de-weggis\/#breadcrumb"},"inLanguage":"fr-FR","potentialAction":[{"@type":"ReadAction","target":["https:\/\/hotelgastro.ch\/fr\/a-propos-de-nous\/formation-hotelgastro\/centre-de-formation-de-weggis\/"]}]},{"@type":"ImageObject","inLanguage":"fr-FR","@id":"https:\/\/hotelgastro.ch\/fr\/a-propos-de-nous\/formation-hotelgastro\/centre-de-formation-de-weggis\/#primaryimage","url":"https:\/\/hotelgastro.ch\/wp-content\/uploads\/2026\/02\/IMG_E3867-scaled.jpg","contentUrl":"https:\/\/hotelgastro.ch\/wp-content\/uploads\/2026\/02\/IMG_E3867-scaled.jpg"},{"@type":"BreadcrumbList","@id":"https:\/\/hotelgastro.ch\/fr\/a-propos-de-nous\/formation-hotelgastro\/centre-de-formation-de-weggis\/#breadcrumb","itemListElement":[{"@type":"ListItem","position":1,"name":"Home","item":"https:\/\/hotelgastro.ch\/fr\/"},{"@type":"ListItem","position":2,"name":"\u00c0 propos de nous","item":"https:\/\/hotelgastro.ch\/fr\/ueber-uns\/"},{"@type":"ListItem","position":3,"name":"Formation h\u00f4tel&amp;gastro","item":"https:\/\/hotelgastro.ch\/fr\/ueber-uns\/hotelgastro-formation\/"},{"@type":"ListItem","position":4,"name":"Centre de formation de Weggis"}]},{"@type":"WebSite","@id":"https:\/\/hotelgastro.ch\/fr\/#website","url":"https:\/\/hotelgastro.ch\/fr\/","name":"Karriere Hotel Gastro","description":"","publisher":{"@id":"https:\/\/hotelgastro.ch\/fr\/#organization"},"potentialAction":[{"@type":"SearchAction","target":{"@type":"EntryPoint","urlTemplate":"https:\/\/hotelgastro.ch\/fr\/?s={search_term_string}"},"query-input":{"@type":"PropertyValueSpecification","valueRequired":true,"valueName":"search_term_string"}}],"inLanguage":"fr-FR"},{"@type":"Organization","@id":"https:\/\/hotelgastro.ch\/fr\/#organization","name":"Karriere Hotel Gastro","url":"https:\/\/hotelgastro.ch\/fr\/","logo":{"@type":"ImageObject","inLanguage":"fr-FR","@id":"https:\/\/hotelgastro.ch\/fr\/#\/schema\/logo\/image\/","url":"https:\/\/hotelgastro.ch\/wp-content\/uploads\/2026\/02\/HGf_3Verbandslogo_feb2026_FR.svg","contentUrl":"https:\/\/hotelgastro.ch\/wp-content\/uploads\/2026\/02\/HGf_3Verbandslogo_feb2026_FR.svg","width":377,"height":61,"caption":"Karriere Hotel Gastro"},"image":{"@id":"https:\/\/hotelgastro.ch\/fr\/#\/schema\/logo\/image\/"},"sameAs":["https:\/\/www.facebook.com\/hgfschweiz","https:\/\/www.linkedin.com\/company\/hotelgastroformationschweiz\/posts\/?feedView=all"]}]}},"_links":{"self":[{"href":"https:\/\/hotelgastro.ch\/fr\/wp-json\/wp\/v2\/pages\/4031","targetHints":{"allow":["GET"]}}],"collection":[{"href":"https:\/\/hotelgastro.ch\/fr\/wp-json\/wp\/v2\/pages"}],"about":[{"href":"https:\/\/hotelgastro.ch\/fr\/wp-json\/wp\/v2\/types\/page"}],"author":[{"embeddable":true,"href":"https:\/\/hotelgastro.ch\/fr\/wp-json\/wp\/v2\/users\/1"}],"replies":[{"embeddable":true,"href":"https:\/\/hotelgastro.ch\/fr\/wp-json\/wp\/v2\/comments?post=4031"}],"version-history":[{"count":17,"href":"https:\/\/hotelgastro.ch\/fr\/wp-json\/wp\/v2\/pages\/4031\/revisions"}],"predecessor-version":[{"id":6317,"href":"https:\/\/hotelgastro.ch\/fr\/wp-json\/wp\/v2\/pages\/4031\/revisions\/6317"}],"up":[{"embeddable":true,"href":"https:\/\/hotelgastro.ch\/fr\/wp-json\/wp\/v2\/pages\/4064"}],"wp:attachment":[{"href":"https:\/\/hotelgastro.ch\/fr\/wp-json\/wp\/v2\/media?parent=4031"}],"curies":[{"name":"wp","href":"https:\/\/api.w.org\/{rel}","templated":true}]}}