{"id":4038,"date":"2025-09-11T13:28:59","date_gmt":"2025-09-11T13:28:59","guid":{"rendered":"https:\/\/hotelgastro.ch\/qui-nous-sommes\/"},"modified":"2026-03-06T09:23:08","modified_gmt":"2026-03-06T09:23:08","slug":"qui-nous-sommes","status":"publish","type":"page","link":"https:\/\/hotelgastro.ch\/fr\/a-propos-de-nous\/formation-hotelgastro\/qui-nous-sommes\/","title":{"rendered":"Qui nous sommes"},"content":{"rendered":"\n<div class=\"wp-block-cover alignfull is-light wp-duotone-unset-1\"><img loading=\"lazy\" decoding=\"async\" width=\"2560\" height=\"1707\" class=\"wp-block-cover__image-background wp-image-2408 size-full\" alt=\"\" src=\"https:\/\/hotelgastro.ch\/wp-content\/uploads\/2026\/02\/251201-HGF-Jahrestagung-40-scaled.jpg\" data-object-fit=\"cover\" srcset=\"https:\/\/hotelgastro.ch\/wp-content\/uploads\/2026\/02\/251201-HGF-Jahrestagung-40-scaled.jpg 2560w, https:\/\/hotelgastro.ch\/wp-content\/uploads\/2026\/02\/251201-HGF-Jahrestagung-40-300x200.jpg 300w, https:\/\/hotelgastro.ch\/wp-content\/uploads\/2026\/02\/251201-HGF-Jahrestagung-40-1024x683.jpg 1024w, https:\/\/hotelgastro.ch\/wp-content\/uploads\/2026\/02\/251201-HGF-Jahrestagung-40-768x512.jpg 768w, https:\/\/hotelgastro.ch\/wp-content\/uploads\/2026\/02\/251201-HGF-Jahrestagung-40-1536x1024.jpg 1536w, https:\/\/hotelgastro.ch\/wp-content\/uploads\/2026\/02\/251201-HGF-Jahrestagung-40-2048x1365.jpg 2048w\" sizes=\"auto, (max-width: 2560px) 100vw, 2560px\" \/><span aria-hidden=\"true\" class=\"wp-block-cover__background has-background-dim-0 has-background-dim\"><\/span><div class=\"wp-block-cover__inner-container is-layout-constrained wp-block-cover-is-layout-constrained\">\n<h1 class=\"wp-block-heading alignwide has-text-align-left\" style=\"font-size:56px;font-style:normal;font-weight:700\"><mark style=\"background-color:rgba(0, 0, 0, 0)\" class=\"has-inline-color has-background-color\">Portrait Hotel &amp; Gastro formation Schweiz<\/mark><\/h1>\n<\/div><\/div>\n\n<div style=\"height:48px\" aria-hidden=\"true\" class=\"wp-block-spacer\"><\/div>\n\n<div class=\"wp-block-group alignwide is-layout-constrained wp-block-group-is-layout-constrained\">\n<div class=\"wp-block-group alignwide is-layout-constrained wp-block-group-is-layout-constrained\">\n<div class=\"wp-block-group alignwide is-layout-constrained wp-block-group-is-layout-constrained\">\n<div class=\"wp-block-group alignwide is-layout-constrained wp-block-group-is-layout-constrained\">\n<div class=\"wp-block-columns alignwide is-layout-flex wp-container-core-columns-is-layout-28f84493 wp-block-columns-is-layout-flex\">\n<div class=\"wp-block-column is-layout-flow wp-block-column-is-layout-flow\" style=\"flex-basis:66.66%\">\n<p><strong>Depuis 100 ans, nous participons activement \u00e0 fa\u00e7onner l&rsquo;avenir de l&rsquo;h\u00f4tellerie et de la restauration suisses. <\/strong><\/p>\n\n\n\n<p>Hotel &amp; Gastro formation Suisse s&rsquo;engage avec passion pour une formation initiale et continue solide dans la branche \u2013 soutenue par HotellerieSuisse, GastroSuisse et l&rsquo;Union Hotel &amp; Gastro. En collaboration avec nos associations membres CafetierSuisse et la Swiss Catering Association, nous renfor\u00e7ons les personnes, les entreprises et la qualit\u00e9 du secteur de l&rsquo;accueil dans toute la Suisse. <\/p>\n<\/div>\n\n\n\n<div class=\"wp-block-column is-layout-flow wp-block-column-is-layout-flow\" style=\"flex-basis:33.33%\"><\/div>\n<\/div>\n\n\n\n<div style=\"height:24px\" aria-hidden=\"true\" class=\"wp-block-spacer\"><\/div>\n\n\n\n<h3 class=\"wp-block-heading alignwide\">D\u00e9claration de mission<\/h3>\n\n\n\n<div class=\"wp-block-columns alignwide is-layout-flex wp-container-core-columns-is-layout-28f84493 wp-block-columns-is-layout-flex\">\n<div class=\"wp-block-column is-layout-flow wp-block-column-is-layout-flow\" style=\"flex-basis:66.66%\">\n<p>Nous sommes l&rsquo;Organisation du monde du travail (Ortra) dot\u00e9e de l&rsquo;un des syst\u00e8mes de formation professionnelle les plus perm\u00e9ables de Suisse \u2013 tant horizontalement que verticalement. Gr\u00e2ce \u00e0 une offre de formation initiale et continue compl\u00e8te et flexible, nous accompagnons de mani\u00e8re cibl\u00e9e les personnes occupant diff\u00e9rentes fonctions dans leur d\u00e9veloppement professionnel, personnel et m\u00e9thodologique. Nos programmes de formation sont ax\u00e9s sur la pratique, tourn\u00e9s vers l&rsquo;avenir et syst\u00e9matiquement align\u00e9s sur les exigences du march\u00e9. Des enseignants engag\u00e9s et comp\u00e9tents veillent \u00e0 ce que nos clients et nos clients b\u00e9n\u00e9ficient d&rsquo;une formation de la plus haute qualit\u00e9.   <\/p>\n\n\n\n<div style=\"height:26px\" aria-hidden=\"true\" class=\"wp-block-spacer\"><\/div>\n\n\n\n<p><strong>Autres t\u00e2ches<\/strong><\/p>\n\n\n\n<p>Hotel &amp; Gastro formation Suisse participe activement \u00e0 la formation professionnelle de l&rsquo;h\u00f4tellerie et de la restauration suisses. Nous r\u00e9unissons les partenaires sociaux, donnons des impulsions en mati\u00e8re de politique \u00e9ducative et lan\u00e7ons de nouveaux projets de formation pour la branche. <\/p>\n\n\n\n<p>Nous sommes responsables de la formation professionnelle initiale, d\u00e9veloppons les contenus de formation, \u00e9laborons les documents de formation et d&rsquo;examen et coordonnons les proc\u00e9dures de qualification. De plus, nous organisons les cours interentreprises dans l&rsquo;h\u00f4tellerie, la cuisine et la restauration et veillons \u00e0 des standards de qualit\u00e9 uniformes. <\/p>\n\n\n\n<p>Dans la formation professionnelle sup\u00e9rieure, nous organisons des examens f\u00e9d\u00e9raux, en assurons la qualit\u00e9 et accompagnons les participants avec des structures claires et un suivi personnalis\u00e9 \u2013 dans toute la Suisse et dans toutes les r\u00e9gions du pays.<\/p>\n\n\n\n<div style=\"height:23px\" aria-hidden=\"true\" class=\"wp-block-spacer\"><\/div>\n\n\n\n<h3 class=\"wp-block-heading\">Associations fa\u00eeti\u00e8res<\/h3>\n\n\n\n<p>Hotel &amp; Gastro formation Suisse est soutenue par les associations suivantes : <\/p>\n\n\n\n<p><strong><a href=\"https:\/\/gastrosuisse.ch\/fr\" type=\"link\" id=\"https:\/\/gastrosuisse.ch\/de\">Ga<\/a><a href=\"https:\/\/gastrosuisse.ch\/fr\" type=\"link\" id=\"https:\/\/gastrosuisse.ch\/de\" target=\"_blank\" rel=\"noreferrer noopener\">stroSuisse<\/a><\/strong> est l&rsquo;association patronale de l&rsquo;h\u00f4tellerie-restauration suisse et regroupe des entreprises de la restauration et de l&rsquo;h\u00f4tellerie de toutes les r\u00e9gions du pays. Les membres sont organis\u00e9s au niveau cantonal et professionnel. GastroSuisse s&rsquo;engage pour les pr\u00e9occupations \u00e9conomiques de la branche, entretient le dialogue avec la politique, l&rsquo;\u00e9conomie et le public, renforce l&rsquo;image de l&rsquo;h\u00f4tellerie-restauration et s&rsquo;investit activement dans la formation professionnelle.  <\/p>\n\n\n\n<p><strong><a href=\"https:\/\/www.hotelleriesuisse.ch\/fr\/\" type=\"link\" id=\"https:\/\/www.hotelleriesuisse.ch\/de\/\" target=\"_blank\" rel=\"noreferrer noopener\">HotellerieSuisse<\/a><\/strong> est le centre de comp\u00e9tences pour l&rsquo;h\u00f4tellerie suisse et repr\u00e9sente, en tant qu&rsquo;association d&rsquo;entrepreneurs, les int\u00e9r\u00eats des \u00e9tablissements h\u00f4teliers \u00e0 orientation nationale et internationale. L&rsquo;association est synonyme de qualit\u00e9, d&rsquo;innovation et de d\u00e9veloppement durable de l&rsquo;\u00e9conomie h\u00f4teli\u00e8re suisse. Ses t\u00e2ches centrales comprennent la classification h\u00f4teli\u00e8re suisse, la repr\u00e9sentation des int\u00e9r\u00eats \u00e9conomiques et l&rsquo;engagement dans la formation initiale et continue.  <\/p>\n\n\n\n<p><strong><a href=\"https:\/\/www.hotelgastrounion.ch\/fr\/hgu\" type=\"link\" id=\"https:\/\/www.hotelgastrounion.ch\/de\/hgu\" target=\"_blank\" rel=\"noreferrer noopener\">Union Hotel &amp; Gastro<\/a><\/strong> est la plus grande organisation professionnelle de l&rsquo;h\u00f4tellerie-restauration et de la branche de la boulangerie-p\u00e2tisserie-confiserie en Suisse. Elle favorise le r\u00e9seautage au sein de la branche et s&rsquo;engage pour la formation, la s\u00e9curit\u00e9 et des conditions de travail \u00e9quitables. Elle offre \u00e0 ses membres un large \u00e9ventail de formations continues, d&rsquo;\u00e9v\u00e9nements de r\u00e9seautage, de concours professionnels ainsi que des conseils juridiques et une protection juridique.  <\/p>\n\n\n\n<div class=\"wp-block-columns is-layout-flex wp-container-core-columns-is-layout-28f84493 wp-block-columns-is-layout-flex\">\n<div class=\"wp-block-column is-layout-flow wp-block-column-is-layout-flow\">\n<figure class=\"wp-block-image size-full is-resized\"><img loading=\"lazy\" decoding=\"async\" width=\"819\" height=\"819\" src=\"https:\/\/hotelgastro.ch\/wp-content\/uploads\/2026\/01\/GS-2.jpg\" alt=\"\" class=\"wp-image-1372\" style=\"width:208px;height:auto\" srcset=\"https:\/\/hotelgastro.ch\/wp-content\/uploads\/2026\/01\/GS-2.jpg 819w, https:\/\/hotelgastro.ch\/wp-content\/uploads\/2026\/01\/GS-2-300x300.jpg 300w, https:\/\/hotelgastro.ch\/wp-content\/uploads\/2026\/01\/GS-2-150x150.jpg 150w, https:\/\/hotelgastro.ch\/wp-content\/uploads\/2026\/01\/GS-2-768x768.jpg 768w\" sizes=\"auto, (max-width: 819px) 100vw, 819px\" \/><\/figure>\n<\/div>\n\n\n\n<div class=\"wp-block-column is-layout-flow wp-block-column-is-layout-flow\">\n<figure class=\"wp-block-image aligncenter size-large\"><img loading=\"lazy\" decoding=\"async\" width=\"1024\" height=\"543\" src=\"https:\/\/hotelgastro.ch\/wp-content\/uploads\/2026\/01\/HS-1-1024x543.jpg\" alt=\"\" class=\"wp-image-1373\" srcset=\"https:\/\/hotelgastro.ch\/wp-content\/uploads\/2026\/01\/HS-1-1024x543.jpg 1024w, https:\/\/hotelgastro.ch\/wp-content\/uploads\/2026\/01\/HS-1-300x159.jpg 300w, https:\/\/hotelgastro.ch\/wp-content\/uploads\/2026\/01\/HS-1-768x407.jpg 768w, https:\/\/hotelgastro.ch\/wp-content\/uploads\/2026\/01\/HS-1-1536x814.jpg 1536w, https:\/\/hotelgastro.ch\/wp-content\/uploads\/2026\/01\/HS-1.jpg 2000w\" sizes=\"auto, (max-width: 1024px) 100vw, 1024px\" \/><\/figure>\n<\/div>\n\n\n\n<div class=\"wp-block-column is-layout-flow wp-block-column-is-layout-flow\">\n<figure class=\"wp-block-image alignright size-large is-resized\"><img loading=\"lazy\" decoding=\"async\" width=\"1024\" height=\"575\" src=\"https:\/\/hotelgastro.ch\/wp-content\/uploads\/2026\/01\/Logo-Hotel-Gastro-Union-DE-rgb-1-1024x575.jpg\" alt=\"\" class=\"wp-image-1374\" style=\"aspect-ratio:1.7810429271103427;width:233px;height:auto\" srcset=\"https:\/\/hotelgastro.ch\/wp-content\/uploads\/2026\/01\/Logo-Hotel-Gastro-Union-DE-rgb-1-1024x575.jpg 1024w, https:\/\/hotelgastro.ch\/wp-content\/uploads\/2026\/01\/Logo-Hotel-Gastro-Union-DE-rgb-1-300x169.jpg 300w, https:\/\/hotelgastro.ch\/wp-content\/uploads\/2026\/01\/Logo-Hotel-Gastro-Union-DE-rgb-1-768x432.jpg 768w, https:\/\/hotelgastro.ch\/wp-content\/uploads\/2026\/01\/Logo-Hotel-Gastro-Union-DE-rgb-1.jpg 1500w\" sizes=\"auto, (max-width: 1024px) 100vw, 1024px\" \/><\/figure>\n<\/div>\n<\/div>\n\n\n\n<h3 class=\"wp-block-heading\">Associations membres<\/h3>\n\n\n\n<p><strong><a href=\"https:\/\/cafetier.ch\/\" target=\"_blank\" rel=\"noreferrer noopener\">CafetierSuisse<\/a><\/strong> est une association patronale pour les restaurateurs individuels. Elle repr\u00e9sente les int\u00e9r\u00eats de ses membres au niveau suisse et s&rsquo;engage pour l&rsquo;am\u00e9lioration des conditions-cadres politiques et \u00e9conomiques dans la restauration. <\/p>\n\n\n\n<p><strong><a href=\"https:\/\/swisscateringassociation.ch\/\" target=\"_blank\" rel=\"noreferrer noopener\">SCA Swiss Catering Association<\/a><\/strong> est l&rsquo;association fa\u00eeti\u00e8re de la restauration collective. Elle repr\u00e9sente les int\u00e9r\u00eats de ses membres au niveau suisse. <\/p>\n\n\n\n<div class=\"wp-block-columns is-layout-flex wp-container-core-columns-is-layout-28f84493 wp-block-columns-is-layout-flex\">\n<div class=\"wp-block-column is-layout-flow wp-block-column-is-layout-flow\" style=\"flex-basis:100%\"><\/div>\n<\/div>\n<\/div>\n\n\n\n<div class=\"wp-block-column is-layout-flow wp-block-column-is-layout-flow\" style=\"flex-basis:33.33%\"><\/div>\n<\/div>\n<\/div>\n<\/div>\n<\/div>\n<\/div>\n","protected":false},"excerpt":{"rendered":"<p>Depuis 100 ans, nous participons activement \u00e0 fa\u00e7onner l&rsquo;avenir de l&rsquo;h\u00f4tellerie et de la restauration suisses. Hotel &amp; Gastro formation Suisse s&rsquo;engage avec passion pour une formation initiale et continue solide dans la branche \u2013 soutenue par HotellerieSuisse, GastroSuisse et l&rsquo;Union Hotel &amp; Gastro. En collaboration avec nos associations membres CafetierSuisse et la Swiss Catering [&hellip;]<\/p>\n","protected":false},"author":1,"featured_media":0,"parent":4064,"menu_order":0,"comment_status":"closed","ping_status":"closed","template":"hotel-gastro-formation","meta":{"_acf_changed":false,"footnotes":""},"class_list":["post-4038","page","type-page","status-publish","hentry"],"acf":[],"yoast_head":"<!-- This site is optimized with the Yoast SEO plugin v27.0 - https:\/\/yoast.com\/product\/yoast-seo-wordpress\/ -->\n<title>Qui nous sommes - Hotel &amp; Gastro formation<\/title>\n<meta name=\"robots\" content=\"index, follow, max-snippet:-1, max-image-preview:large, max-video-preview:-1\" \/>\n<link rel=\"canonical\" href=\"https:\/\/hotelgastro.ch\/fr\/a-propos-de-nous\/formation-hotelgastro\/qui-nous-sommes\/\" \/>\n<meta property=\"og:locale\" content=\"fr_FR\" \/>\n<meta property=\"og:type\" content=\"article\" \/>\n<meta property=\"og:title\" content=\"Qui nous sommes - Hotel &amp; Gastro formation\" \/>\n<meta property=\"og:description\" content=\"Depuis 100 ans, nous participons activement \u00e0 fa\u00e7onner l&rsquo;avenir de l&rsquo;h\u00f4tellerie et de la restauration suisses. Hotel &amp; Gastro formation Suisse s&rsquo;engage avec passion pour une formation initiale et continue solide dans la branche \u2013 soutenue par HotellerieSuisse, GastroSuisse et l&rsquo;Union Hotel &amp; Gastro. En collaboration avec nos associations membres CafetierSuisse et la Swiss Catering [&hellip;]\" \/>\n<meta property=\"og:url\" content=\"https:\/\/hotelgastro.ch\/fr\/a-propos-de-nous\/formation-hotelgastro\/qui-nous-sommes\/\" \/>\n<meta property=\"og:site_name\" content=\"Hotel &amp; Gastro formation\" \/>\n<meta property=\"article:publisher\" content=\"https:\/\/www.facebook.com\/hgfschweiz\" \/>\n<meta property=\"article:modified_time\" content=\"2026-03-06T09:23:08+00:00\" \/>\n<meta property=\"og:image\" content=\"https:\/\/hotelgastro.ch\/wp-content\/uploads\/2026\/02\/251201-HGF-Jahrestagung-40-scaled.jpg\" \/>\n\t<meta property=\"og:image:width\" content=\"2560\" \/>\n\t<meta property=\"og:image:height\" content=\"1707\" \/>\n\t<meta property=\"og:image:type\" content=\"image\/jpeg\" \/>\n<meta name=\"twitter:card\" content=\"summary_large_image\" \/>\n<meta name=\"twitter:label1\" content=\"Dur\u00e9e de lecture estim\u00e9e\" \/>\n\t<meta name=\"twitter:data1\" content=\"3 minutes\" \/>\n<script type=\"application\/ld+json\" class=\"yoast-schema-graph\">{\"@context\":\"https:\/\/schema.org\",\"@graph\":[{\"@type\":\"WebPage\",\"@id\":\"https:\/\/hotelgastro.ch\/fr\/a-propos-de-nous\/formation-hotelgastro\/qui-nous-sommes\/\",\"url\":\"https:\/\/hotelgastro.ch\/fr\/a-propos-de-nous\/formation-hotelgastro\/qui-nous-sommes\/\",\"name\":\"Qui nous sommes - Hotel &amp; Gastro formation\",\"isPartOf\":{\"@id\":\"https:\/\/hotelgastro.ch\/fr\/#website\"},\"primaryImageOfPage\":{\"@id\":\"https:\/\/hotelgastro.ch\/fr\/a-propos-de-nous\/formation-hotelgastro\/qui-nous-sommes\/#primaryimage\"},\"image\":{\"@id\":\"https:\/\/hotelgastro.ch\/fr\/a-propos-de-nous\/formation-hotelgastro\/qui-nous-sommes\/#primaryimage\"},\"thumbnailUrl\":\"https:\/\/hotelgastro.ch\/wp-content\/uploads\/2026\/02\/251201-HGF-Jahrestagung-40-scaled.jpg\",\"datePublished\":\"2025-09-11T13:28:59+00:00\",\"dateModified\":\"2026-03-06T09:23:08+00:00\",\"breadcrumb\":{\"@id\":\"https:\/\/hotelgastro.ch\/fr\/a-propos-de-nous\/formation-hotelgastro\/qui-nous-sommes\/#breadcrumb\"},\"inLanguage\":\"fr-FR\",\"potentialAction\":[{\"@type\":\"ReadAction\",\"target\":[\"https:\/\/hotelgastro.ch\/fr\/a-propos-de-nous\/formation-hotelgastro\/qui-nous-sommes\/\"]}]},{\"@type\":\"ImageObject\",\"inLanguage\":\"fr-FR\",\"@id\":\"https:\/\/hotelgastro.ch\/fr\/a-propos-de-nous\/formation-hotelgastro\/qui-nous-sommes\/#primaryimage\",\"url\":\"https:\/\/hotelgastro.ch\/wp-content\/uploads\/2026\/02\/251201-HGF-Jahrestagung-40-scaled.jpg\",\"contentUrl\":\"https:\/\/hotelgastro.ch\/wp-content\/uploads\/2026\/02\/251201-HGF-Jahrestagung-40-scaled.jpg\"},{\"@type\":\"BreadcrumbList\",\"@id\":\"https:\/\/hotelgastro.ch\/fr\/a-propos-de-nous\/formation-hotelgastro\/qui-nous-sommes\/#breadcrumb\",\"itemListElement\":[{\"@type\":\"ListItem\",\"position\":1,\"name\":\"Home\",\"item\":\"https:\/\/hotelgastro.ch\/fr\/\"},{\"@type\":\"ListItem\",\"position\":2,\"name\":\"\u00c0 propos de nous\",\"item\":\"https:\/\/hotelgastro.ch\/fr\/ueber-uns\/\"},{\"@type\":\"ListItem\",\"position\":3,\"name\":\"Formation h\u00f4tel&amp;gastro\",\"item\":\"https:\/\/hotelgastro.ch\/fr\/ueber-uns\/hotelgastro-formation\/\"},{\"@type\":\"ListItem\",\"position\":4,\"name\":\"Qui nous sommes\"}]},{\"@type\":\"WebSite\",\"@id\":\"https:\/\/hotelgastro.ch\/fr\/#website\",\"url\":\"https:\/\/hotelgastro.ch\/fr\/\",\"name\":\"Karriere Hotel Gastro\",\"description\":\"\",\"publisher\":{\"@id\":\"https:\/\/hotelgastro.ch\/fr\/#organization\"},\"potentialAction\":[{\"@type\":\"SearchAction\",\"target\":{\"@type\":\"EntryPoint\",\"urlTemplate\":\"https:\/\/hotelgastro.ch\/fr\/?s={search_term_string}\"},\"query-input\":{\"@type\":\"PropertyValueSpecification\",\"valueRequired\":true,\"valueName\":\"search_term_string\"}}],\"inLanguage\":\"fr-FR\"},{\"@type\":\"Organization\",\"@id\":\"https:\/\/hotelgastro.ch\/fr\/#organization\",\"name\":\"Karriere Hotel Gastro\",\"url\":\"https:\/\/hotelgastro.ch\/fr\/\",\"logo\":{\"@type\":\"ImageObject\",\"inLanguage\":\"fr-FR\",\"@id\":\"https:\/\/hotelgastro.ch\/fr\/#\/schema\/logo\/image\/\",\"url\":\"https:\/\/hotelgastro.ch\/wp-content\/uploads\/2026\/02\/HGf_3Verbandslogo_feb2026_FR.svg\",\"contentUrl\":\"https:\/\/hotelgastro.ch\/wp-content\/uploads\/2026\/02\/HGf_3Verbandslogo_feb2026_FR.svg\",\"width\":377,\"height\":61,\"caption\":\"Karriere Hotel Gastro\"},\"image\":{\"@id\":\"https:\/\/hotelgastro.ch\/fr\/#\/schema\/logo\/image\/\"},\"sameAs\":[\"https:\/\/www.facebook.com\/hgfschweiz\",\"https:\/\/www.linkedin.com\/company\/hotelgastroformationschweiz\/posts\/?feedView=all\"]}]}<\/script>\n<!-- \/ Yoast SEO plugin. -->","yoast_head_json":{"title":"Qui nous sommes - Hotel &amp; Gastro formation","robots":{"index":"index","follow":"follow","max-snippet":"max-snippet:-1","max-image-preview":"max-image-preview:large","max-video-preview":"max-video-preview:-1"},"canonical":"https:\/\/hotelgastro.ch\/fr\/a-propos-de-nous\/formation-hotelgastro\/qui-nous-sommes\/","og_locale":"fr_FR","og_type":"article","og_title":"Qui nous sommes - Hotel &amp; Gastro formation","og_description":"Depuis 100 ans, nous participons activement \u00e0 fa\u00e7onner l&rsquo;avenir de l&rsquo;h\u00f4tellerie et de la restauration suisses. Hotel &amp; Gastro formation Suisse s&rsquo;engage avec passion pour une formation initiale et continue solide dans la branche \u2013 soutenue par HotellerieSuisse, GastroSuisse et l&rsquo;Union Hotel &amp; Gastro. En collaboration avec nos associations membres CafetierSuisse et la Swiss Catering [&hellip;]","og_url":"https:\/\/hotelgastro.ch\/fr\/a-propos-de-nous\/formation-hotelgastro\/qui-nous-sommes\/","og_site_name":"Hotel &amp; Gastro formation","article_publisher":"https:\/\/www.facebook.com\/hgfschweiz","article_modified_time":"2026-03-06T09:23:08+00:00","og_image":[{"width":2560,"height":1707,"url":"https:\/\/hotelgastro.ch\/wp-content\/uploads\/2026\/02\/251201-HGF-Jahrestagung-40-scaled.jpg","type":"image\/jpeg"}],"twitter_card":"summary_large_image","twitter_misc":{"Dur\u00e9e de lecture estim\u00e9e":"3 minutes"},"schema":{"@context":"https:\/\/schema.org","@graph":[{"@type":"WebPage","@id":"https:\/\/hotelgastro.ch\/fr\/a-propos-de-nous\/formation-hotelgastro\/qui-nous-sommes\/","url":"https:\/\/hotelgastro.ch\/fr\/a-propos-de-nous\/formation-hotelgastro\/qui-nous-sommes\/","name":"Qui nous sommes - Hotel &amp; Gastro formation","isPartOf":{"@id":"https:\/\/hotelgastro.ch\/fr\/#website"},"primaryImageOfPage":{"@id":"https:\/\/hotelgastro.ch\/fr\/a-propos-de-nous\/formation-hotelgastro\/qui-nous-sommes\/#primaryimage"},"image":{"@id":"https:\/\/hotelgastro.ch\/fr\/a-propos-de-nous\/formation-hotelgastro\/qui-nous-sommes\/#primaryimage"},"thumbnailUrl":"https:\/\/hotelgastro.ch\/wp-content\/uploads\/2026\/02\/251201-HGF-Jahrestagung-40-scaled.jpg","datePublished":"2025-09-11T13:28:59+00:00","dateModified":"2026-03-06T09:23:08+00:00","breadcrumb":{"@id":"https:\/\/hotelgastro.ch\/fr\/a-propos-de-nous\/formation-hotelgastro\/qui-nous-sommes\/#breadcrumb"},"inLanguage":"fr-FR","potentialAction":[{"@type":"ReadAction","target":["https:\/\/hotelgastro.ch\/fr\/a-propos-de-nous\/formation-hotelgastro\/qui-nous-sommes\/"]}]},{"@type":"ImageObject","inLanguage":"fr-FR","@id":"https:\/\/hotelgastro.ch\/fr\/a-propos-de-nous\/formation-hotelgastro\/qui-nous-sommes\/#primaryimage","url":"https:\/\/hotelgastro.ch\/wp-content\/uploads\/2026\/02\/251201-HGF-Jahrestagung-40-scaled.jpg","contentUrl":"https:\/\/hotelgastro.ch\/wp-content\/uploads\/2026\/02\/251201-HGF-Jahrestagung-40-scaled.jpg"},{"@type":"BreadcrumbList","@id":"https:\/\/hotelgastro.ch\/fr\/a-propos-de-nous\/formation-hotelgastro\/qui-nous-sommes\/#breadcrumb","itemListElement":[{"@type":"ListItem","position":1,"name":"Home","item":"https:\/\/hotelgastro.ch\/fr\/"},{"@type":"ListItem","position":2,"name":"\u00c0 propos de nous","item":"https:\/\/hotelgastro.ch\/fr\/ueber-uns\/"},{"@type":"ListItem","position":3,"name":"Formation h\u00f4tel&amp;gastro","item":"https:\/\/hotelgastro.ch\/fr\/ueber-uns\/hotelgastro-formation\/"},{"@type":"ListItem","position":4,"name":"Qui nous sommes"}]},{"@type":"WebSite","@id":"https:\/\/hotelgastro.ch\/fr\/#website","url":"https:\/\/hotelgastro.ch\/fr\/","name":"Karriere Hotel Gastro","description":"","publisher":{"@id":"https:\/\/hotelgastro.ch\/fr\/#organization"},"potentialAction":[{"@type":"SearchAction","target":{"@type":"EntryPoint","urlTemplate":"https:\/\/hotelgastro.ch\/fr\/?s={search_term_string}"},"query-input":{"@type":"PropertyValueSpecification","valueRequired":true,"valueName":"search_term_string"}}],"inLanguage":"fr-FR"},{"@type":"Organization","@id":"https:\/\/hotelgastro.ch\/fr\/#organization","name":"Karriere Hotel Gastro","url":"https:\/\/hotelgastro.ch\/fr\/","logo":{"@type":"ImageObject","inLanguage":"fr-FR","@id":"https:\/\/hotelgastro.ch\/fr\/#\/schema\/logo\/image\/","url":"https:\/\/hotelgastro.ch\/wp-content\/uploads\/2026\/02\/HGf_3Verbandslogo_feb2026_FR.svg","contentUrl":"https:\/\/hotelgastro.ch\/wp-content\/uploads\/2026\/02\/HGf_3Verbandslogo_feb2026_FR.svg","width":377,"height":61,"caption":"Karriere Hotel Gastro"},"image":{"@id":"https:\/\/hotelgastro.ch\/fr\/#\/schema\/logo\/image\/"},"sameAs":["https:\/\/www.facebook.com\/hgfschweiz","https:\/\/www.linkedin.com\/company\/hotelgastroformationschweiz\/posts\/?feedView=all"]}]}},"_links":{"self":[{"href":"https:\/\/hotelgastro.ch\/fr\/wp-json\/wp\/v2\/pages\/4038","targetHints":{"allow":["GET"]}}],"collection":[{"href":"https:\/\/hotelgastro.ch\/fr\/wp-json\/wp\/v2\/pages"}],"about":[{"href":"https:\/\/hotelgastro.ch\/fr\/wp-json\/wp\/v2\/types\/page"}],"author":[{"embeddable":true,"href":"https:\/\/hotelgastro.ch\/fr\/wp-json\/wp\/v2\/users\/1"}],"replies":[{"embeddable":true,"href":"https:\/\/hotelgastro.ch\/fr\/wp-json\/wp\/v2\/comments?post=4038"}],"version-history":[{"count":6,"href":"https:\/\/hotelgastro.ch\/fr\/wp-json\/wp\/v2\/pages\/4038\/revisions"}],"predecessor-version":[{"id":6161,"href":"https:\/\/hotelgastro.ch\/fr\/wp-json\/wp\/v2\/pages\/4038\/revisions\/6161"}],"up":[{"embeddable":true,"href":"https:\/\/hotelgastro.ch\/fr\/wp-json\/wp\/v2\/pages\/4064"}],"wp:attachment":[{"href":"https:\/\/hotelgastro.ch\/fr\/wp-json\/wp\/v2\/media?parent=4038"}],"curies":[{"name":"wp","href":"https:\/\/api.w.org\/{rel}","templated":true}]}}