{"id":4056,"date":"2025-09-11T13:31:17","date_gmt":"2025-09-11T13:31:17","guid":{"rendered":"https:\/\/hotelgastro.ch\/sites-partenaires\/"},"modified":"2026-03-06T09:25:32","modified_gmt":"2026-03-06T09:25:32","slug":"sites-partenaires","status":"publish","type":"page","link":"https:\/\/hotelgastro.ch\/fr\/a-propos-de-nous\/formation-hotelgastro\/sites-partenaires\/","title":{"rendered":"Sites &amp; partenaires"},"content":{"rendered":"\n<div class=\"wp-block-cover is-light has-parallax wp-duotone-unset-1\"><div class=\"wp-block-cover__image-background wp-image-1472 size-full has-parallax\" style=\"background-position:50% 50%;background-image:url(https:\/\/hotelgastro.ch\/wp-content\/uploads\/2026\/02\/1000252018-1-scaled.jpg)\"><\/div><span aria-hidden=\"true\" class=\"wp-block-cover__background has-background-dim-0 has-background-dim\"><\/span><div class=\"wp-block-cover__inner-container is-layout-constrained wp-block-cover-is-layout-constrained\">\n<h1 class=\"wp-block-heading alignwide\" style=\"font-size:56px;font-style:normal;font-weight:700\"><mark style=\"background-color:rgba(0, 0, 0, 0)\" class=\"has-inline-color has-background-color\">Standorte &amp; Partner<\/mark><\/h1>\n<\/div><\/div>\n\n<div style=\"height:47px\" aria-hidden=\"true\" class=\"wp-block-spacer\"><\/div>\n\n<div class=\"wp-block-group is-layout-constrained wp-block-group-is-layout-constrained\">\n<h2 class=\"wp-block-heading\">Deux sites &#8211; un seul c\u0153ur<\/h2>\n\n\n\n<p>Hotel &amp; Gastro formation Suisse r\u00e9unit deux r\u00e9gions linguistiques sous un m\u00eame toit. Tandis que Weggis est le centre pour la Suisse al\u00e9manique, Pully (VD) est le point de contact pour la Suisse romande. Malgr\u00e9 la r\u00e9partition g\u00e9ographique, les deux sites collaborent \u00e9troitement, d\u00e9veloppent des offres de formation et s&rsquo;engagent ensemble pour une formation initiale et continue solide dans l&rsquo;h\u00f4tellerie-restauration dans toute la Suisse.  <\/p>\n\n\n\n<div class=\"wp-block-buttons is-layout-flex wp-block-buttons-is-layout-flex\">\n<div class=\"wp-block-button\"><a class=\"wp-block-button__link wp-element-button\" href=\"https:\/\/hotelgastro.ch\/fr\/a-propos-de-nous\/formation-hotelgastro\/contact\/\">Contact <\/a><\/div>\n<\/div>\n\n\n\n<div style=\"height:24px\" aria-hidden=\"true\" class=\"wp-block-spacer\"><\/div>\n\n\n\n<div class=\"wp-block-group is-layout-constrained wp-block-group-is-layout-constrained\">\n<h2 class=\"wp-block-heading\">Organisations cantonales<\/h2>\n\n\n\n<div class=\"wp-block-columns is-layout-flex wp-container-core-columns-is-layout-28f84493 wp-block-columns-is-layout-flex\">\n<div class=\"wp-block-column is-layout-flow wp-block-column-is-layout-flow\" style=\"flex-basis:66.66%\">\n<p>Les organisations cantonales et r\u00e9gionales de Hotel &amp; Gastro formation Suisse fonctionnent de mani\u00e8re juridiquement et financi\u00e8rement autonome. Elles s&rsquo;engagent activement pour la rel\u00e8ve professionnelle, organisent des cours interentreprises et assument diverses t\u00e2ches dans la formation initiale et continue de l&rsquo;h\u00f4tellerie-restauration. <\/p>\n<\/div>\n\n\n\n<div class=\"wp-block-column is-layout-flow wp-block-column-is-layout-flow\" style=\"flex-basis:33.33%\"><\/div>\n<\/div>\n\n\n\n<p>Les organisations cantonales sont repr\u00e9sent\u00e9es dans les cantons suivants :<\/p>\n\n\n\n<div class=\"wp-block-columns is-layout-flex wp-container-core-columns-is-layout-28f84493 wp-block-columns-is-layout-flex\">\n<div class=\"wp-block-column is-layout-flow wp-block-column-is-layout-flow\">\n<p><strong>Suisse al\u00e9manique<\/strong><\/p>\n\n\n\n<ul class=\"wp-block-list\">\n<li><a href=\"https:\/\/www.gastroformationbern.ch\/\" type=\"link\" id=\"https:\/\/www.gastroformationbern.ch\/\" target=\"_blank\" rel=\"noreferrer noopener\">Berne <\/a><\/li>\n\n\n\n<li><a href=\"https:\/\/www.gastroformation-glarnerland.ch\/home\" type=\"link\" id=\"https:\/\/www.gastroformation-glarnerland.ch\/home\" target=\"_blank\" rel=\"noreferrer noopener\">Glaris<\/a><\/li>\n\n\n\n<li><a href=\"https:\/\/www.gastrograubuenden.ch\/\" type=\"link\" id=\"https:\/\/www.gastrograubuenden.ch\/\" target=\"_blank\" rel=\"noreferrer noopener\">Grisons<\/a><\/li>\n\n\n\n<li><a href=\"https:\/\/gart.ch\/\" type=\"link\" id=\"https:\/\/gart.ch\/\" target=\"_blank\" rel=\"noreferrer noopener\">Lucerne\/Obwald\/Nidwald<\/a><\/li>\n\n\n\n<li><a href=\"https:\/\/www.hgf-mittelland.ch\/\" type=\"link\" id=\"https:\/\/www.hgf-mittelland.ch\/\" target=\"_blank\" rel=\"noreferrer noopener\">Mittelland (AG\/SO)<\/a><\/li>\n\n\n\n<li><a href=\"https:\/\/gastrobl.ch\/\" type=\"link\" id=\"https:\/\/gastrobl.ch\/\" target=\"_blank\" rel=\"noreferrer noopener\">Suisse du Nord-Ouest (BL\/BS<\/a><a href=\"https:\/\/gastrobl.ch\/\" type=\"link\" id=\"https:\/\/gastrobl.ch\/\">)<\/a><\/li>\n\n\n\n<li><a href=\"https:\/\/www.hotelgastro-sh.ch\/\" type=\"link\" id=\"https:\/\/www.hotelgastro-sh.ch\/\" target=\"_blank\" rel=\"noreferrer noopener\">Schaffhouse<\/a><\/li>\n\n\n\n<li><a href=\"https:\/\/www.gastroformation.ch\/\" type=\"link\" id=\"https:\/\/www.gastroformation.ch\/\" target=\"_blank\" rel=\"noreferrer noopener\">St. Gallen\/Appenzell iRh.\/Appenzell aRh.\/ F\u00fcrstentum Lichtenstein<\/a><\/li>\n\n\n\n<li><a href=\"https:\/\/www.hgf-tg.ch\/home\" type=\"link\" id=\"https:\/\/www.hgf-tg.ch\/home\" target=\"_blank\" rel=\"noreferrer noopener\">Thurgovie<\/a><\/li>\n\n\n\n<li><a href=\"mailto:mauro@restaurant-gotthard.ch\" type=\"mailto\" id=\"mailto:mauro@restaurant-gotthard.ch\">Uri\/Schwyz<\/a><\/li>\n\n\n\n<li><a href=\"https:\/\/www.gastrozug.ch\/berufsbildung\/gastgewerbliche-berufsbildung\" type=\"link\" id=\"https:\/\/www.gastrozug.ch\/berufsbildung\/gastgewerbliche-berufsbildung\">Zug<\/a><\/li>\n\n\n\n<li><a href=\"https:\/\/hgf.ch\/\" type=\"link\" id=\"https:\/\/hgf.ch\/\" target=\"_blank\" rel=\"noreferrer noopener\">Zurich<\/a><\/li>\n<\/ul>\n<\/div>\n\n\n\n<div class=\"wp-block-column is-layout-flow wp-block-column-is-layout-flow\">\n<p><strong>Romandie<\/strong><\/p>\n\n\n\n<ul class=\"wp-block-list\">\n<li><a href=\"https:\/\/www.gastrofribourg.ch\/de\/bildung\/ausbildungen\/hotel-gastro-formation-fribourg\" type=\"link\" id=\"https:\/\/www.gastrofribourg.ch\/de\/bildung\/ausbildungen\/hotel-gastro-formation-fribourg\" target=\"_blank\" rel=\"noreferrer noopener\">Fribourg<\/a><\/li>\n\n\n\n<li><a href=\"https:\/\/www.hgf-ge.ch\/\" type=\"link\" id=\"https:\/\/www.hgf-ge.ch\/\" target=\"_blank\" rel=\"noreferrer noopener\">G<\/a><a href=\"https:\/\/www.hgf-ge.ch\/\" type=\"link\" id=\"https:\/\/www.hgf-ge.ch\/\">en\u00e8ve<\/a><\/li>\n\n\n\n<li><a href=\"mailto:info@gastrojura.ch\">Jura<\/a><\/li>\n\n\n\n<li><a href=\"https:\/\/hgf-ne.ch\/\" type=\"link\" id=\"https:\/\/hgf-ne.ch\/\">Neuch\u00e2tel<\/a><\/li>\n\n\n\n<li><a href=\"https:\/\/hgfvaud.ch\/\" type=\"link\" id=\"https:\/\/hgfvaud.ch\/\" target=\"_blank\" rel=\"noreferrer noopener\">Vaud<\/a><\/li>\n\n\n\n<li><a href=\"https:\/\/hgf-vs.ch\/de\/startseite\/\" type=\"link\" id=\"https:\/\/hgf-vs.ch\/de\/startseite\/\" target=\"_blank\" rel=\"noreferrer noopener\">Valais<\/a><\/li>\n<\/ul>\n<\/div>\n\n\n\n<div class=\"wp-block-column is-layout-flow wp-block-column-is-layout-flow\">\n<p><strong>Tessin<\/strong><\/p>\n\n\n\n<ul class=\"wp-block-list\">\n<li><a href=\"https:\/\/www.gastroformazione.ch\/hotel-e-gastro\/\" type=\"link\" id=\"https:\/\/www.gastroformazione.ch\/hotel-e-gastro\/\" target=\"_blank\" rel=\"noreferrer noopener\">Tessin<\/a><\/li>\n<\/ul>\n<\/div>\n<\/div>\n<\/div>\n<\/div>\n\n<p><\/p>\n","protected":false},"excerpt":{"rendered":"<p>Deux sites &#8211; un seul c\u0153ur Hotel &amp; Gastro formation Suisse r\u00e9unit deux r\u00e9gions linguistiques sous un m\u00eame toit. Tandis que Weggis est le centre pour la Suisse al\u00e9manique, Pully (VD) est le point de contact pour la Suisse romande. Malgr\u00e9 la r\u00e9partition g\u00e9ographique, les deux sites collaborent \u00e9troitement, d\u00e9veloppent des offres de formation et [&hellip;]<\/p>\n","protected":false},"author":1,"featured_media":0,"parent":4064,"menu_order":0,"comment_status":"closed","ping_status":"closed","template":"hotel-gastro-formation","meta":{"_acf_changed":false,"footnotes":""},"class_list":["post-4056","page","type-page","status-publish","hentry"],"acf":[],"yoast_head":"<!-- This site is optimized with the Yoast SEO plugin v27.0 - https:\/\/yoast.com\/product\/yoast-seo-wordpress\/ -->\n<title>Sites &amp; partenaires - Hotel &amp; Gastro formation<\/title>\n<meta name=\"robots\" content=\"index, follow, max-snippet:-1, max-image-preview:large, max-video-preview:-1\" \/>\n<link rel=\"canonical\" href=\"https:\/\/hotelgastro.ch\/fr\/a-propos-de-nous\/formation-hotelgastro\/sites-partenaires\/\" \/>\n<meta property=\"og:locale\" content=\"fr_FR\" \/>\n<meta property=\"og:type\" content=\"article\" \/>\n<meta property=\"og:title\" content=\"Sites &amp; partenaires - Hotel &amp; Gastro formation\" \/>\n<meta property=\"og:description\" content=\"Deux sites &#8211; un seul c\u0153ur Hotel &amp; Gastro formation Suisse r\u00e9unit deux r\u00e9gions linguistiques sous un m\u00eame toit. Tandis que Weggis est le centre pour la Suisse al\u00e9manique, Pully (VD) est le point de contact pour la Suisse romande. Malgr\u00e9 la r\u00e9partition g\u00e9ographique, les deux sites collaborent \u00e9troitement, d\u00e9veloppent des offres de formation et [&hellip;]\" \/>\n<meta property=\"og:url\" content=\"https:\/\/hotelgastro.ch\/fr\/a-propos-de-nous\/formation-hotelgastro\/sites-partenaires\/\" \/>\n<meta property=\"og:site_name\" content=\"Hotel &amp; Gastro formation\" \/>\n<meta property=\"article:publisher\" content=\"https:\/\/www.facebook.com\/hgfschweiz\" \/>\n<meta property=\"article:modified_time\" content=\"2026-03-06T09:25:32+00:00\" \/>\n<meta name=\"twitter:card\" content=\"summary_large_image\" \/>\n<meta name=\"twitter:label1\" content=\"Dur\u00e9e de lecture estim\u00e9e\" \/>\n\t<meta name=\"twitter:data1\" content=\"1 minute\" \/>\n<script type=\"application\/ld+json\" class=\"yoast-schema-graph\">{\"@context\":\"https:\/\/schema.org\",\"@graph\":[{\"@type\":\"WebPage\",\"@id\":\"https:\/\/hotelgastro.ch\/fr\/a-propos-de-nous\/formation-hotelgastro\/sites-partenaires\/\",\"url\":\"https:\/\/hotelgastro.ch\/fr\/a-propos-de-nous\/formation-hotelgastro\/sites-partenaires\/\",\"name\":\"Sites &amp; partenaires - Hotel &amp; Gastro formation\",\"isPartOf\":{\"@id\":\"https:\/\/hotelgastro.ch\/fr\/#website\"},\"datePublished\":\"2025-09-11T13:31:17+00:00\",\"dateModified\":\"2026-03-06T09:25:32+00:00\",\"breadcrumb\":{\"@id\":\"https:\/\/hotelgastro.ch\/fr\/a-propos-de-nous\/formation-hotelgastro\/sites-partenaires\/#breadcrumb\"},\"inLanguage\":\"fr-FR\",\"potentialAction\":[{\"@type\":\"ReadAction\",\"target\":[\"https:\/\/hotelgastro.ch\/fr\/a-propos-de-nous\/formation-hotelgastro\/sites-partenaires\/\"]}]},{\"@type\":\"BreadcrumbList\",\"@id\":\"https:\/\/hotelgastro.ch\/fr\/a-propos-de-nous\/formation-hotelgastro\/sites-partenaires\/#breadcrumb\",\"itemListElement\":[{\"@type\":\"ListItem\",\"position\":1,\"name\":\"Home\",\"item\":\"https:\/\/hotelgastro.ch\/fr\/\"},{\"@type\":\"ListItem\",\"position\":2,\"name\":\"\u00c0 propos de nous\",\"item\":\"https:\/\/hotelgastro.ch\/fr\/ueber-uns\/\"},{\"@type\":\"ListItem\",\"position\":3,\"name\":\"Formation h\u00f4tel&amp;gastro\",\"item\":\"https:\/\/hotelgastro.ch\/fr\/ueber-uns\/hotelgastro-formation\/\"},{\"@type\":\"ListItem\",\"position\":4,\"name\":\"Sites &amp; partenaires\"}]},{\"@type\":\"WebSite\",\"@id\":\"https:\/\/hotelgastro.ch\/fr\/#website\",\"url\":\"https:\/\/hotelgastro.ch\/fr\/\",\"name\":\"Karriere Hotel Gastro\",\"description\":\"\",\"publisher\":{\"@id\":\"https:\/\/hotelgastro.ch\/fr\/#organization\"},\"potentialAction\":[{\"@type\":\"SearchAction\",\"target\":{\"@type\":\"EntryPoint\",\"urlTemplate\":\"https:\/\/hotelgastro.ch\/fr\/?s={search_term_string}\"},\"query-input\":{\"@type\":\"PropertyValueSpecification\",\"valueRequired\":true,\"valueName\":\"search_term_string\"}}],\"inLanguage\":\"fr-FR\"},{\"@type\":\"Organization\",\"@id\":\"https:\/\/hotelgastro.ch\/fr\/#organization\",\"name\":\"Karriere Hotel Gastro\",\"url\":\"https:\/\/hotelgastro.ch\/fr\/\",\"logo\":{\"@type\":\"ImageObject\",\"inLanguage\":\"fr-FR\",\"@id\":\"https:\/\/hotelgastro.ch\/fr\/#\/schema\/logo\/image\/\",\"url\":\"https:\/\/hotelgastro.ch\/wp-content\/uploads\/2026\/02\/HGf_3Verbandslogo_feb2026_FR.svg\",\"contentUrl\":\"https:\/\/hotelgastro.ch\/wp-content\/uploads\/2026\/02\/HGf_3Verbandslogo_feb2026_FR.svg\",\"width\":377,\"height\":61,\"caption\":\"Karriere Hotel Gastro\"},\"image\":{\"@id\":\"https:\/\/hotelgastro.ch\/fr\/#\/schema\/logo\/image\/\"},\"sameAs\":[\"https:\/\/www.facebook.com\/hgfschweiz\",\"https:\/\/www.linkedin.com\/company\/hotelgastroformationschweiz\/posts\/?feedView=all\"]}]}<\/script>\n<!-- \/ Yoast SEO plugin. -->","yoast_head_json":{"title":"Sites &amp; partenaires - Hotel &amp; Gastro formation","robots":{"index":"index","follow":"follow","max-snippet":"max-snippet:-1","max-image-preview":"max-image-preview:large","max-video-preview":"max-video-preview:-1"},"canonical":"https:\/\/hotelgastro.ch\/fr\/a-propos-de-nous\/formation-hotelgastro\/sites-partenaires\/","og_locale":"fr_FR","og_type":"article","og_title":"Sites &amp; partenaires - Hotel &amp; Gastro formation","og_description":"Deux sites &#8211; un seul c\u0153ur Hotel &amp; Gastro formation Suisse r\u00e9unit deux r\u00e9gions linguistiques sous un m\u00eame toit. Tandis que Weggis est le centre pour la Suisse al\u00e9manique, Pully (VD) est le point de contact pour la Suisse romande. Malgr\u00e9 la r\u00e9partition g\u00e9ographique, les deux sites collaborent \u00e9troitement, d\u00e9veloppent des offres de formation et [&hellip;]","og_url":"https:\/\/hotelgastro.ch\/fr\/a-propos-de-nous\/formation-hotelgastro\/sites-partenaires\/","og_site_name":"Hotel &amp; Gastro formation","article_publisher":"https:\/\/www.facebook.com\/hgfschweiz","article_modified_time":"2026-03-06T09:25:32+00:00","twitter_card":"summary_large_image","twitter_misc":{"Dur\u00e9e de lecture estim\u00e9e":"1 minute"},"schema":{"@context":"https:\/\/schema.org","@graph":[{"@type":"WebPage","@id":"https:\/\/hotelgastro.ch\/fr\/a-propos-de-nous\/formation-hotelgastro\/sites-partenaires\/","url":"https:\/\/hotelgastro.ch\/fr\/a-propos-de-nous\/formation-hotelgastro\/sites-partenaires\/","name":"Sites &amp; partenaires - Hotel &amp; Gastro formation","isPartOf":{"@id":"https:\/\/hotelgastro.ch\/fr\/#website"},"datePublished":"2025-09-11T13:31:17+00:00","dateModified":"2026-03-06T09:25:32+00:00","breadcrumb":{"@id":"https:\/\/hotelgastro.ch\/fr\/a-propos-de-nous\/formation-hotelgastro\/sites-partenaires\/#breadcrumb"},"inLanguage":"fr-FR","potentialAction":[{"@type":"ReadAction","target":["https:\/\/hotelgastro.ch\/fr\/a-propos-de-nous\/formation-hotelgastro\/sites-partenaires\/"]}]},{"@type":"BreadcrumbList","@id":"https:\/\/hotelgastro.ch\/fr\/a-propos-de-nous\/formation-hotelgastro\/sites-partenaires\/#breadcrumb","itemListElement":[{"@type":"ListItem","position":1,"name":"Home","item":"https:\/\/hotelgastro.ch\/fr\/"},{"@type":"ListItem","position":2,"name":"\u00c0 propos de nous","item":"https:\/\/hotelgastro.ch\/fr\/ueber-uns\/"},{"@type":"ListItem","position":3,"name":"Formation h\u00f4tel&amp;gastro","item":"https:\/\/hotelgastro.ch\/fr\/ueber-uns\/hotelgastro-formation\/"},{"@type":"ListItem","position":4,"name":"Sites &amp; partenaires"}]},{"@type":"WebSite","@id":"https:\/\/hotelgastro.ch\/fr\/#website","url":"https:\/\/hotelgastro.ch\/fr\/","name":"Karriere Hotel Gastro","description":"","publisher":{"@id":"https:\/\/hotelgastro.ch\/fr\/#organization"},"potentialAction":[{"@type":"SearchAction","target":{"@type":"EntryPoint","urlTemplate":"https:\/\/hotelgastro.ch\/fr\/?s={search_term_string}"},"query-input":{"@type":"PropertyValueSpecification","valueRequired":true,"valueName":"search_term_string"}}],"inLanguage":"fr-FR"},{"@type":"Organization","@id":"https:\/\/hotelgastro.ch\/fr\/#organization","name":"Karriere Hotel Gastro","url":"https:\/\/hotelgastro.ch\/fr\/","logo":{"@type":"ImageObject","inLanguage":"fr-FR","@id":"https:\/\/hotelgastro.ch\/fr\/#\/schema\/logo\/image\/","url":"https:\/\/hotelgastro.ch\/wp-content\/uploads\/2026\/02\/HGf_3Verbandslogo_feb2026_FR.svg","contentUrl":"https:\/\/hotelgastro.ch\/wp-content\/uploads\/2026\/02\/HGf_3Verbandslogo_feb2026_FR.svg","width":377,"height":61,"caption":"Karriere Hotel Gastro"},"image":{"@id":"https:\/\/hotelgastro.ch\/fr\/#\/schema\/logo\/image\/"},"sameAs":["https:\/\/www.facebook.com\/hgfschweiz","https:\/\/www.linkedin.com\/company\/hotelgastroformationschweiz\/posts\/?feedView=all"]}]}},"_links":{"self":[{"href":"https:\/\/hotelgastro.ch\/fr\/wp-json\/wp\/v2\/pages\/4056","targetHints":{"allow":["GET"]}}],"collection":[{"href":"https:\/\/hotelgastro.ch\/fr\/wp-json\/wp\/v2\/pages"}],"about":[{"href":"https:\/\/hotelgastro.ch\/fr\/wp-json\/wp\/v2\/types\/page"}],"author":[{"embeddable":true,"href":"https:\/\/hotelgastro.ch\/fr\/wp-json\/wp\/v2\/users\/1"}],"replies":[{"embeddable":true,"href":"https:\/\/hotelgastro.ch\/fr\/wp-json\/wp\/v2\/comments?post=4056"}],"version-history":[{"count":5,"href":"https:\/\/hotelgastro.ch\/fr\/wp-json\/wp\/v2\/pages\/4056\/revisions"}],"predecessor-version":[{"id":6240,"href":"https:\/\/hotelgastro.ch\/fr\/wp-json\/wp\/v2\/pages\/4056\/revisions\/6240"}],"up":[{"embeddable":true,"href":"https:\/\/hotelgastro.ch\/fr\/wp-json\/wp\/v2\/pages\/4064"}],"wp:attachment":[{"href":"https:\/\/hotelgastro.ch\/fr\/wp-json\/wp\/v2\/media?parent=4056"}],"curies":[{"name":"wp","href":"https:\/\/api.w.org\/{rel}","templated":true}]}}