{"id":4075,"date":"2025-11-25T13:19:13","date_gmt":"2025-11-25T13:19:13","guid":{"rendered":"https:\/\/hotelgastro.ch\/reconnaissance-des-diplomes-des-competences\/"},"modified":"2026-03-06T09:24:06","modified_gmt":"2026-03-06T09:24:06","slug":"reconnaissance-des-diplomes-des-competences","status":"publish","type":"page","link":"https:\/\/hotelgastro.ch\/fr\/reconnaissance-des-diplomes-des-competences\/","title":{"rendered":"Reconnaissance des dipl\u00f4mes &amp; des comp\u00e9tences"},"content":{"rendered":"\n<div class=\"wp-block-group is-layout-constrained wp-block-group-is-layout-constrained\">\n<div class=\"wp-block-columns alignwide is-layout-flex wp-container-core-columns-is-layout-28f84493 wp-block-columns-is-layout-flex\">\n<div class=\"wp-block-column is-layout-flow wp-block-column-is-layout-flow\" style=\"flex-basis:66.66%\">\n<p>La mobilit\u00e9 des professionnels et des entreprises gagne de plus en plus en importance dans le monde du travail. La reconnaissance des dipl\u00f4mes \u00e9trangers y joue un r\u00f4le central. Dans de nombreuses professions, celle-ci est une condition pr\u00e9alable \u00e0 l\u2019exercice de la profession en Suisse.  <\/p>\n\n\n\n<p>La Suisse est int\u00e9gr\u00e9e au syst\u00e8me europ\u00e9en de reconnaissance des qualifications professionnelles et collabore \u00e9troitement avec l\u2019UE dans le cadre de la libre circulation des personnes. Les dipl\u00f4mes d\u2019\u00c9tats tiers peuvent \u00e9galement \u00eatre reconnus en Suisse sous certaines conditions.  <\/p>\n\n\n\n<p>D\u00e9couvrez ici comment fonctionne la reconnaissance des dipl\u00f4mes et des comp\u00e9tences.<\/p>\n\n\n\n<div style=\"height:25px\" aria-hidden=\"true\" class=\"wp-block-spacer\"><\/div>\n\n\n\n<div class=\"wp-block-buttons is-layout-flex wp-block-buttons-is-layout-flex\">\n<div class=\"wp-block-button\"><a class=\"wp-block-button__link wp-element-button\" href=\"https:\/\/www.recognition.swiss\/de\/\" target=\"_blank\" rel=\"noreferrer noopener\">anerkennung.swiss<\/a><\/div>\n<\/div>\n<\/div>\n\n\n\n<div class=\"wp-block-column is-layout-flow wp-block-column-is-layout-flow\" style=\"flex-basis:33.33%\"><\/div>\n<\/div>\n<\/div>\n<div style=\"background-color: #f5f5f5;\" class=\"hgf-accordion-item alignwide wp-block-hgf-accordion-item has-background has-f-5-f-5-f-5-background-color\" data-open-default=\"false\">\n\t<button\n\t\tclass=\"hgf-accordion-item__header\"\n\t\taria-expanded=\"false\"\n\t\taria-controls=\"accordion-content-1\"\n\t>\n\t\t\t\t\t<h3 class=\"hgf-accordion-item__title\">\n\t\t\t\tQue signifie une reconnaissance ?\t\t\t<\/h3>\n\t\t\t\t<figure class=\"hgf-accordion-item__toggle-icon\"><\/figure>\n\t\t\t<\/button>\n\t<div\n\t\tid=\"accordion-content-1\"\n\t\tclass=\"hgf-accordion-item__content\"\n\t\taria-hidden=\"true\"\n\t>\n\t\t<div class=\"hgf-accordion-item__content-inner\">\n\t\t\t<div class=\"hgf-accordion-item__content-container\">\n\t\t\t\t\n\n<p>Une reconnaissance confirme que votre qualification professionnelle \u00e9trang\u00e8re est \u00e9quivalente \u00e0 un titre suisse. Elle est n\u00e9cessaire si vous souhaitez exercer une <strong>profession r\u00e9glement\u00e9e<\/strong> \u2013 c\u2019est-\u00e0-dire une profession pour laquelle la loi prescrit un dipl\u00f4me sp\u00e9cifique. <\/p>\n\n\n\n<div style=\"height:24px\" aria-hidden=\"true\" class=\"wp-block-spacer\"><\/div>\n\n\n\n<p>Vous ne recevez pas un dipl\u00f4me suisse, mais une <strong>d\u00e9cision de reconnaissance<\/strong>. Celle-ci a toutefois la m\u00eame valeur professionnelle et vous autorise \u00e0 exercer la profession correspondante en Suisse. <\/p>\n\n\n\n<div style=\"height:23px\" aria-hidden=\"true\" class=\"wp-block-spacer\"><\/div>\n\n\n\n<div class=\"wp-block-buttons is-layout-flex wp-block-buttons-is-layout-flex\">\n<div class=\"wp-block-button\"><a class=\"wp-block-button__link wp-element-button\" href=\"https:\/\/www.becc.admin.ch\/becc\/public\/bvz\/\" target=\"_blank\" rel=\"noreferrer noopener\">Liste des professions<\/a><\/div>\n<\/div>\n\n\t\t\t<\/div>\n\t\t<\/div>\n\t<\/div>\n<\/div>\n<div style=\"background-color: #f5f5f5;\" class=\"hgf-accordion-item alignwide wp-block-hgf-accordion-item has-background has-f-5-f-5-f-5-background-color\" data-open-default=\"false\">\n\t<button\n\t\tclass=\"hgf-accordion-item__header\"\n\t\taria-expanded=\"false\"\n\t\taria-controls=\"accordion-content-2\"\n\t>\n\t\t\t\t\t<h3 class=\"hgf-accordion-item__title\">\n\t\t\t\tR\u00e9glement\u00e9 ou non : quelle est la diff\u00e9rence ?\t\t\t<\/h3>\n\t\t\t\t<figure class=\"hgf-accordion-item__toggle-icon\"><\/figure>\n\t\t\t<\/button>\n\t<div\n\t\tid=\"accordion-content-2\"\n\t\tclass=\"hgf-accordion-item__content\"\n\t\taria-hidden=\"true\"\n\t>\n\t\t<div class=\"hgf-accordion-item__content-inner\">\n\t\t\t<div class=\"hgf-accordion-item__content-container\">\n\t\t\t\t\n\n<p>Une profession est consid\u00e9r\u00e9e comme <strong>r\u00e9glement\u00e9e<\/strong> si son exercice est r\u00e9gi par la loi et n\u00e9cessite une reconnaissance formelle.<\/p>\n\n\n\n<div style=\"height:24px\" aria-hidden=\"true\" class=\"wp-block-spacer\"><\/div>\n\n\n\n<p>Si votre profession n\u2019est <strong>pas r\u00e9glement\u00e9e<\/strong>, vous pouvez travailler sans reconnaissance et postuler directement. M\u00eame si, d\u2019un point de vue juridique, une reconnaissance n\u2019est pas obligatoire dans ce cas, les employeurs peuvent d\u00e9cider eux-m\u00eames s\u2019ils l\u2019exigent comme crit\u00e8re d\u2019embauche. <\/p>\n\n\n\n<div style=\"height:49px\" aria-hidden=\"true\" class=\"wp-block-spacer\"><\/div>\n\n\n\n<p>Vous trouverez ici plus d\u2019informations sur les professions r\u00e9glement\u00e9es<\/p>\n\n\n\n<div style=\"height:23px\" aria-hidden=\"true\" class=\"wp-block-spacer\"><\/div>\n\n\n\n<div class=\"wp-block-buttons is-layout-flex wp-block-buttons-is-layout-flex\">\n<div class=\"wp-block-button\"><a class=\"wp-block-button__link wp-element-button\" href=\"https:\/\/www.anerkennung.swiss\/\" target=\"_blank\" rel=\"noreferrer noopener\">anerkennung.swiss<\/a><\/div>\n<\/div>\n\n\t\t\t<\/div>\n\t\t<\/div>\n\t<\/div>\n<\/div>\n<div style=\"background-color: #f5f5f5;\" class=\"hgf-accordion-item alignwide wp-block-hgf-accordion-item has-background has-f-5-f-5-f-5-background-color\" data-open-default=\"false\">\n\t<button\n\t\tclass=\"hgf-accordion-item__header\"\n\t\taria-expanded=\"false\"\n\t\taria-controls=\"accordion-content-3\"\n\t>\n\t\t\t\t\t<h3 class=\"hgf-accordion-item__title\">\n\t\t\t\tComment le niveau de formation est-il \u00e9valu\u00e9 ?\t\t\t<\/h3>\n\t\t\t\t<figure class=\"hgf-accordion-item__toggle-icon\"><\/figure>\n\t\t\t<\/button>\n\t<div\n\t\tid=\"accordion-content-3\"\n\t\tclass=\"hgf-accordion-item__content\"\n\t\taria-hidden=\"true\"\n\t>\n\t\t<div class=\"hgf-accordion-item__content-inner\">\n\t\t\t<div class=\"hgf-accordion-item__content-container\">\n\t\t\t\t\n\n<p>Vous pouvez comparer votre formation de mani\u00e8re informelle avec le syst\u00e8me suisse, par exemple via :<\/p>\n\n\n\n<div style=\"height:24px\" aria-hidden=\"true\" class=\"wp-block-spacer\"><\/div>\n\n\n\n<ul class=\"wp-block-list\">\n<li>le <strong>Cadre europ\u00e9en des certifications (CEC)<\/strong> pour les dipl\u00f4mes europ\u00e9ens<\/li>\n<\/ul>\n\n\n\n<ul class=\"wp-block-list\">\n<li>la <strong>classification CITE<\/strong> pour les dipl\u00f4mes hors Europe<\/li>\n<\/ul>\n\n\n\n<div style=\"height:24px\" aria-hidden=\"true\" class=\"wp-block-spacer\"><\/div>\n\n\n\n<p>De plus, une comparaison avec des formations suisses similaires (dur\u00e9e, niveau) peut aider. Ces \u00e9valuations servent d\u2019orientation et ne remplacent pas une reconnaissance formelle. <\/p>\n\n\t\t\t<\/div>\n\t\t<\/div>\n\t<\/div>\n<\/div>\n<div style=\"background-color: #f5f5f5;\" class=\"hgf-accordion-item alignwide wp-block-hgf-accordion-item has-background has-f-5-f-5-f-5-background-color\" data-open-default=\"false\">\n\t<button\n\t\tclass=\"hgf-accordion-item__header\"\n\t\taria-expanded=\"false\"\n\t\taria-controls=\"accordion-content-4\"\n\t>\n\t\t\t\t\t<h3 class=\"hgf-accordion-item__title\">\n\t\t\t\tValidit\u00e9 de la d\u00e9cision de reconnaissance\t\t\t<\/h3>\n\t\t\t\t<figure class=\"hgf-accordion-item__toggle-icon\"><\/figure>\n\t\t\t<\/button>\n\t<div\n\t\tid=\"accordion-content-4\"\n\t\tclass=\"hgf-accordion-item__content\"\n\t\taria-hidden=\"true\"\n\t>\n\t\t<div class=\"hgf-accordion-item__content-inner\">\n\t\t\t<div class=\"hgf-accordion-item__content-container\">\n\t\t\t\t\n\n<p>Une d\u00e9cision de reconnaissance est g\u00e9n\u00e9ralement illimit\u00e9e dans le temps. Toutefois, si les exigences l\u00e9gales changent, il se peut qu\u2019une reconnaissance ant\u00e9rieure ne suffise plus \u2013 cela concerne \u00e9galement les dipl\u00f4mes suisses. <\/p>\n\n\n\n<div class=\"wp-block-buttons is-layout-flex wp-block-buttons-is-layout-flex\"><\/div>\n\n\t\t\t<\/div>\n\t\t<\/div>\n\t<\/div>\n<\/div>\n<div style=\"background-color: #f5f5f5;\" class=\"hgf-accordion-item alignwide wp-block-hgf-accordion-item has-background has-f-5-f-5-f-5-background-color\" data-open-default=\"false\">\n\t<button\n\t\tclass=\"hgf-accordion-item__header\"\n\t\taria-expanded=\"false\"\n\t\taria-controls=\"accordion-content-5\"\n\t>\n\t\t\t\t\t<h3 class=\"hgf-accordion-item__title\">\n\t\t\t\tVoici comment proc\u00e9der \t\t\t<\/h3>\n\t\t\t\t<figure class=\"hgf-accordion-item__toggle-icon\"><\/figure>\n\t\t\t<\/button>\n\t<div\n\t\tid=\"accordion-content-5\"\n\t\tclass=\"hgf-accordion-item__content\"\n\t\taria-hidden=\"true\"\n\t>\n\t\t<div class=\"hgf-accordion-item__content-inner\">\n\t\t\t<div class=\"hgf-accordion-item__content-container\">\n\t\t\t\t\n\n<p>Recherchez votre profession sur <strong><a href=\"https:\/\/www.anerkennung.swiss\/search\" type=\"link\" id=\"https:\/\/www.anerkennung.swiss\/search\" target=\"_blank\" rel=\"noreferrer noopener\">www.anerkennung.swiss<\/a><\/strong>. Vous y apprendrez quel organisme est responsable de la reconnaissance de votre qualification. <\/p>\n\n\n\n<div class=\"wp-block-buttons is-layout-flex wp-block-buttons-is-layout-flex\"><\/div>\n\n\t\t\t<\/div>\n\t\t<\/div>\n\t<\/div>\n<\/div>\n<div style=\"background-color: #f5f5f5;\" class=\"hgf-accordion-item alignwide wp-block-hgf-accordion-item has-background has-f-5-f-5-f-5-background-color\" data-open-default=\"false\">\n\t<button\n\t\tclass=\"hgf-accordion-item__header\"\n\t\taria-expanded=\"false\"\n\t\taria-controls=\"accordion-content-6\"\n\t>\n\t\t\t\t\t<h3 class=\"hgf-accordion-item__title\">\n\t\t\t\tPrise en compte de votre exp\u00e9rience professionnelle\t\t\t<\/h3>\n\t\t\t\t<figure class=\"hgf-accordion-item__toggle-icon\"><\/figure>\n\t\t\t<\/button>\n\t<div\n\t\tid=\"accordion-content-6\"\n\t\tclass=\"hgf-accordion-item__content\"\n\t\taria-hidden=\"true\"\n\t>\n\t\t<div class=\"hgf-accordion-item__content-inner\">\n\t\t\t<div class=\"hgf-accordion-item__content-container\">\n\t\t\t\t\n\n<p>Vous pouvez faire valider vos exp\u00e9riences professionnelles par des <strong>proc\u00e9dures de validation<\/strong> sp\u00e9cifiques pour adultes. Les proc\u00e9dures varient selon le canton. Vous trouverez des informations aupr\u00e8s du SEFRI ou sur <strong><a href=\"http:\/\/www.berufsbildungplus.ch\" target=\"_blank\" rel=\"noreferrer noopener\">www.formationprofessionnelleplus.ch<\/a><\/strong>.  <\/p>\n\n\n\n<div class=\"wp-block-buttons is-layout-flex wp-block-buttons-is-layout-flex\"><\/div>\n\n\t\t\t<\/div>\n\t\t<\/div>\n\t<\/div>\n<\/div>\n<div style=\"background-color: #f5f5f5;\" class=\"hgf-accordion-item alignwide wp-block-hgf-accordion-item has-background has-f-5-f-5-f-5-background-color\" data-open-default=\"false\">\n\t<button\n\t\tclass=\"hgf-accordion-item__header\"\n\t\taria-expanded=\"false\"\n\t\taria-controls=\"accordion-content-7\"\n\t>\n\t\t\t\t\t<h3 class=\"hgf-accordion-item__title\">\n\t\t\t\tTravailler pendant la proc\u00e9dure de reconnaissance\t\t\t<\/h3>\n\t\t\t\t<figure class=\"hgf-accordion-item__toggle-icon\"><\/figure>\n\t\t\t<\/button>\n\t<div\n\t\tid=\"accordion-content-7\"\n\t\tclass=\"hgf-accordion-item__content\"\n\t\taria-hidden=\"true\"\n\t>\n\t\t<div class=\"hgf-accordion-item__content-inner\">\n\t\t\t<div class=\"hgf-accordion-item__content-container\">\n\t\t\t\t\n\n<p>L\u2019exercice de votre profession pendant la proc\u00e9dure de reconnaissance est en principe possible, <strong>\u00e0 condition que votre profession ne soit pas r\u00e9glement\u00e9e<\/strong> et que vous ayez demand\u00e9 la reconnaissance de mani\u00e8re volontaire.<\/p>\n\n\n\n<div style=\"height:24px\" aria-hidden=\"true\" class=\"wp-block-spacer\"><\/div>\n\n\n\n<p>Selon le canton, une <strong>autorisation de pratiquer<\/strong> suppl\u00e9mentaire peut \u00eatre n\u00e9cessaire. Le mieux est de clarifier cela directement avec le canton dans lequel vous souhaitez travailler. <\/p>\n\n\t\t\t<\/div>\n\t\t<\/div>\n\t<\/div>\n<\/div>\n\n<p><\/p>\n","protected":false},"excerpt":{"rendered":"<p>La mobilit\u00e9 des professionnels et des entreprises gagne de plus en plus en importance dans le monde du travail. La reconnaissance des dipl\u00f4mes \u00e9trangers y joue un r\u00f4le central. Dans de nombreuses professions, celle-ci est une condition pr\u00e9alable \u00e0 l\u2019exercice de la profession en Suisse. La Suisse est int\u00e9gr\u00e9e au syst\u00e8me europ\u00e9en de reconnaissance des [&hellip;]<\/p>\n","protected":false},"author":1,"featured_media":0,"parent":0,"menu_order":0,"comment_status":"closed","ping_status":"closed","template":"","meta":{"_acf_changed":false,"footnotes":""},"class_list":["post-4075","page","type-page","status-publish","hentry"],"acf":[],"yoast_head":"<!-- This site is optimized with the Yoast SEO plugin v27.0 - https:\/\/yoast.com\/product\/yoast-seo-wordpress\/ -->\n<title>Reconnaissance des dipl\u00f4mes &amp; des comp\u00e9tences - Hotel &amp; Gastro formation<\/title>\n<meta name=\"robots\" content=\"index, follow, max-snippet:-1, max-image-preview:large, max-video-preview:-1\" \/>\n<link rel=\"canonical\" href=\"https:\/\/hotelgastro.ch\/fr\/reconnaissance-des-diplomes-des-competences\/\" \/>\n<meta property=\"og:locale\" content=\"fr_FR\" \/>\n<meta property=\"og:type\" content=\"article\" \/>\n<meta property=\"og:title\" content=\"Reconnaissance des dipl\u00f4mes &amp; des comp\u00e9tences - Hotel &amp; Gastro formation\" \/>\n<meta property=\"og:description\" content=\"La mobilit\u00e9 des professionnels et des entreprises gagne de plus en plus en importance dans le monde du travail. La reconnaissance des dipl\u00f4mes \u00e9trangers y joue un r\u00f4le central. Dans de nombreuses professions, celle-ci est une condition pr\u00e9alable \u00e0 l\u2019exercice de la profession en Suisse. La Suisse est int\u00e9gr\u00e9e au syst\u00e8me europ\u00e9en de reconnaissance des [&hellip;]\" \/>\n<meta property=\"og:url\" content=\"https:\/\/hotelgastro.ch\/fr\/reconnaissance-des-diplomes-des-competences\/\" \/>\n<meta property=\"og:site_name\" content=\"Hotel &amp; Gastro formation\" \/>\n<meta property=\"article:publisher\" content=\"https:\/\/www.facebook.com\/hgfschweiz\" \/>\n<meta property=\"article:modified_time\" content=\"2026-03-06T09:24:06+00:00\" \/>\n<meta name=\"twitter:card\" content=\"summary_large_image\" \/>\n<meta name=\"twitter:label1\" content=\"Dur\u00e9e de lecture estim\u00e9e\" \/>\n\t<meta name=\"twitter:data1\" content=\"3 minutes\" \/>\n<script type=\"application\/ld+json\" class=\"yoast-schema-graph\">{\"@context\":\"https:\/\/schema.org\",\"@graph\":[{\"@type\":\"WebPage\",\"@id\":\"https:\/\/hotelgastro.ch\/fr\/reconnaissance-des-diplomes-des-competences\/\",\"url\":\"https:\/\/hotelgastro.ch\/fr\/reconnaissance-des-diplomes-des-competences\/\",\"name\":\"Reconnaissance des dipl\u00f4mes &amp; des comp\u00e9tences - Hotel &amp; Gastro formation\",\"isPartOf\":{\"@id\":\"https:\/\/hotelgastro.ch\/fr\/#website\"},\"datePublished\":\"2025-11-25T13:19:13+00:00\",\"dateModified\":\"2026-03-06T09:24:06+00:00\",\"breadcrumb\":{\"@id\":\"https:\/\/hotelgastro.ch\/fr\/reconnaissance-des-diplomes-des-competences\/#breadcrumb\"},\"inLanguage\":\"fr-FR\",\"potentialAction\":[{\"@type\":\"ReadAction\",\"target\":[\"https:\/\/hotelgastro.ch\/fr\/reconnaissance-des-diplomes-des-competences\/\"]}]},{\"@type\":\"BreadcrumbList\",\"@id\":\"https:\/\/hotelgastro.ch\/fr\/reconnaissance-des-diplomes-des-competences\/#breadcrumb\",\"itemListElement\":[{\"@type\":\"ListItem\",\"position\":1,\"name\":\"Home\",\"item\":\"https:\/\/hotelgastro.ch\/fr\/\"},{\"@type\":\"ListItem\",\"position\":2,\"name\":\"Reconnaissance des dipl\u00f4mes &amp; des comp\u00e9tences\"}]},{\"@type\":\"WebSite\",\"@id\":\"https:\/\/hotelgastro.ch\/fr\/#website\",\"url\":\"https:\/\/hotelgastro.ch\/fr\/\",\"name\":\"Karriere Hotel Gastro\",\"description\":\"\",\"publisher\":{\"@id\":\"https:\/\/hotelgastro.ch\/fr\/#organization\"},\"potentialAction\":[{\"@type\":\"SearchAction\",\"target\":{\"@type\":\"EntryPoint\",\"urlTemplate\":\"https:\/\/hotelgastro.ch\/fr\/?s={search_term_string}\"},\"query-input\":{\"@type\":\"PropertyValueSpecification\",\"valueRequired\":true,\"valueName\":\"search_term_string\"}}],\"inLanguage\":\"fr-FR\"},{\"@type\":\"Organization\",\"@id\":\"https:\/\/hotelgastro.ch\/fr\/#organization\",\"name\":\"Karriere Hotel Gastro\",\"url\":\"https:\/\/hotelgastro.ch\/fr\/\",\"logo\":{\"@type\":\"ImageObject\",\"inLanguage\":\"fr-FR\",\"@id\":\"https:\/\/hotelgastro.ch\/fr\/#\/schema\/logo\/image\/\",\"url\":\"https:\/\/hotelgastro.ch\/wp-content\/uploads\/2026\/02\/HGf_3Verbandslogo_feb2026_FR.svg\",\"contentUrl\":\"https:\/\/hotelgastro.ch\/wp-content\/uploads\/2026\/02\/HGf_3Verbandslogo_feb2026_FR.svg\",\"width\":377,\"height\":61,\"caption\":\"Karriere Hotel Gastro\"},\"image\":{\"@id\":\"https:\/\/hotelgastro.ch\/fr\/#\/schema\/logo\/image\/\"},\"sameAs\":[\"https:\/\/www.facebook.com\/hgfschweiz\",\"https:\/\/www.linkedin.com\/company\/hotelgastroformationschweiz\/posts\/?feedView=all\"]}]}<\/script>\n<!-- \/ Yoast SEO plugin. -->","yoast_head_json":{"title":"Reconnaissance des dipl\u00f4mes &amp; des comp\u00e9tences - Hotel &amp; Gastro formation","robots":{"index":"index","follow":"follow","max-snippet":"max-snippet:-1","max-image-preview":"max-image-preview:large","max-video-preview":"max-video-preview:-1"},"canonical":"https:\/\/hotelgastro.ch\/fr\/reconnaissance-des-diplomes-des-competences\/","og_locale":"fr_FR","og_type":"article","og_title":"Reconnaissance des dipl\u00f4mes &amp; des comp\u00e9tences - Hotel &amp; Gastro formation","og_description":"La mobilit\u00e9 des professionnels et des entreprises gagne de plus en plus en importance dans le monde du travail. La reconnaissance des dipl\u00f4mes \u00e9trangers y joue un r\u00f4le central. Dans de nombreuses professions, celle-ci est une condition pr\u00e9alable \u00e0 l\u2019exercice de la profession en Suisse. La Suisse est int\u00e9gr\u00e9e au syst\u00e8me europ\u00e9en de reconnaissance des [&hellip;]","og_url":"https:\/\/hotelgastro.ch\/fr\/reconnaissance-des-diplomes-des-competences\/","og_site_name":"Hotel &amp; Gastro formation","article_publisher":"https:\/\/www.facebook.com\/hgfschweiz","article_modified_time":"2026-03-06T09:24:06+00:00","twitter_card":"summary_large_image","twitter_misc":{"Dur\u00e9e de lecture estim\u00e9e":"3 minutes"},"schema":{"@context":"https:\/\/schema.org","@graph":[{"@type":"WebPage","@id":"https:\/\/hotelgastro.ch\/fr\/reconnaissance-des-diplomes-des-competences\/","url":"https:\/\/hotelgastro.ch\/fr\/reconnaissance-des-diplomes-des-competences\/","name":"Reconnaissance des dipl\u00f4mes &amp; des comp\u00e9tences - Hotel &amp; Gastro formation","isPartOf":{"@id":"https:\/\/hotelgastro.ch\/fr\/#website"},"datePublished":"2025-11-25T13:19:13+00:00","dateModified":"2026-03-06T09:24:06+00:00","breadcrumb":{"@id":"https:\/\/hotelgastro.ch\/fr\/reconnaissance-des-diplomes-des-competences\/#breadcrumb"},"inLanguage":"fr-FR","potentialAction":[{"@type":"ReadAction","target":["https:\/\/hotelgastro.ch\/fr\/reconnaissance-des-diplomes-des-competences\/"]}]},{"@type":"BreadcrumbList","@id":"https:\/\/hotelgastro.ch\/fr\/reconnaissance-des-diplomes-des-competences\/#breadcrumb","itemListElement":[{"@type":"ListItem","position":1,"name":"Home","item":"https:\/\/hotelgastro.ch\/fr\/"},{"@type":"ListItem","position":2,"name":"Reconnaissance des dipl\u00f4mes &amp; des comp\u00e9tences"}]},{"@type":"WebSite","@id":"https:\/\/hotelgastro.ch\/fr\/#website","url":"https:\/\/hotelgastro.ch\/fr\/","name":"Karriere Hotel Gastro","description":"","publisher":{"@id":"https:\/\/hotelgastro.ch\/fr\/#organization"},"potentialAction":[{"@type":"SearchAction","target":{"@type":"EntryPoint","urlTemplate":"https:\/\/hotelgastro.ch\/fr\/?s={search_term_string}"},"query-input":{"@type":"PropertyValueSpecification","valueRequired":true,"valueName":"search_term_string"}}],"inLanguage":"fr-FR"},{"@type":"Organization","@id":"https:\/\/hotelgastro.ch\/fr\/#organization","name":"Karriere Hotel Gastro","url":"https:\/\/hotelgastro.ch\/fr\/","logo":{"@type":"ImageObject","inLanguage":"fr-FR","@id":"https:\/\/hotelgastro.ch\/fr\/#\/schema\/logo\/image\/","url":"https:\/\/hotelgastro.ch\/wp-content\/uploads\/2026\/02\/HGf_3Verbandslogo_feb2026_FR.svg","contentUrl":"https:\/\/hotelgastro.ch\/wp-content\/uploads\/2026\/02\/HGf_3Verbandslogo_feb2026_FR.svg","width":377,"height":61,"caption":"Karriere Hotel Gastro"},"image":{"@id":"https:\/\/hotelgastro.ch\/fr\/#\/schema\/logo\/image\/"},"sameAs":["https:\/\/www.facebook.com\/hgfschweiz","https:\/\/www.linkedin.com\/company\/hotelgastroformationschweiz\/posts\/?feedView=all"]}]}},"_links":{"self":[{"href":"https:\/\/hotelgastro.ch\/fr\/wp-json\/wp\/v2\/pages\/4075","targetHints":{"allow":["GET"]}}],"collection":[{"href":"https:\/\/hotelgastro.ch\/fr\/wp-json\/wp\/v2\/pages"}],"about":[{"href":"https:\/\/hotelgastro.ch\/fr\/wp-json\/wp\/v2\/types\/page"}],"author":[{"embeddable":true,"href":"https:\/\/hotelgastro.ch\/fr\/wp-json\/wp\/v2\/users\/1"}],"replies":[{"embeddable":true,"href":"https:\/\/hotelgastro.ch\/fr\/wp-json\/wp\/v2\/comments?post=4075"}],"version-history":[{"count":1,"href":"https:\/\/hotelgastro.ch\/fr\/wp-json\/wp\/v2\/pages\/4075\/revisions"}],"predecessor-version":[{"id":4076,"href":"https:\/\/hotelgastro.ch\/fr\/wp-json\/wp\/v2\/pages\/4075\/revisions\/4076"}],"wp:attachment":[{"href":"https:\/\/hotelgastro.ch\/fr\/wp-json\/wp\/v2\/media?parent=4075"}],"curies":[{"name":"wp","href":"https:\/\/api.w.org\/{rel}","templated":true}]}}