{"id":5519,"date":"2026-02-26T12:14:58","date_gmt":"2026-02-26T12:14:58","guid":{"rendered":"https:\/\/hotelgastro.ch\/a-propos-de-nous\/formation-hotelgastro\/centre-de-formation-de-weggis\/preise-fur-kursteilnehmende\/"},"modified":"2026-03-06T09:25:32","modified_gmt":"2026-03-06T09:25:32","slug":"prix","status":"publish","type":"page","link":"https:\/\/hotelgastro.ch\/fr\/a-propos-de-nous\/formation-hotelgastro\/centre-de-formation-de-weggis\/prix\/","title":{"rendered":"Prix"},"content":{"rendered":"\n<div class=\"wp-block-group is-layout-constrained wp-block-group-is-layout-constrained\">\n<p>Tu trouveras ici une liste transparente des prix actuels de nos offres. Nous restons \u00e0 ta disposition pour toute question : <\/p>\n\n\n\n<div class=\"wp-block-buttons is-layout-flex wp-block-buttons-is-layout-flex\">\n<div class=\"wp-block-button\"><a class=\"wp-block-button__link wp-element-button\" href=\"https:\/\/hotelgastro.ch\/fr\/a-propos-de-nous\/formation-hotelgastro\/contact\/\" target=\"_blank\" rel=\"noreferrer noopener\">Contact<\/a><\/div>\n<\/div>\n<\/div>\n<div style=\"background-color: background;\" class=\"hgf-accordion-item alignfull wp-block-hgf-accordion-item has-background has-background-background-color\" data-open-default=\"false\">\n\t<button\n\t\tclass=\"hgf-accordion-item__header\"\n\t\taria-expanded=\"false\"\n\t\taria-controls=\"accordion-content-1\"\n\t>\n\t\t\t\t\t<h3 class=\"hgf-accordion-item__title\">\n\t\t\t\tLocation de salle\t\t\t<\/h3>\n\t\t\t\t<figure class=\"hgf-accordion-item__toggle-icon\"><\/figure>\n\t\t\t<\/button>\n\t<div\n\t\tid=\"accordion-content-1\"\n\t\tclass=\"hgf-accordion-item__content\"\n\t\taria-hidden=\"true\"\n\t>\n\t\t<div class=\"hgf-accordion-item__content-inner\">\n\t\t\t<div class=\"hgf-accordion-item__content-container\">\n\t\t\t\t\n\n<figure class=\"wp-block-table is-style-regular\"><table class=\"has-foreground-color has-white-background-color has-text-color has-background has-link-color has-border-color has-white-border-color has-fixed-layout\"><tbody><tr><td><mark style=\"background-color:rgba(0, 0, 0, 0)\" class=\"has-inline-color has-primary-color\"><strong>Salle de r\u00e9union (57 m\u00b2)<\/strong><br\/>env. 22 personnes (disposition en bloc, par exemple), vue sur le lac, balcon<\/mark> <\/td><td>   <strong><mark style=\"background-color:rgba(0, 0, 0, 0)\" class=\"has-inline-color has-primary-color\">CHF 300<\/mark><\/strong><\/td><\/tr><tr><td><strong>Restaurant\/salle de r\u00e9ception (env. 200 m\u00b2)<\/strong><br\/>env. 140 personnes (diff\u00e9rentes configurations possibles), sonorisation, vue sur le lac, terrasse<\/td><td>   <strong><mark style=\"background-color:rgba(0, 0, 0, 0)\" class=\"has-inline-color has-primary-color\">CHF 800<\/mark><\/strong><\/td><\/tr><tr><td><strong>Salles Brisen \/ B\u00fcrgenstock \/ Pilatus (63 m\u00b2 chacune)<\/strong><br\/>Environ 24 personnes (par exemple avec disposition des si\u00e8ges de type scolaire), climatis\u00e9es, vue sur le lac<\/td><td><strong><mark style=\"background-color:rgba(0, 0, 0, 0)\" class=\"has-inline-color has-primary-color\"> CHF 300<\/mark><\/strong><\/td><\/tr><tr><td><strong>Salle Rigi (146 m\u00b2)<\/strong><br\/>env. 46 personnes (par ex. avec disposition des si\u00e8ges de type scolaire), climatis\u00e9e, vue sur le lac<\/td><td>   <strong><mark style=\"background-color:rgba(0, 0, 0, 0)\" class=\"has-inline-color has-primary-color\">CHF 400<\/mark><\/strong><\/td><\/tr><tr><td><strong>Salle Aula Rigi &amp; Klewenalp (202 m\u00b2)<\/strong><br\/>Environ 100 personnes (par exemple avec disposition des si\u00e8ges de type scolaire), climatis\u00e9e, vue sur le lac<\/td><td>   <strong><mark style=\"background-color:rgba(0, 0, 0, 0)\" class=\"has-inline-color has-primary-color\">CHF 300<\/mark><\/strong><\/td><\/tr><tr><td><strong>Salle Aula Rigi &amp; Klewenalp (202 m\u00b2)<\/strong><br\/>Environ 100 personnes (par exemple avec disposition des si\u00e8ges de type scolaire), climatis\u00e9e, vue sur le lac<\/td><td>   <mark style=\"background-color:rgba(0, 0, 0, 0)\" class=\"has-inline-color has-primary-color\"><strong>CHF 600<\/strong><\/mark><\/td><\/tr><tr><td><strong>Salle Gotthard (65 m\u00b2)<\/strong><br\/>env. 24 personnes (par ex. avec disposition des si\u00e8ges de type scolaire), c\u00f4t\u00e9 nord<\/td><td>   <strong><mark style=\"background-color:rgba(0, 0, 0, 0)\" class=\"has-inline-color has-primary-color\">CHF 300<\/mark><\/strong><\/td><\/tr><tr><td><strong>Salle Mythen (32 m\u00b2)<\/strong><br\/>Environ 12 personnes (par exemple avec des chaises dispos\u00e9es en rang\u00e9es), puits de lumi\u00e8re<\/td><td>   <strong><mark style=\"background-color:rgba(0, 0, 0, 0)\" class=\"has-inline-color has-primary-color\">CHF 150<\/mark><\/strong><\/td><\/tr><tr><td><strong>Cuisine scolaire et \u00e9v\u00e9nementielle<\/strong><br\/>6 postes de cuisine, \u00e9quipement pour une cuisine professionnelle<\/td><td><strong><mark style=\"background-color:rgba(0, 0, 0, 0)\" class=\"has-inline-color has-primary-color\">CHF 1&rsquo;800<\/mark><\/strong><\/td><\/tr><\/tbody><\/table><\/figure>\n\n\n\n<div style=\"height:23px\" aria-hidden=\"true\" class=\"wp-block-spacer\"><\/div>\n\n\n\n<p><strong>\u00c9quipement standard dans les salles de s\u00e9minaire :<\/strong><\/p>\n\n\n\n<ul class=\"wp-block-list\">\n<li>Projecteur avec \u00e9cran<\/li>\n\n\n\n<li>Visualiseur<\/li>\n\n\n\n<li>Flipchart<\/li>\n\n\n\n<li>Tableau d&rsquo;affichage<\/li>\n\n\n\n<li>Whiteboard<\/li>\n\n\n\n<li>Mat\u00e9riel d&rsquo;animation<\/li>\n<\/ul>\n\n\n\n<div style=\"height:23px\" aria-hidden=\"true\" class=\"wp-block-spacer\"><\/div>\n\n\n\n<p><strong>Location de locaux\/\u00e9v\u00e9nements :<\/strong><\/p>\n\n\n\n<p>Pour une pr\u00e9paration optimale, nous avons besoin des informations suivantes au plus tard 14 jours avant le d\u00e9but du s\u00e9minaire :<\/p>\n\n\n\n<ul class=\"wp-block-list\">\n<li>Noms des participants<\/li>\n\n\n\n<li>Nombre d\u00e9finitif de chambres<\/li>\n\n\n\n<li>D\u00e9roulement de l&rsquo;\u00e9v\u00e9nement<\/li>\n\n\n\n<li>Infrastructure souhait\u00e9e \u2192 Adresse de facturation<\/li>\n<\/ul>\n\n\t\t\t<\/div>\n\t\t<\/div>\n\t<\/div>\n<\/div>\n<div style=\"background-color: background;\" class=\"hgf-accordion-item alignfull wp-block-hgf-accordion-item has-background has-background-background-color\" data-open-default=\"false\">\n\t<button\n\t\tclass=\"hgf-accordion-item__header\"\n\t\taria-expanded=\"false\"\n\t\taria-controls=\"accordion-content-2\"\n\t>\n\t\t\t\t\t<h3 class=\"hgf-accordion-item__title\">\n\t\t\t\tS\u00e9minaire et conf\u00e9rence\t\t\t<\/h3>\n\t\t\t\t<figure class=\"hgf-accordion-item__toggle-icon\"><\/figure>\n\t\t\t<\/button>\n\t<div\n\t\tid=\"accordion-content-2\"\n\t\tclass=\"hgf-accordion-item__content\"\n\t\taria-hidden=\"true\"\n\t>\n\t\t<div class=\"hgf-accordion-item__content-inner\">\n\t\t\t<div class=\"hgf-accordion-item__content-container\">\n\t\t\t\t\n\n<figure class=\"wp-block-table is-style-regular\"><table class=\"has-foreground-color has-white-background-color has-text-color has-background has-link-color has-border-color has-white-border-color has-fixed-layout\"><tbody><tr><td><strong><mark style=\"background-color:rgba(0, 0, 0, 0)\" class=\"has-inline-color has-primary-color\">Chambre simple par chambre\/nuit, petit-d\u00e9jeuner buffet compris  <\/mark><\/strong><mark style=\"background-color:rgba(0, 0, 0, 0)\" class=\"has-inline-color has-foreground-color\"> <\/mark><\/td><td><strong><mark style=\"background-color:rgba(0, 0, 0, 0)\" class=\"has-inline-color has-primary-color\">CHF 110<\/mark><\/strong><\/td><\/tr><tr><td><strong><mark style=\"background-color:rgba(0, 0, 0, 0)\" class=\"has-inline-color has-primary-color\">Chambre double par personne\/nuit, petit-d\u00e9jeuner buffet compris <\/mark><\/strong><\/td><td><strong><mark style=\"background-color:rgba(0, 0, 0, 0)\" class=\"has-inline-color has-primary-color\">CHF 70<\/mark><\/strong><\/td><\/tr><tr><td><\/td><td><\/td><\/tr><tr><td><strong>Forfait journalier s\u00e9minaire \u00e0 partir de 10 personnes<\/strong><br\/>D\u00e9jeuner ou d\u00eener 3 plats sous forme de buffet<br\/>2 pauses caf\u00e9 (caf\u00e9, croissants\/viennoiseries, fruits)<br\/>Location de salle avec \u00e9quipement technique standard<br\/>Eau min\u00e9rale dans la salle de s\u00e9minaire<br\/>par personne <\/td><td><strong><mark style=\"background-color:rgba(0, 0, 0, 0)\" class=\"has-inline-color has-primary-color\">CHF 78<\/mark><\/strong><\/td><\/tr><tr><td><\/td><td><\/td><\/tr><tr><td><strong>Buffet d\u00e9jeuner 3 plats<\/strong><br\/>avec caf\u00e9\/th\u00e9 et eau Grander<br\/>par personne  <\/td><td>  <strong><mark style=\"background-color:rgba(0, 0, 0, 0)\" class=\"has-inline-color has-primary-color\">CHF 33<\/mark><\/strong><\/td><\/tr><tr><td><\/td><td><\/td><\/tr><tr><td><strong>Buffet dinner 3 plats<\/strong><br\/>avec caf\u00e9\/th\u00e9 et eau Grander<br\/>par personne  <\/td><td>  <strong><mark style=\"background-color:rgba(0, 0, 0, 0)\" class=\"has-inline-color has-primary-color\">CHF 28<\/mark><\/strong><\/td><\/tr><tr><td><\/td><td><\/td><\/tr><tr><td>Caf\u00e9\/th\u00e9 de bienvenue ou pendant la pause avec croissants, eau Grander comprise, par personne  <\/td><td>    <strong><mark style=\"background-color:rgba(0, 0, 0, 0)\" class=\"has-inline-color has-primary-color\">CHF 6<\/mark><\/strong><\/td><\/tr><tr><td>Fruits pour 5 personnes <\/td><td>  <strong><mark style=\"background-color:rgba(0, 0, 0, 0)\" class=\"has-inline-color has-primary-color\">CHF 10<\/mark><\/strong><\/td><\/tr><\/tbody><\/table><\/figure>\n\n\t\t\t<\/div>\n\t\t<\/div>\n\t<\/div>\n<\/div>\n<div style=\"background-color: background;\" class=\"hgf-accordion-item alignfull wp-block-hgf-accordion-item has-background has-background-background-color\" data-open-default=\"false\">\n\t<button\n\t\tclass=\"hgf-accordion-item__header\"\n\t\taria-expanded=\"false\"\n\t\taria-controls=\"accordion-content-3\"\n\t>\n\t\t\t\t\t<h3 class=\"hgf-accordion-item__title\">\n\t\t\t\tTarifs candidats aux examens et participants aux cours \t\t\t<\/h3>\n\t\t\t\t<figure class=\"hgf-accordion-item__toggle-icon\"><\/figure>\n\t\t\t<\/button>\n\t<div\n\t\tid=\"accordion-content-3\"\n\t\tclass=\"hgf-accordion-item__content\"\n\t\taria-hidden=\"true\"\n\t>\n\t\t<div class=\"hgf-accordion-item__content-inner\">\n\t\t\t<div class=\"hgf-accordion-item__content-container\">\n\t\t\t\t\n\n<figure class=\"wp-block-table is-style-regular\"><table class=\"has-foreground-color has-white-background-color has-text-color has-background has-link-color has-border-color has-white-border-color has-fixed-layout\"><tbody><tr><td><strong><mark style=\"background-color:rgba(0, 0, 0, 0)\" class=\"has-inline-color has-primary-color\">Chambre simple par chambre\/nuit, petit-d\u00e9jeuner buffet compris  <\/mark><\/strong><mark style=\"background-color:rgba(0, 0, 0, 0)\" class=\"has-inline-color has-foreground-color\">    <\/mark><\/td><td><strong><mark style=\"background-color:rgba(0, 0, 0, 0)\" class=\"has-inline-color has-primary-color\">CHF 110<\/mark><\/strong><\/td><\/tr><tr><td><strong><mark style=\"background-color:rgba(0, 0, 0, 0)\" class=\"has-inline-color has-primary-color\">Chambre double par personne\/nuit, petit-d\u00e9jeuner buffet compris <\/mark><\/strong><\/td><td><strong><mark style=\"background-color:rgba(0, 0, 0, 0)\" class=\"has-inline-color has-primary-color\">CHF 70<\/mark><\/strong><\/td><\/tr><tr><td><\/td><td><\/td><\/tr><tr><td><strong>Forfait 5 jours en chambre double<\/strong><br\/>4 nuit\u00e9es, petit-d\u00e9jeuner, d\u00eener, eau Grander,<br\/>caf\u00e9\/th\u00e9<\/td><td><mark style=\"background-color:rgba(0, 0, 0, 0)\" class=\"has-inline-color has-primary-color\"><strong>CH<\/strong><\/mark><strong><mark style=\"background-color:rgba(0, 0, 0, 0)\" class=\"has-inline-color has-primary-color\">F 320<\/mark><\/strong><\/td><\/tr><tr><td><\/td><td><\/td><\/tr><tr><td><strong>Forfait 5 jours en chambre individuelle<\/strong><br\/>4 nuit\u00e9es, petit-d\u00e9jeuner, d\u00eener, eau Grander,<br\/>caf\u00e9\/th\u00e9<\/td><td><strong><mark style=\"background-color:rgba(0, 0, 0, 0)\" class=\"has-inline-color has-primary-color\">CHF 480<\/mark><\/strong><\/td><\/tr><tr><td><\/td><td><\/td><\/tr><tr><td><strong>Forfait 4 jours en chambre double<\/strong><br\/>3 nuit\u00e9es, petit-d\u00e9jeuner, d\u00eener, eau Grander,<br\/>caf\u00e9\/th\u00e9<\/td><td><strong><mark style=\"background-color:rgba(0, 0, 0, 0)\" class=\"has-inline-color has-primary-color\">CHF 240<\/mark><\/strong><\/td><\/tr><tr><td><\/td><td><\/td><\/tr><tr><td><strong>Forfait 4 jours en chambre individuelle<\/strong><br\/>3 nuit\u00e9es, petit-d\u00e9jeuner, d\u00eener, eau Grander, caf\u00e9\/th\u00e9<\/td><td><strong><mark style=\"background-color:rgba(0, 0, 0, 0)\" class=\"has-inline-color has-primary-color\">CHF 360<\/mark><\/strong><\/td><\/tr><tr><td><\/td><td><\/td><\/tr><tr><td><strong>Forfait journalier repas pour les participants au cours<\/strong><br\/>D\u00e9jeuner, collations pendant les pauses, fruits, eau Grander, caf\u00e9\/th\u00e9<\/td><td>  <strong><mark style=\"background-color:rgba(0, 0, 0, 0)\" class=\"has-inline-color has-primary-color\">CHF 28<\/mark><\/strong><\/td><\/tr><tr><td><\/td><td><\/td><\/tr><tr><td><strong>Buffet d\u00e9jeuner 3 plats<\/strong><br\/>avec caf\u00e9\/th\u00e9 et eau Grander <\/td><td>  <strong><mark style=\"background-color:rgba(0, 0, 0, 0)\" class=\"has-inline-color has-primary-color\">CHF 24<\/mark><\/strong><\/td><\/tr><tr><td><\/td><td><\/td><\/tr><tr><td><strong>D\u00eener buffet 3 plats<\/strong><br\/>avec caf\u00e9\/th\u00e9 et eau Grander <\/td><td>  <strong><mark style=\"background-color:rgba(0, 0, 0, 0)\" class=\"has-inline-color has-primary-color\">CHF 24<\/mark><\/strong><\/td><\/tr><\/tbody><\/table><\/figure>\n\n\n\n<div style=\"height:24px\" aria-hidden=\"true\" class=\"wp-block-spacer\"><\/div>\n\n\n\n<p><strong>Particularit\u00e9s :<\/strong><\/p>\n\n\n\n<ul class=\"wp-block-list\">\n<li>Au deuxi\u00e8me sous-sol, vous trouverez des distributeurs automatiques proposant des boissons fra\u00eeches et des snacks. <\/li>\n\n\n\n<li>Pour les boissons alcoolis\u00e9es apport\u00e9es par vos soins au restaurant, un droit de bouchon de CHF 15 par bouteille sera factur\u00e9.<\/li>\n<\/ul>\n\n\n\n<div style=\"height:24px\" aria-hidden=\"true\" class=\"wp-block-spacer\"><\/div>\n\n\n\n<p><strong>Conditions :<\/strong><\/p>\n\n\n\n<ul class=\"wp-block-list\">\n<li>L&rsquo;annulation est gratuite jusqu&rsquo;\u00e0 7 jours avant l&rsquo;arriv\u00e9e, apr\u00e8s quoi 100 % des frais sont factur\u00e9s.<\/li>\n\n\n\n<li>Les frais seront factur\u00e9s aux participants au cours.<\/li>\n\n\n\n<li>Annulation gratuite jusqu&rsquo;\u00e0 7 jours avant l&rsquo;arriv\u00e9e, apr\u00e8s 5 jours 100 % des frais.<\/li>\n<\/ul>\n\n\t\t\t<\/div>\n\t\t<\/div>\n\t<\/div>\n<\/div>\n\n<div style=\"height:25px\" aria-hidden=\"true\" class=\"wp-block-spacer\"><\/div>\n\n<div class=\"wp-block-group is-layout-constrained wp-block-group-is-layout-constrained\">\n<p><strong>Modes de paiement :<\/strong><\/p>\n\n\n\n<p>Tous les prix s&rsquo;entendent TVA comprise \/ NIF : CHE-105.839.298 TVA (num\u00e9ro de r\u00e9f\u00e9rence : 261468) Paiement en esp\u00e8ces, Twint, carte EC, Postcard, Visa et Mastercard (pour les \u00e9v\u00e9nements, nous envoyons volontiers une facture globale). <\/p>\n<\/div>\n\n<p><\/p>\n","protected":false},"excerpt":{"rendered":"<p>Tu trouveras ici une liste transparente des prix actuels de nos offres. Nous restons \u00e0 ta disposition pour toute question : Modes de paiement : Tous les prix s&rsquo;entendent TVA comprise \/ NIF : CHE-105.839.298 TVA (num\u00e9ro de r\u00e9f\u00e9rence : 261468) Paiement en esp\u00e8ces, Twint, carte EC, Postcard, Visa et Mastercard (pour les \u00e9v\u00e9nements, nous [&hellip;]<\/p>\n","protected":false},"author":3,"featured_media":0,"parent":4031,"menu_order":0,"comment_status":"closed","ping_status":"closed","template":"","meta":{"_acf_changed":false,"footnotes":"[]"},"class_list":["post-5519","page","type-page","status-publish","hentry"],"acf":[],"yoast_head":"<!-- This site is optimized with the Yoast SEO plugin v27.0 - https:\/\/yoast.com\/product\/yoast-seo-wordpress\/ -->\n<title>Prix - Hotel &amp; Gastro formation<\/title>\n<meta name=\"robots\" content=\"index, follow, max-snippet:-1, max-image-preview:large, max-video-preview:-1\" \/>\n<link rel=\"canonical\" href=\"https:\/\/hotelgastro.ch\/fr\/a-propos-de-nous\/formation-hotelgastro\/centre-de-formation-de-weggis\/prix\/\" \/>\n<meta property=\"og:locale\" content=\"fr_FR\" \/>\n<meta property=\"og:type\" content=\"article\" \/>\n<meta property=\"og:title\" content=\"Prix - Hotel &amp; Gastro formation\" \/>\n<meta property=\"og:description\" content=\"Tu trouveras ici une liste transparente des prix actuels de nos offres. Nous restons \u00e0 ta disposition pour toute question : Modes de paiement : Tous les prix s&rsquo;entendent TVA comprise \/ NIF : CHE-105.839.298 TVA (num\u00e9ro de r\u00e9f\u00e9rence : 261468) Paiement en esp\u00e8ces, Twint, carte EC, Postcard, Visa et Mastercard (pour les \u00e9v\u00e9nements, nous [&hellip;]\" \/>\n<meta property=\"og:url\" content=\"https:\/\/hotelgastro.ch\/fr\/a-propos-de-nous\/formation-hotelgastro\/centre-de-formation-de-weggis\/prix\/\" \/>\n<meta property=\"og:site_name\" content=\"Hotel &amp; Gastro formation\" \/>\n<meta property=\"article:publisher\" content=\"https:\/\/www.facebook.com\/hgfschweiz\" \/>\n<meta property=\"article:modified_time\" content=\"2026-03-06T09:25:32+00:00\" \/>\n<meta name=\"twitter:card\" content=\"summary_large_image\" \/>\n<meta name=\"twitter:label1\" content=\"Dur\u00e9e de lecture estim\u00e9e\" \/>\n\t<meta name=\"twitter:data1\" content=\"1 minute\" \/>\n<script type=\"application\/ld+json\" class=\"yoast-schema-graph\">{\"@context\":\"https:\/\/schema.org\",\"@graph\":[{\"@type\":\"WebPage\",\"@id\":\"https:\/\/hotelgastro.ch\/fr\/a-propos-de-nous\/formation-hotelgastro\/centre-de-formation-de-weggis\/prix\/\",\"url\":\"https:\/\/hotelgastro.ch\/fr\/a-propos-de-nous\/formation-hotelgastro\/centre-de-formation-de-weggis\/prix\/\",\"name\":\"Prix - Hotel &amp; Gastro formation\",\"isPartOf\":{\"@id\":\"https:\/\/hotelgastro.ch\/fr\/#website\"},\"datePublished\":\"2026-02-26T12:14:58+00:00\",\"dateModified\":\"2026-03-06T09:25:32+00:00\",\"breadcrumb\":{\"@id\":\"https:\/\/hotelgastro.ch\/fr\/a-propos-de-nous\/formation-hotelgastro\/centre-de-formation-de-weggis\/prix\/#breadcrumb\"},\"inLanguage\":\"fr-FR\",\"potentialAction\":[{\"@type\":\"ReadAction\",\"target\":[\"https:\/\/hotelgastro.ch\/fr\/a-propos-de-nous\/formation-hotelgastro\/centre-de-formation-de-weggis\/prix\/\"]}]},{\"@type\":\"BreadcrumbList\",\"@id\":\"https:\/\/hotelgastro.ch\/fr\/a-propos-de-nous\/formation-hotelgastro\/centre-de-formation-de-weggis\/prix\/#breadcrumb\",\"itemListElement\":[{\"@type\":\"ListItem\",\"position\":1,\"name\":\"Home\",\"item\":\"https:\/\/hotelgastro.ch\/fr\/\"},{\"@type\":\"ListItem\",\"position\":2,\"name\":\"\u00c0 propos de nous\",\"item\":\"https:\/\/hotelgastro.ch\/fr\/ueber-uns\/\"},{\"@type\":\"ListItem\",\"position\":3,\"name\":\"Formation h\u00f4tel&amp;gastro\",\"item\":\"https:\/\/hotelgastro.ch\/fr\/ueber-uns\/hotelgastro-formation\/\"},{\"@type\":\"ListItem\",\"position\":4,\"name\":\"Centre de formation de Weggis\",\"item\":\"https:\/\/hotelgastro.ch\/fr\/ueber-uns\/hotelgastro-formation\/bzw\/\"},{\"@type\":\"ListItem\",\"position\":5,\"name\":\"Prix\"}]},{\"@type\":\"WebSite\",\"@id\":\"https:\/\/hotelgastro.ch\/fr\/#website\",\"url\":\"https:\/\/hotelgastro.ch\/fr\/\",\"name\":\"Karriere Hotel Gastro\",\"description\":\"\",\"publisher\":{\"@id\":\"https:\/\/hotelgastro.ch\/fr\/#organization\"},\"potentialAction\":[{\"@type\":\"SearchAction\",\"target\":{\"@type\":\"EntryPoint\",\"urlTemplate\":\"https:\/\/hotelgastro.ch\/fr\/?s={search_term_string}\"},\"query-input\":{\"@type\":\"PropertyValueSpecification\",\"valueRequired\":true,\"valueName\":\"search_term_string\"}}],\"inLanguage\":\"fr-FR\"},{\"@type\":\"Organization\",\"@id\":\"https:\/\/hotelgastro.ch\/fr\/#organization\",\"name\":\"Karriere Hotel Gastro\",\"url\":\"https:\/\/hotelgastro.ch\/fr\/\",\"logo\":{\"@type\":\"ImageObject\",\"inLanguage\":\"fr-FR\",\"@id\":\"https:\/\/hotelgastro.ch\/fr\/#\/schema\/logo\/image\/\",\"url\":\"https:\/\/hotelgastro.ch\/wp-content\/uploads\/2026\/02\/HGf_3Verbandslogo_feb2026_FR.svg\",\"contentUrl\":\"https:\/\/hotelgastro.ch\/wp-content\/uploads\/2026\/02\/HGf_3Verbandslogo_feb2026_FR.svg\",\"width\":377,\"height\":61,\"caption\":\"Karriere Hotel Gastro\"},\"image\":{\"@id\":\"https:\/\/hotelgastro.ch\/fr\/#\/schema\/logo\/image\/\"},\"sameAs\":[\"https:\/\/www.facebook.com\/hgfschweiz\",\"https:\/\/www.linkedin.com\/company\/hotelgastroformationschweiz\/posts\/?feedView=all\"]}]}<\/script>\n<!-- \/ Yoast SEO plugin. -->","yoast_head_json":{"title":"Prix - Hotel &amp; Gastro formation","robots":{"index":"index","follow":"follow","max-snippet":"max-snippet:-1","max-image-preview":"max-image-preview:large","max-video-preview":"max-video-preview:-1"},"canonical":"https:\/\/hotelgastro.ch\/fr\/a-propos-de-nous\/formation-hotelgastro\/centre-de-formation-de-weggis\/prix\/","og_locale":"fr_FR","og_type":"article","og_title":"Prix - Hotel &amp; Gastro formation","og_description":"Tu trouveras ici une liste transparente des prix actuels de nos offres. Nous restons \u00e0 ta disposition pour toute question : Modes de paiement : Tous les prix s&rsquo;entendent TVA comprise \/ NIF : CHE-105.839.298 TVA (num\u00e9ro de r\u00e9f\u00e9rence : 261468) Paiement en esp\u00e8ces, Twint, carte EC, Postcard, Visa et Mastercard (pour les \u00e9v\u00e9nements, nous [&hellip;]","og_url":"https:\/\/hotelgastro.ch\/fr\/a-propos-de-nous\/formation-hotelgastro\/centre-de-formation-de-weggis\/prix\/","og_site_name":"Hotel &amp; Gastro formation","article_publisher":"https:\/\/www.facebook.com\/hgfschweiz","article_modified_time":"2026-03-06T09:25:32+00:00","twitter_card":"summary_large_image","twitter_misc":{"Dur\u00e9e de lecture estim\u00e9e":"1 minute"},"schema":{"@context":"https:\/\/schema.org","@graph":[{"@type":"WebPage","@id":"https:\/\/hotelgastro.ch\/fr\/a-propos-de-nous\/formation-hotelgastro\/centre-de-formation-de-weggis\/prix\/","url":"https:\/\/hotelgastro.ch\/fr\/a-propos-de-nous\/formation-hotelgastro\/centre-de-formation-de-weggis\/prix\/","name":"Prix - Hotel &amp; Gastro formation","isPartOf":{"@id":"https:\/\/hotelgastro.ch\/fr\/#website"},"datePublished":"2026-02-26T12:14:58+00:00","dateModified":"2026-03-06T09:25:32+00:00","breadcrumb":{"@id":"https:\/\/hotelgastro.ch\/fr\/a-propos-de-nous\/formation-hotelgastro\/centre-de-formation-de-weggis\/prix\/#breadcrumb"},"inLanguage":"fr-FR","potentialAction":[{"@type":"ReadAction","target":["https:\/\/hotelgastro.ch\/fr\/a-propos-de-nous\/formation-hotelgastro\/centre-de-formation-de-weggis\/prix\/"]}]},{"@type":"BreadcrumbList","@id":"https:\/\/hotelgastro.ch\/fr\/a-propos-de-nous\/formation-hotelgastro\/centre-de-formation-de-weggis\/prix\/#breadcrumb","itemListElement":[{"@type":"ListItem","position":1,"name":"Home","item":"https:\/\/hotelgastro.ch\/fr\/"},{"@type":"ListItem","position":2,"name":"\u00c0 propos de nous","item":"https:\/\/hotelgastro.ch\/fr\/ueber-uns\/"},{"@type":"ListItem","position":3,"name":"Formation h\u00f4tel&amp;gastro","item":"https:\/\/hotelgastro.ch\/fr\/ueber-uns\/hotelgastro-formation\/"},{"@type":"ListItem","position":4,"name":"Centre de formation de Weggis","item":"https:\/\/hotelgastro.ch\/fr\/ueber-uns\/hotelgastro-formation\/bzw\/"},{"@type":"ListItem","position":5,"name":"Prix"}]},{"@type":"WebSite","@id":"https:\/\/hotelgastro.ch\/fr\/#website","url":"https:\/\/hotelgastro.ch\/fr\/","name":"Karriere Hotel Gastro","description":"","publisher":{"@id":"https:\/\/hotelgastro.ch\/fr\/#organization"},"potentialAction":[{"@type":"SearchAction","target":{"@type":"EntryPoint","urlTemplate":"https:\/\/hotelgastro.ch\/fr\/?s={search_term_string}"},"query-input":{"@type":"PropertyValueSpecification","valueRequired":true,"valueName":"search_term_string"}}],"inLanguage":"fr-FR"},{"@type":"Organization","@id":"https:\/\/hotelgastro.ch\/fr\/#organization","name":"Karriere Hotel Gastro","url":"https:\/\/hotelgastro.ch\/fr\/","logo":{"@type":"ImageObject","inLanguage":"fr-FR","@id":"https:\/\/hotelgastro.ch\/fr\/#\/schema\/logo\/image\/","url":"https:\/\/hotelgastro.ch\/wp-content\/uploads\/2026\/02\/HGf_3Verbandslogo_feb2026_FR.svg","contentUrl":"https:\/\/hotelgastro.ch\/wp-content\/uploads\/2026\/02\/HGf_3Verbandslogo_feb2026_FR.svg","width":377,"height":61,"caption":"Karriere Hotel Gastro"},"image":{"@id":"https:\/\/hotelgastro.ch\/fr\/#\/schema\/logo\/image\/"},"sameAs":["https:\/\/www.facebook.com\/hgfschweiz","https:\/\/www.linkedin.com\/company\/hotelgastroformationschweiz\/posts\/?feedView=all"]}]}},"_links":{"self":[{"href":"https:\/\/hotelgastro.ch\/fr\/wp-json\/wp\/v2\/pages\/5519","targetHints":{"allow":["GET"]}}],"collection":[{"href":"https:\/\/hotelgastro.ch\/fr\/wp-json\/wp\/v2\/pages"}],"about":[{"href":"https:\/\/hotelgastro.ch\/fr\/wp-json\/wp\/v2\/types\/page"}],"author":[{"embeddable":true,"href":"https:\/\/hotelgastro.ch\/fr\/wp-json\/wp\/v2\/users\/3"}],"replies":[{"embeddable":true,"href":"https:\/\/hotelgastro.ch\/fr\/wp-json\/wp\/v2\/comments?post=5519"}],"version-history":[{"count":37,"href":"https:\/\/hotelgastro.ch\/fr\/wp-json\/wp\/v2\/pages\/5519\/revisions"}],"predecessor-version":[{"id":6238,"href":"https:\/\/hotelgastro.ch\/fr\/wp-json\/wp\/v2\/pages\/5519\/revisions\/6238"}],"up":[{"embeddable":true,"href":"https:\/\/hotelgastro.ch\/fr\/wp-json\/wp\/v2\/pages\/4031"}],"wp:attachment":[{"href":"https:\/\/hotelgastro.ch\/fr\/wp-json\/wp\/v2\/media?parent=5519"}],"curies":[{"name":"wp","href":"https:\/\/api.w.org\/{rel}","templated":true}]}}