{"id":5529,"date":"2026-02-26T11:55:19","date_gmt":"2026-02-26T11:55:19","guid":{"rendered":"https:\/\/hotelgastro.ch\/a-propos-de-nous\/formation-hotelgastro\/centre-de-formation-de-weggis\/wohnen-im-bildungszentrum\/"},"modified":"2026-03-06T09:25:34","modified_gmt":"2026-03-06T09:25:34","slug":"passer-la-nuit","status":"publish","type":"page","link":"https:\/\/hotelgastro.ch\/fr\/a-propos-de-nous\/formation-hotelgastro\/centre-de-formation-de-weggis\/passer-la-nuit\/","title":{"rendered":"Nuit\u00e9es relaxantes dans une atmosph\u00e8re calme"},"content":{"rendered":"\n<div class=\"wp-block-group is-layout-constrained wp-block-group-is-layout-constrained\">\n<div class=\"wp-block-group is-layout-constrained wp-block-group-is-layout-constrained\">\n<p>Nos <strong>quelque 40 chambres simples, doubles et triples<\/strong> sont am\u00e9nag\u00e9es de mani\u00e8re fonctionnelle et confortable et offrent le refuge id\u00e9al pour un s\u00e9jour relaxant \u2013 beaucoup de nos chambres sont l\u00e9g\u00e8rement sur\u00e9lev\u00e9es et offrent une vue impressionnante sur le lac des Quatre-Cantons et le panorama alpin. Le petit d\u00e9jeuner est bien entendu inclus, et des collations sont \u00e0 tout moment \u00e0 la disposition de nos clients. <\/p>\n\n\n\n<div style=\"height:24px\" aria-hidden=\"true\" class=\"wp-block-spacer\"><\/div>\n<\/div>\n\n\n\n<p><strong>Offres pour les participants aux cours<\/strong><\/p>\n\n\n\n<p>En tant que participant \u00e0 une formation ou \u00e0 un cours sp\u00e9cialis\u00e9, tu b\u00e9n\u00e9ficies \u00e9galement de forfaits sp\u00e9ciaux attractifs, afin que tu puisses te concentrer pleinement sur ta formation continue. Tu trouveras toutes les informations sur les prix en cliquant sur le lien suivant : <\/p>\n\n\n\n<p><\/p>\n<\/div>\n\n<div class=\"wp-block-group is-layout-constrained wp-block-group-is-layout-constrained\">\n<div class=\"wp-block-buttons is-layout-flex wp-block-buttons-is-layout-flex\">\n<div class=\"wp-block-button\"><a class=\"wp-block-button__link wp-element-button\" href=\"https:\/\/hotelgastro.ch\/fr\/a-propos-de-nous\/formation-hotelgastro\/centre-de-formation-de-weggis\/prix\/\" target=\"_blank\" rel=\"noreferrer noopener\">Prix<\/a><\/div>\n<\/div>\n<\/div>\n\n<div style=\"height:26px\" aria-hidden=\"true\" class=\"wp-block-spacer\"><\/div>\n\n<div class=\"wp-block-group is-layout-constrained wp-block-group-is-layout-constrained\">\n<p>Tu trouveras ici tous les documents n\u00e9cessaires pour r\u00e9server une chambre.<\/p>\n<\/div>\n<div style=\"background-color: #f5f5f5;\" class=\"hgf-accordion-item alignfull wp-block-hgf-accordion-item has-background has-f-5-f-5-f-5-background-color\" data-open-default=\"false\">\n\t<button\n\t\tclass=\"hgf-accordion-item__header\"\n\t\taria-expanded=\"false\"\n\t\taria-controls=\"accordion-content-1\"\n\t>\n\t\t\t\t\t<h3 class=\"hgf-accordion-item__title\">\n\t\t\t\tR\u00e9servation de chambre\t\t\t<\/h3>\n\t\t\t\t<figure class=\"hgf-accordion-item__toggle-icon\"><\/figure>\n\t\t\t<\/button>\n\t<div\n\t\tid=\"accordion-content-1\"\n\t\tclass=\"hgf-accordion-item__content\"\n\t\taria-hidden=\"true\"\n\t>\n\t\t<div class=\"hgf-accordion-item__content-inner\">\n\t\t\t<div class=\"hgf-accordion-item__content-container\">\n\t\t\t\t\n<div class=\"hgf-single-download wp-block-hgf-pdf-download\">\n\t<a\n\t\thref=\"https:\/\/hotelgastro.ch\/wp-content\/uploads\/2026\/02\/01_Reservation_de_chambres_a_Weggis_Participants_au_cours-1.pdf\"\n\t\tclass=\"hgf-single-download__card\"\n\t\ttarget=\"_blank\" rel=\"noopener noreferrer\"\n\t>\n\t\t\t01_Reservation_de_chambres_a_Weggis_Participants_au_cours\t<\/a>\n<\/div>\n\n\n<div class=\"hgf-single-download wp-block-hgf-pdf-download\">\n\t<a\n\t\thref=\"https:\/\/hotelgastro.ch\/wp-content\/uploads\/2026\/02\/02_Reservation_de_chambre_pour_les_experts_et_les_formateurs.pdf\"\n\t\tclass=\"hgf-single-download__card\"\n\t\ttarget=\"_blank\" rel=\"noopener noreferrer\"\n\t>\n\t\t\t02_Reservation_de_chambre_pour_les_experts_et_les_formateurs\t<\/a>\n<\/div>\n\n\n<div class=\"hgf-single-download wp-block-hgf-pdf-download\">\n\t<a\n\t\thref=\"https:\/\/hotelgastro.ch\/wp-content\/uploads\/2026\/02\/03_Reservation_de_chambre_pour_les_particip_aux_examens_prof.pdf\"\n\t\tclass=\"hgf-single-download__card\"\n\t\ttarget=\"_blank\" rel=\"noopener noreferrer\"\n\t>\n\t\t\t03_Reservation_de_chambre_pour_les_particip_aux_examens_prof\t<\/a>\n<\/div>\n\n\n\n\n\n\t\t\t<\/div>\n\t\t<\/div>\n\t<\/div>\n<\/div>\n\n<div style=\"height:22px\" aria-hidden=\"true\" class=\"wp-block-spacer\"><\/div>\n\n<div class=\"wp-block-group is-layout-constrained wp-block-group-is-layout-constrained\">\n<p>Tu as des questions concernant la r\u00e9servation d&rsquo;une chambre ? Nous sommes l\u00e0 pour t&rsquo;aider. <\/p>\n\n\n\n<div class=\"wp-block-buttons is-layout-flex wp-block-buttons-is-layout-flex\">\n<div class=\"wp-block-button\"><a class=\"wp-block-button__link wp-element-button\" href=\"https:\/\/hotelgastro.ch\/fr\/a-propos-de-nous\/formation-hotelgastro\/contact\/\" target=\"_blank\" rel=\"noreferrer noopener\">Contact<\/a><\/div>\n<\/div>\n<\/div>\n\n<p><\/p>\n","protected":false},"excerpt":{"rendered":"<p>Nos quelque 40 chambres simples, doubles et triples sont am\u00e9nag\u00e9es de mani\u00e8re fonctionnelle et confortable et offrent le refuge id\u00e9al pour un s\u00e9jour relaxant \u2013 beaucoup de nos chambres sont l\u00e9g\u00e8rement sur\u00e9lev\u00e9es et offrent une vue impressionnante sur le lac des Quatre-Cantons et le panorama alpin. Le petit d\u00e9jeuner est bien entendu inclus, et des [&hellip;]<\/p>\n","protected":false},"author":3,"featured_media":0,"parent":4031,"menu_order":0,"comment_status":"closed","ping_status":"closed","template":"","meta":{"_acf_changed":false,"footnotes":""},"class_list":["post-5529","page","type-page","status-publish","hentry"],"acf":[],"yoast_head":"<!-- This site is optimized with the Yoast SEO plugin v27.0 - https:\/\/yoast.com\/product\/yoast-seo-wordpress\/ -->\n<title>Nuit\u00e9es relaxantes dans une atmosph\u00e8re calme - Hotel &amp; Gastro formation<\/title>\n<meta name=\"robots\" content=\"index, follow, max-snippet:-1, max-image-preview:large, max-video-preview:-1\" \/>\n<link rel=\"canonical\" href=\"https:\/\/hotelgastro.ch\/fr\/a-propos-de-nous\/formation-hotelgastro\/centre-de-formation-de-weggis\/passer-la-nuit\/\" \/>\n<meta property=\"og:locale\" content=\"fr_FR\" \/>\n<meta property=\"og:type\" content=\"article\" \/>\n<meta property=\"og:title\" content=\"Nuit\u00e9es relaxantes dans une atmosph\u00e8re calme - Hotel &amp; Gastro formation\" \/>\n<meta property=\"og:description\" content=\"Nos quelque 40 chambres simples, doubles et triples sont am\u00e9nag\u00e9es de mani\u00e8re fonctionnelle et confortable et offrent le refuge id\u00e9al pour un s\u00e9jour relaxant \u2013 beaucoup de nos chambres sont l\u00e9g\u00e8rement sur\u00e9lev\u00e9es et offrent une vue impressionnante sur le lac des Quatre-Cantons et le panorama alpin. Le petit d\u00e9jeuner est bien entendu inclus, et des [&hellip;]\" \/>\n<meta property=\"og:url\" content=\"https:\/\/hotelgastro.ch\/fr\/a-propos-de-nous\/formation-hotelgastro\/centre-de-formation-de-weggis\/passer-la-nuit\/\" \/>\n<meta property=\"og:site_name\" content=\"Hotel &amp; Gastro formation\" \/>\n<meta property=\"article:publisher\" content=\"https:\/\/www.facebook.com\/hgfschweiz\" \/>\n<meta property=\"article:modified_time\" content=\"2026-03-06T09:25:34+00:00\" \/>\n<meta name=\"twitter:card\" content=\"summary_large_image\" \/>\n<meta name=\"twitter:label1\" content=\"Dur\u00e9e de lecture estim\u00e9e\" \/>\n\t<meta name=\"twitter:data1\" content=\"1 minute\" \/>\n<script type=\"application\/ld+json\" class=\"yoast-schema-graph\">{\"@context\":\"https:\/\/schema.org\",\"@graph\":[{\"@type\":\"WebPage\",\"@id\":\"https:\/\/hotelgastro.ch\/fr\/a-propos-de-nous\/formation-hotelgastro\/centre-de-formation-de-weggis\/passer-la-nuit\/\",\"url\":\"https:\/\/hotelgastro.ch\/fr\/a-propos-de-nous\/formation-hotelgastro\/centre-de-formation-de-weggis\/passer-la-nuit\/\",\"name\":\"Nuit\u00e9es relaxantes dans une atmosph\u00e8re calme - Hotel &amp; Gastro formation\",\"isPartOf\":{\"@id\":\"https:\/\/hotelgastro.ch\/fr\/#website\"},\"datePublished\":\"2026-02-26T11:55:19+00:00\",\"dateModified\":\"2026-03-06T09:25:34+00:00\",\"breadcrumb\":{\"@id\":\"https:\/\/hotelgastro.ch\/fr\/a-propos-de-nous\/formation-hotelgastro\/centre-de-formation-de-weggis\/passer-la-nuit\/#breadcrumb\"},\"inLanguage\":\"fr-FR\",\"potentialAction\":[{\"@type\":\"ReadAction\",\"target\":[\"https:\/\/hotelgastro.ch\/fr\/a-propos-de-nous\/formation-hotelgastro\/centre-de-formation-de-weggis\/passer-la-nuit\/\"]}]},{\"@type\":\"BreadcrumbList\",\"@id\":\"https:\/\/hotelgastro.ch\/fr\/a-propos-de-nous\/formation-hotelgastro\/centre-de-formation-de-weggis\/passer-la-nuit\/#breadcrumb\",\"itemListElement\":[{\"@type\":\"ListItem\",\"position\":1,\"name\":\"Home\",\"item\":\"https:\/\/hotelgastro.ch\/fr\/\"},{\"@type\":\"ListItem\",\"position\":2,\"name\":\"\u00c0 propos de nous\",\"item\":\"https:\/\/hotelgastro.ch\/fr\/ueber-uns\/\"},{\"@type\":\"ListItem\",\"position\":3,\"name\":\"Formation h\u00f4tel&amp;gastro\",\"item\":\"https:\/\/hotelgastro.ch\/fr\/ueber-uns\/hotelgastro-formation\/\"},{\"@type\":\"ListItem\",\"position\":4,\"name\":\"Centre de formation de Weggis\",\"item\":\"https:\/\/hotelgastro.ch\/fr\/ueber-uns\/hotelgastro-formation\/bzw\/\"},{\"@type\":\"ListItem\",\"position\":5,\"name\":\"Nuit\u00e9es relaxantes dans une atmosph\u00e8re calme\"}]},{\"@type\":\"WebSite\",\"@id\":\"https:\/\/hotelgastro.ch\/fr\/#website\",\"url\":\"https:\/\/hotelgastro.ch\/fr\/\",\"name\":\"Karriere Hotel Gastro\",\"description\":\"\",\"publisher\":{\"@id\":\"https:\/\/hotelgastro.ch\/fr\/#organization\"},\"potentialAction\":[{\"@type\":\"SearchAction\",\"target\":{\"@type\":\"EntryPoint\",\"urlTemplate\":\"https:\/\/hotelgastro.ch\/fr\/?s={search_term_string}\"},\"query-input\":{\"@type\":\"PropertyValueSpecification\",\"valueRequired\":true,\"valueName\":\"search_term_string\"}}],\"inLanguage\":\"fr-FR\"},{\"@type\":\"Organization\",\"@id\":\"https:\/\/hotelgastro.ch\/fr\/#organization\",\"name\":\"Karriere Hotel Gastro\",\"url\":\"https:\/\/hotelgastro.ch\/fr\/\",\"logo\":{\"@type\":\"ImageObject\",\"inLanguage\":\"fr-FR\",\"@id\":\"https:\/\/hotelgastro.ch\/fr\/#\/schema\/logo\/image\/\",\"url\":\"https:\/\/hotelgastro.ch\/wp-content\/uploads\/2026\/02\/HGf_3Verbandslogo_feb2026_FR.svg\",\"contentUrl\":\"https:\/\/hotelgastro.ch\/wp-content\/uploads\/2026\/02\/HGf_3Verbandslogo_feb2026_FR.svg\",\"width\":377,\"height\":61,\"caption\":\"Karriere Hotel Gastro\"},\"image\":{\"@id\":\"https:\/\/hotelgastro.ch\/fr\/#\/schema\/logo\/image\/\"},\"sameAs\":[\"https:\/\/www.facebook.com\/hgfschweiz\",\"https:\/\/www.linkedin.com\/company\/hotelgastroformationschweiz\/posts\/?feedView=all\"]}]}<\/script>\n<!-- \/ Yoast SEO plugin. -->","yoast_head_json":{"title":"Nuit\u00e9es relaxantes dans une atmosph\u00e8re calme - Hotel &amp; Gastro formation","robots":{"index":"index","follow":"follow","max-snippet":"max-snippet:-1","max-image-preview":"max-image-preview:large","max-video-preview":"max-video-preview:-1"},"canonical":"https:\/\/hotelgastro.ch\/fr\/a-propos-de-nous\/formation-hotelgastro\/centre-de-formation-de-weggis\/passer-la-nuit\/","og_locale":"fr_FR","og_type":"article","og_title":"Nuit\u00e9es relaxantes dans une atmosph\u00e8re calme - Hotel &amp; Gastro formation","og_description":"Nos quelque 40 chambres simples, doubles et triples sont am\u00e9nag\u00e9es de mani\u00e8re fonctionnelle et confortable et offrent le refuge id\u00e9al pour un s\u00e9jour relaxant \u2013 beaucoup de nos chambres sont l\u00e9g\u00e8rement sur\u00e9lev\u00e9es et offrent une vue impressionnante sur le lac des Quatre-Cantons et le panorama alpin. Le petit d\u00e9jeuner est bien entendu inclus, et des [&hellip;]","og_url":"https:\/\/hotelgastro.ch\/fr\/a-propos-de-nous\/formation-hotelgastro\/centre-de-formation-de-weggis\/passer-la-nuit\/","og_site_name":"Hotel &amp; Gastro formation","article_publisher":"https:\/\/www.facebook.com\/hgfschweiz","article_modified_time":"2026-03-06T09:25:34+00:00","twitter_card":"summary_large_image","twitter_misc":{"Dur\u00e9e de lecture estim\u00e9e":"1 minute"},"schema":{"@context":"https:\/\/schema.org","@graph":[{"@type":"WebPage","@id":"https:\/\/hotelgastro.ch\/fr\/a-propos-de-nous\/formation-hotelgastro\/centre-de-formation-de-weggis\/passer-la-nuit\/","url":"https:\/\/hotelgastro.ch\/fr\/a-propos-de-nous\/formation-hotelgastro\/centre-de-formation-de-weggis\/passer-la-nuit\/","name":"Nuit\u00e9es relaxantes dans une atmosph\u00e8re calme - Hotel &amp; Gastro formation","isPartOf":{"@id":"https:\/\/hotelgastro.ch\/fr\/#website"},"datePublished":"2026-02-26T11:55:19+00:00","dateModified":"2026-03-06T09:25:34+00:00","breadcrumb":{"@id":"https:\/\/hotelgastro.ch\/fr\/a-propos-de-nous\/formation-hotelgastro\/centre-de-formation-de-weggis\/passer-la-nuit\/#breadcrumb"},"inLanguage":"fr-FR","potentialAction":[{"@type":"ReadAction","target":["https:\/\/hotelgastro.ch\/fr\/a-propos-de-nous\/formation-hotelgastro\/centre-de-formation-de-weggis\/passer-la-nuit\/"]}]},{"@type":"BreadcrumbList","@id":"https:\/\/hotelgastro.ch\/fr\/a-propos-de-nous\/formation-hotelgastro\/centre-de-formation-de-weggis\/passer-la-nuit\/#breadcrumb","itemListElement":[{"@type":"ListItem","position":1,"name":"Home","item":"https:\/\/hotelgastro.ch\/fr\/"},{"@type":"ListItem","position":2,"name":"\u00c0 propos de nous","item":"https:\/\/hotelgastro.ch\/fr\/ueber-uns\/"},{"@type":"ListItem","position":3,"name":"Formation h\u00f4tel&amp;gastro","item":"https:\/\/hotelgastro.ch\/fr\/ueber-uns\/hotelgastro-formation\/"},{"@type":"ListItem","position":4,"name":"Centre de formation de Weggis","item":"https:\/\/hotelgastro.ch\/fr\/ueber-uns\/hotelgastro-formation\/bzw\/"},{"@type":"ListItem","position":5,"name":"Nuit\u00e9es relaxantes dans une atmosph\u00e8re calme"}]},{"@type":"WebSite","@id":"https:\/\/hotelgastro.ch\/fr\/#website","url":"https:\/\/hotelgastro.ch\/fr\/","name":"Karriere Hotel Gastro","description":"","publisher":{"@id":"https:\/\/hotelgastro.ch\/fr\/#organization"},"potentialAction":[{"@type":"SearchAction","target":{"@type":"EntryPoint","urlTemplate":"https:\/\/hotelgastro.ch\/fr\/?s={search_term_string}"},"query-input":{"@type":"PropertyValueSpecification","valueRequired":true,"valueName":"search_term_string"}}],"inLanguage":"fr-FR"},{"@type":"Organization","@id":"https:\/\/hotelgastro.ch\/fr\/#organization","name":"Karriere Hotel Gastro","url":"https:\/\/hotelgastro.ch\/fr\/","logo":{"@type":"ImageObject","inLanguage":"fr-FR","@id":"https:\/\/hotelgastro.ch\/fr\/#\/schema\/logo\/image\/","url":"https:\/\/hotelgastro.ch\/wp-content\/uploads\/2026\/02\/HGf_3Verbandslogo_feb2026_FR.svg","contentUrl":"https:\/\/hotelgastro.ch\/wp-content\/uploads\/2026\/02\/HGf_3Verbandslogo_feb2026_FR.svg","width":377,"height":61,"caption":"Karriere Hotel Gastro"},"image":{"@id":"https:\/\/hotelgastro.ch\/fr\/#\/schema\/logo\/image\/"},"sameAs":["https:\/\/www.facebook.com\/hgfschweiz","https:\/\/www.linkedin.com\/company\/hotelgastroformationschweiz\/posts\/?feedView=all"]}]}},"_links":{"self":[{"href":"https:\/\/hotelgastro.ch\/fr\/wp-json\/wp\/v2\/pages\/5529","targetHints":{"allow":["GET"]}}],"collection":[{"href":"https:\/\/hotelgastro.ch\/fr\/wp-json\/wp\/v2\/pages"}],"about":[{"href":"https:\/\/hotelgastro.ch\/fr\/wp-json\/wp\/v2\/types\/page"}],"author":[{"embeddable":true,"href":"https:\/\/hotelgastro.ch\/fr\/wp-json\/wp\/v2\/users\/3"}],"replies":[{"embeddable":true,"href":"https:\/\/hotelgastro.ch\/fr\/wp-json\/wp\/v2\/comments?post=5529"}],"version-history":[{"count":27,"href":"https:\/\/hotelgastro.ch\/fr\/wp-json\/wp\/v2\/pages\/5529\/revisions"}],"predecessor-version":[{"id":6331,"href":"https:\/\/hotelgastro.ch\/fr\/wp-json\/wp\/v2\/pages\/5529\/revisions\/6331"}],"up":[{"embeddable":true,"href":"https:\/\/hotelgastro.ch\/fr\/wp-json\/wp\/v2\/pages\/4031"}],"wp:attachment":[{"href":"https:\/\/hotelgastro.ch\/fr\/wp-json\/wp\/v2\/media?parent=5529"}],"curies":[{"name":"wp","href":"https:\/\/api.w.org\/{rel}","templated":true}]}}