{"id":6095,"date":"2026-02-26T07:21:49","date_gmt":"2026-02-26T07:21:49","guid":{"rendered":"https:\/\/hotelgastro.ch\/a-propos-de-nous\/formation-hotelgastro\/centre-de-formation-de-weggis\/des-salles-de-formation-et-de-conference-modulables-pour-des-contenus-percutants\/"},"modified":"2026-03-06T09:25:34","modified_gmt":"2026-03-06T09:25:34","slug":"des-salles-de-formation-et-de-conference-modulables-pour-des-contenus-percutants","status":"publish","type":"page","link":"https:\/\/hotelgastro.ch\/fr\/a-propos-de-nous\/formation-hotelgastro\/centre-de-formation-de-weggis\/des-salles-de-formation-et-de-conference-modulables-pour-des-contenus-percutants\/","title":{"rendered":"Des salles de formation et de conf\u00e9rence modulables pour des contenus percutants"},"content":{"rendered":"\n<div class=\"wp-block-group is-layout-constrained wp-block-group-is-layout-constrained\">\n<p>Qu\u2019il s\u2019agisse de grands \u00e9v\u00e9nements, d\u2019ateliers en diff\u00e9rents groupes ou de simples r\u00e9unions, vous trouverez chez nous le local appropri\u00e9 :<\/p>\n\n\n\n<p><strong>Aula avec jusqu\u2019\u00e0 120 places assises<\/strong> \u2013 fonctionnelle, claire, efficace<\/p>\n\n\n\n<p><strong>Un total de 10 salles de s\u00e9minaire et de r\u00e9union de 30 \u00e0 200 m2<\/strong> \u2013 flexibles, baign\u00e9es de lumi\u00e8re, \u00e0 la pointe de la technologie<\/p>\n\n\n\n<p>Tu trouveras ici un aper\u00e7u des loyers des locaux :<\/p>\n\n\n\n<div class=\"wp-block-buttons is-layout-flex wp-block-buttons-is-layout-flex\">\n<div class=\"wp-block-button\"><a class=\"wp-block-button__link wp-element-button\" href=\"https:\/\/hotelgastro.ch\/fr\/a-propos-de-nous\/formation-hotelgastro\/centre-de-formation-de-weggis\/prix\/\" target=\"_blank\" rel=\"noreferrer noopener\">Location de salle<\/a><\/div>\n<\/div>\n\n\n\n<div style=\"height:23px\" aria-hidden=\"true\" class=\"wp-block-spacer\"><\/div>\n\n\n\n<p>Tu souhaites savoir comment exploiter chaque m\u00e8tre carr\u00e9 de mani\u00e8re efficace ? Nous sommes l\u00e0 pour t&rsquo;aider : <\/p>\n\n\n\n<div class=\"wp-block-buttons is-layout-flex wp-block-buttons-is-layout-flex\">\n<div class=\"wp-block-button\"><a class=\"wp-block-button__link wp-element-button\" href=\"https:\/\/hotelgastro.ch\/fr\/a-propos-de-nous\/formation-hotelgastro\/contact\/\" target=\"_blank\" rel=\"noreferrer noopener\">Contact<\/a><\/div>\n<\/div>\n<\/div>\n\n<p><\/p>\n","protected":false},"excerpt":{"rendered":"<p>Qu\u2019il s\u2019agisse de grands \u00e9v\u00e9nements, d\u2019ateliers en diff\u00e9rents groupes ou de simples r\u00e9unions, vous trouverez chez nous le local appropri\u00e9 : Aula avec jusqu\u2019\u00e0 120 places assises \u2013 fonctionnelle, claire, efficace Un total de 10 salles de s\u00e9minaire et de r\u00e9union de 30 \u00e0 200 m2 \u2013 flexibles, baign\u00e9es de lumi\u00e8re, \u00e0 la pointe de [&hellip;]<\/p>\n","protected":false},"author":1,"featured_media":0,"parent":4031,"menu_order":0,"comment_status":"closed","ping_status":"closed","template":"","meta":{"_acf_changed":false,"footnotes":""},"class_list":["post-6095","page","type-page","status-publish","hentry"],"acf":[],"yoast_head":"<!-- This site is optimized with the Yoast SEO plugin v27.0 - https:\/\/yoast.com\/product\/yoast-seo-wordpress\/ -->\n<title>Des salles de formation et de conf\u00e9rence modulables pour des contenus percutants - Hotel &amp; Gastro formation<\/title>\n<meta name=\"robots\" content=\"index, follow, max-snippet:-1, max-image-preview:large, max-video-preview:-1\" \/>\n<link rel=\"canonical\" href=\"https:\/\/hotelgastro.ch\/fr\/a-propos-de-nous\/formation-hotelgastro\/centre-de-formation-de-weggis\/des-salles-de-formation-et-de-conference-modulables-pour-des-contenus-percutants\/\" \/>\n<meta property=\"og:locale\" content=\"fr_FR\" \/>\n<meta property=\"og:type\" content=\"article\" \/>\n<meta property=\"og:title\" content=\"Des salles de formation et de conf\u00e9rence modulables pour des contenus percutants - Hotel &amp; Gastro formation\" \/>\n<meta property=\"og:description\" content=\"Qu\u2019il s\u2019agisse de grands \u00e9v\u00e9nements, d\u2019ateliers en diff\u00e9rents groupes ou de simples r\u00e9unions, vous trouverez chez nous le local appropri\u00e9 : Aula avec jusqu\u2019\u00e0 120 places assises \u2013 fonctionnelle, claire, efficace Un total de 10 salles de s\u00e9minaire et de r\u00e9union de 30 \u00e0 200 m2 \u2013 flexibles, baign\u00e9es de lumi\u00e8re, \u00e0 la pointe de [&hellip;]\" \/>\n<meta property=\"og:url\" content=\"https:\/\/hotelgastro.ch\/fr\/a-propos-de-nous\/formation-hotelgastro\/centre-de-formation-de-weggis\/des-salles-de-formation-et-de-conference-modulables-pour-des-contenus-percutants\/\" \/>\n<meta property=\"og:site_name\" content=\"Hotel &amp; Gastro formation\" \/>\n<meta property=\"article:publisher\" content=\"https:\/\/www.facebook.com\/hgfschweiz\" \/>\n<meta property=\"article:modified_time\" content=\"2026-03-06T09:25:34+00:00\" \/>\n<meta name=\"twitter:card\" content=\"summary_large_image\" \/>\n<script type=\"application\/ld+json\" class=\"yoast-schema-graph\">{\"@context\":\"https:\/\/schema.org\",\"@graph\":[{\"@type\":\"WebPage\",\"@id\":\"https:\/\/hotelgastro.ch\/fr\/a-propos-de-nous\/formation-hotelgastro\/centre-de-formation-de-weggis\/des-salles-de-formation-et-de-conference-modulables-pour-des-contenus-percutants\/\",\"url\":\"https:\/\/hotelgastro.ch\/fr\/a-propos-de-nous\/formation-hotelgastro\/centre-de-formation-de-weggis\/des-salles-de-formation-et-de-conference-modulables-pour-des-contenus-percutants\/\",\"name\":\"Des salles de formation et de conf\u00e9rence modulables pour des contenus percutants - Hotel &amp; Gastro formation\",\"isPartOf\":{\"@id\":\"https:\/\/hotelgastro.ch\/fr\/#website\"},\"datePublished\":\"2026-02-26T07:21:49+00:00\",\"dateModified\":\"2026-03-06T09:25:34+00:00\",\"breadcrumb\":{\"@id\":\"https:\/\/hotelgastro.ch\/fr\/a-propos-de-nous\/formation-hotelgastro\/centre-de-formation-de-weggis\/des-salles-de-formation-et-de-conference-modulables-pour-des-contenus-percutants\/#breadcrumb\"},\"inLanguage\":\"fr-FR\",\"potentialAction\":[{\"@type\":\"ReadAction\",\"target\":[\"https:\/\/hotelgastro.ch\/fr\/a-propos-de-nous\/formation-hotelgastro\/centre-de-formation-de-weggis\/des-salles-de-formation-et-de-conference-modulables-pour-des-contenus-percutants\/\"]}]},{\"@type\":\"BreadcrumbList\",\"@id\":\"https:\/\/hotelgastro.ch\/fr\/a-propos-de-nous\/formation-hotelgastro\/centre-de-formation-de-weggis\/des-salles-de-formation-et-de-conference-modulables-pour-des-contenus-percutants\/#breadcrumb\",\"itemListElement\":[{\"@type\":\"ListItem\",\"position\":1,\"name\":\"Home\",\"item\":\"https:\/\/hotelgastro.ch\/fr\/\"},{\"@type\":\"ListItem\",\"position\":2,\"name\":\"\u00c0 propos de nous\",\"item\":\"https:\/\/hotelgastro.ch\/fr\/ueber-uns\/\"},{\"@type\":\"ListItem\",\"position\":3,\"name\":\"Formation h\u00f4tel&amp;gastro\",\"item\":\"https:\/\/hotelgastro.ch\/fr\/ueber-uns\/hotelgastro-formation\/\"},{\"@type\":\"ListItem\",\"position\":4,\"name\":\"Centre de formation de Weggis\",\"item\":\"https:\/\/hotelgastro.ch\/fr\/ueber-uns\/hotelgastro-formation\/bzw\/\"},{\"@type\":\"ListItem\",\"position\":5,\"name\":\"Des salles de formation et de conf\u00e9rence modulables pour des contenus percutants\"}]},{\"@type\":\"WebSite\",\"@id\":\"https:\/\/hotelgastro.ch\/fr\/#website\",\"url\":\"https:\/\/hotelgastro.ch\/fr\/\",\"name\":\"Karriere Hotel Gastro\",\"description\":\"\",\"publisher\":{\"@id\":\"https:\/\/hotelgastro.ch\/fr\/#organization\"},\"potentialAction\":[{\"@type\":\"SearchAction\",\"target\":{\"@type\":\"EntryPoint\",\"urlTemplate\":\"https:\/\/hotelgastro.ch\/fr\/?s={search_term_string}\"},\"query-input\":{\"@type\":\"PropertyValueSpecification\",\"valueRequired\":true,\"valueName\":\"search_term_string\"}}],\"inLanguage\":\"fr-FR\"},{\"@type\":\"Organization\",\"@id\":\"https:\/\/hotelgastro.ch\/fr\/#organization\",\"name\":\"Karriere Hotel Gastro\",\"url\":\"https:\/\/hotelgastro.ch\/fr\/\",\"logo\":{\"@type\":\"ImageObject\",\"inLanguage\":\"fr-FR\",\"@id\":\"https:\/\/hotelgastro.ch\/fr\/#\/schema\/logo\/image\/\",\"url\":\"https:\/\/hotelgastro.ch\/wp-content\/uploads\/2026\/02\/HGf_3Verbandslogo_feb2026_FR.svg\",\"contentUrl\":\"https:\/\/hotelgastro.ch\/wp-content\/uploads\/2026\/02\/HGf_3Verbandslogo_feb2026_FR.svg\",\"width\":377,\"height\":61,\"caption\":\"Karriere Hotel Gastro\"},\"image\":{\"@id\":\"https:\/\/hotelgastro.ch\/fr\/#\/schema\/logo\/image\/\"},\"sameAs\":[\"https:\/\/www.facebook.com\/hgfschweiz\",\"https:\/\/www.linkedin.com\/company\/hotelgastroformationschweiz\/posts\/?feedView=all\"]}]}<\/script>\n<!-- \/ Yoast SEO plugin. -->","yoast_head_json":{"title":"Des salles de formation et de conf\u00e9rence modulables pour des contenus percutants - Hotel &amp; Gastro formation","robots":{"index":"index","follow":"follow","max-snippet":"max-snippet:-1","max-image-preview":"max-image-preview:large","max-video-preview":"max-video-preview:-1"},"canonical":"https:\/\/hotelgastro.ch\/fr\/a-propos-de-nous\/formation-hotelgastro\/centre-de-formation-de-weggis\/des-salles-de-formation-et-de-conference-modulables-pour-des-contenus-percutants\/","og_locale":"fr_FR","og_type":"article","og_title":"Des salles de formation et de conf\u00e9rence modulables pour des contenus percutants - Hotel &amp; Gastro formation","og_description":"Qu\u2019il s\u2019agisse de grands \u00e9v\u00e9nements, d\u2019ateliers en diff\u00e9rents groupes ou de simples r\u00e9unions, vous trouverez chez nous le local appropri\u00e9 : Aula avec jusqu\u2019\u00e0 120 places assises \u2013 fonctionnelle, claire, efficace Un total de 10 salles de s\u00e9minaire et de r\u00e9union de 30 \u00e0 200 m2 \u2013 flexibles, baign\u00e9es de lumi\u00e8re, \u00e0 la pointe de [&hellip;]","og_url":"https:\/\/hotelgastro.ch\/fr\/a-propos-de-nous\/formation-hotelgastro\/centre-de-formation-de-weggis\/des-salles-de-formation-et-de-conference-modulables-pour-des-contenus-percutants\/","og_site_name":"Hotel &amp; Gastro formation","article_publisher":"https:\/\/www.facebook.com\/hgfschweiz","article_modified_time":"2026-03-06T09:25:34+00:00","twitter_card":"summary_large_image","schema":{"@context":"https:\/\/schema.org","@graph":[{"@type":"WebPage","@id":"https:\/\/hotelgastro.ch\/fr\/a-propos-de-nous\/formation-hotelgastro\/centre-de-formation-de-weggis\/des-salles-de-formation-et-de-conference-modulables-pour-des-contenus-percutants\/","url":"https:\/\/hotelgastro.ch\/fr\/a-propos-de-nous\/formation-hotelgastro\/centre-de-formation-de-weggis\/des-salles-de-formation-et-de-conference-modulables-pour-des-contenus-percutants\/","name":"Des salles de formation et de conf\u00e9rence modulables pour des contenus percutants - Hotel &amp; Gastro formation","isPartOf":{"@id":"https:\/\/hotelgastro.ch\/fr\/#website"},"datePublished":"2026-02-26T07:21:49+00:00","dateModified":"2026-03-06T09:25:34+00:00","breadcrumb":{"@id":"https:\/\/hotelgastro.ch\/fr\/a-propos-de-nous\/formation-hotelgastro\/centre-de-formation-de-weggis\/des-salles-de-formation-et-de-conference-modulables-pour-des-contenus-percutants\/#breadcrumb"},"inLanguage":"fr-FR","potentialAction":[{"@type":"ReadAction","target":["https:\/\/hotelgastro.ch\/fr\/a-propos-de-nous\/formation-hotelgastro\/centre-de-formation-de-weggis\/des-salles-de-formation-et-de-conference-modulables-pour-des-contenus-percutants\/"]}]},{"@type":"BreadcrumbList","@id":"https:\/\/hotelgastro.ch\/fr\/a-propos-de-nous\/formation-hotelgastro\/centre-de-formation-de-weggis\/des-salles-de-formation-et-de-conference-modulables-pour-des-contenus-percutants\/#breadcrumb","itemListElement":[{"@type":"ListItem","position":1,"name":"Home","item":"https:\/\/hotelgastro.ch\/fr\/"},{"@type":"ListItem","position":2,"name":"\u00c0 propos de nous","item":"https:\/\/hotelgastro.ch\/fr\/ueber-uns\/"},{"@type":"ListItem","position":3,"name":"Formation h\u00f4tel&amp;gastro","item":"https:\/\/hotelgastro.ch\/fr\/ueber-uns\/hotelgastro-formation\/"},{"@type":"ListItem","position":4,"name":"Centre de formation de Weggis","item":"https:\/\/hotelgastro.ch\/fr\/ueber-uns\/hotelgastro-formation\/bzw\/"},{"@type":"ListItem","position":5,"name":"Des salles de formation et de conf\u00e9rence modulables pour des contenus percutants"}]},{"@type":"WebSite","@id":"https:\/\/hotelgastro.ch\/fr\/#website","url":"https:\/\/hotelgastro.ch\/fr\/","name":"Karriere Hotel Gastro","description":"","publisher":{"@id":"https:\/\/hotelgastro.ch\/fr\/#organization"},"potentialAction":[{"@type":"SearchAction","target":{"@type":"EntryPoint","urlTemplate":"https:\/\/hotelgastro.ch\/fr\/?s={search_term_string}"},"query-input":{"@type":"PropertyValueSpecification","valueRequired":true,"valueName":"search_term_string"}}],"inLanguage":"fr-FR"},{"@type":"Organization","@id":"https:\/\/hotelgastro.ch\/fr\/#organization","name":"Karriere Hotel Gastro","url":"https:\/\/hotelgastro.ch\/fr\/","logo":{"@type":"ImageObject","inLanguage":"fr-FR","@id":"https:\/\/hotelgastro.ch\/fr\/#\/schema\/logo\/image\/","url":"https:\/\/hotelgastro.ch\/wp-content\/uploads\/2026\/02\/HGf_3Verbandslogo_feb2026_FR.svg","contentUrl":"https:\/\/hotelgastro.ch\/wp-content\/uploads\/2026\/02\/HGf_3Verbandslogo_feb2026_FR.svg","width":377,"height":61,"caption":"Karriere Hotel Gastro"},"image":{"@id":"https:\/\/hotelgastro.ch\/fr\/#\/schema\/logo\/image\/"},"sameAs":["https:\/\/www.facebook.com\/hgfschweiz","https:\/\/www.linkedin.com\/company\/hotelgastroformationschweiz\/posts\/?feedView=all"]}]}},"_links":{"self":[{"href":"https:\/\/hotelgastro.ch\/fr\/wp-json\/wp\/v2\/pages\/6095","targetHints":{"allow":["GET"]}}],"collection":[{"href":"https:\/\/hotelgastro.ch\/fr\/wp-json\/wp\/v2\/pages"}],"about":[{"href":"https:\/\/hotelgastro.ch\/fr\/wp-json\/wp\/v2\/types\/page"}],"author":[{"embeddable":true,"href":"https:\/\/hotelgastro.ch\/fr\/wp-json\/wp\/v2\/users\/1"}],"replies":[{"embeddable":true,"href":"https:\/\/hotelgastro.ch\/fr\/wp-json\/wp\/v2\/comments?post=6095"}],"version-history":[{"count":5,"href":"https:\/\/hotelgastro.ch\/fr\/wp-json\/wp\/v2\/pages\/6095\/revisions"}],"predecessor-version":[{"id":6329,"href":"https:\/\/hotelgastro.ch\/fr\/wp-json\/wp\/v2\/pages\/6095\/revisions\/6329"}],"up":[{"embeddable":true,"href":"https:\/\/hotelgastro.ch\/fr\/wp-json\/wp\/v2\/pages\/4031"}],"wp:attachment":[{"href":"https:\/\/hotelgastro.ch\/fr\/wp-json\/wp\/v2\/media?parent=6095"}],"curies":[{"name":"wp","href":"https:\/\/api.w.org\/{rel}","templated":true}]}}