{"id":2802,"date":"2025-12-12T15:12:17","date_gmt":"2025-12-12T15:12:17","guid":{"rendered":"https:\/\/hotelgastro.ch\/swissskills-worldskills\/"},"modified":"2026-03-06T09:21:16","modified_gmt":"2026-03-06T09:21:16","slug":"swissskills-worldskills","status":"publish","type":"page","link":"https:\/\/hotelgastro.ch\/it\/swissskills-worldskills\/","title":{"rendered":"SwissSkills\/WorldSkills"},"content":{"rendered":"\n<div class=\"wp-block-group alignwide is-layout-constrained wp-block-group-is-layout-constrained\">\n<div class=\"wp-block-columns alignwide is-layout-flex wp-container-core-columns-is-layout-28f84493 wp-block-columns-is-layout-flex\">\n<div class=\"wp-block-column is-layout-flow wp-block-column-is-layout-flow\" style=\"flex-basis:66.66%\">\n<p>Per gli spettatori, le competizioni sono un&#8217;esperienza impressionante. Mostrano giovani professionisti in azione e rendono visibile quanta abilit\u00e0, impegno e potenziale futuro ci sia nella formazione professionale. Anche per i giovani che si orientano verso una professione diventa chiaro: la formazione professionale \u00e8 un&#8217;alternativa valida, attraente e di pari valore rispetto ad altri percorsi formativi, sia in Svizzera che a livello internazionale.  <\/p>\n<\/div>\n\n\n\n<div class=\"wp-block-column is-layout-flow wp-block-column-is-layout-flow\" style=\"flex-basis:33.33%\"><\/div>\n<\/div>\n<\/div>\n<div style=\"background-color: #f5f5f5;\" class=\"hgf-accordion-item alignfull wp-block-hgf-accordion-item has-background has-f-5-f-5-f-5-background-color\" data-open-default=\"false\">\n\t<button\n\t\tclass=\"hgf-accordion-item__header\"\n\t\taria-expanded=\"false\"\n\t\taria-controls=\"accordion-content-1\"\n\t>\n\t\t\t\t\t<h3 class=\"hgf-accordion-item__title\">\n\t\t\t\tSwissSkills\t\t\t<\/h3>\n\t\t\t\t<figure class=\"hgf-accordion-item__toggle-icon\"><\/figure>\n\t\t\t<\/button>\n\t<div\n\t\tid=\"accordion-content-1\"\n\t\tclass=\"hgf-accordion-item__content\"\n\t\taria-hidden=\"true\"\n\t>\n\t\t<div class=\"hgf-accordion-item__content-inner\">\n\t\t\t<div class=\"hgf-accordion-item__content-container\">\n\t\t\t\t\n\n<p><strong>Campionati nazionali delle professioni per giovani talenti<\/strong><\/p>\n\n\n\n<div style=\"height:28px\" aria-hidden=\"true\" class=\"wp-block-spacer\"><\/div>\n\n\n\n<p>SwissSkills sono i campionati svizzeri delle professioni per giovani professionisti provenienti da una grande variet\u00e0 di settori. Su un palcoscenico nazionale, giovani promesse impegnate si incontrano e mostrano cosa sanno fare in condizioni realistiche. Non sono richieste solo conoscenze specialistiche e precisione, ma anche creativit\u00e0, passione, talento e la volont\u00e0 di superare i propri limiti.  <\/p>\n\n\n\n<div style=\"height:28px\" aria-hidden=\"true\" class=\"wp-block-spacer\"><\/div>\n\n\n\n<p>Per noi, le professioni della gastronomia e del settore alberghiero sono al centro dell&#8217;attenzione. Giovani cuoche e cuochi, specialisti della ristorazione, del settore alberghiero-economia domestica e della reception d&#8217;albergo dimostrano in modo impressionante quanto siano versatili, stimolanti e orientate alla pratica le loro professioni \u2013 e cosa renda il settore alberghiero e della ristorazione cos\u00ec vivace, umano e unico. <\/p>\n\n\n\n<div style=\"height:28px\" aria-hidden=\"true\" class=\"wp-block-spacer\"><\/div>\n\n\n\n<p>SwissSkills rendono visibile quanto sia efficiente e orientata al futuro la formazione professionale in Svizzera. Mostrano a giovani e genitori che una formazione professionale di base \u2013 specialmente nel settore alberghiero e della ristorazione \u2013 apre prospettive reali e offre molteplici opportunit\u00e0 di perfezionamento e carriera. <\/p>\n\n\n\n<div style=\"height:28px\" aria-hidden=\"true\" class=\"wp-block-spacer\"><\/div>\n\n\n\n<p>Scopri di pi\u00f9 su SwissSkills qui: <a href=\"https:\/\/swiss-skills.ch\/de\">SwissSkills 2025<\/a><\/p>\n\n\t\t\t<\/div>\n\t\t<\/div>\n\t<\/div>\n<\/div>\n<div style=\"background-color: #f5f5f5;\" class=\"hgf-accordion-item alignfull wp-block-hgf-accordion-item has-background has-f-5-f-5-f-5-background-color\" data-open-default=\"false\">\n\t<button\n\t\tclass=\"hgf-accordion-item__header\"\n\t\taria-expanded=\"false\"\n\t\taria-controls=\"accordion-content-2\"\n\t>\n\t\t\t\t\t<h3 class=\"hgf-accordion-item__title\">\n\t\t\t\tWorldSkills\t\t\t<\/h3>\n\t\t\t\t<figure class=\"hgf-accordion-item__toggle-icon\"><\/figure>\n\t\t\t<\/button>\n\t<div\n\t\tid=\"accordion-content-2\"\n\t\tclass=\"hgf-accordion-item__content\"\n\t\taria-hidden=\"true\"\n\t>\n\t\t<div class=\"hgf-accordion-item__content-inner\">\n\t\t\t<div class=\"hgf-accordion-item__content-container\">\n\t\t\t\t\n\n<p><strong>Giovani talenti si misurano a livello internazionale<\/strong><\/p>\n\n\n\n<div style=\"height:28px\" aria-hidden=\"true\" class=\"wp-block-spacer\"><\/div>\n\n\n\n<p>Ci\u00f2 che SwissSkills rappresenta per la Svizzera, WorldSkills lo rappresenta per il mondo: campionati internazionali delle professioni ai massimi livelli. Sono sinonimo di eccellenza, qualit\u00e0 e dell&#8217;importanza internazionale della formazione professionale. <\/p>\n\n\n\n<div style=\"height:28px\" aria-hidden=\"true\" class=\"wp-block-spacer\"><\/div>\n\n\n\n<p>Ogni due anni, centinaia di giovani professionisti di talento provenienti da tutto il mondo si incontrano per mettere alla prova le proprie abilit\u00e0 professionali in un confronto internazionale. Nelle professioni artigianali, industriali e dei servizi, lavorano in condizioni di gara realistiche \u2013 osservati da perite e periti e da un vasto pubblico \u2013 con l&#8217;obiettivo di far parte dei migliori al mondo. <\/p>\n\n\n\n<div style=\"height:28px\" aria-hidden=\"true\" class=\"wp-block-spacer\"><\/div>\n\n\n\n<p>Possono partecipare giovani professionisti fino a un massimo di 22 anni provenienti da circa 75 paesi membri di WorldSkills International. Si sono qualificati in precedenza in competizioni regionali e nazionali e appartengono quindi all&#8217;\u00e9lite del proprio paese. <\/p>\n\n\n\n<div style=\"height:28px\" aria-hidden=\"true\" class=\"wp-block-spacer\"><\/div>\n\n\n\n<p>Oltre alla competizione, WorldSkills promuove il confronto internazionale degli standard di competenza e lo scambio professionale oltre i confini nazionali. Le conoscenze acquisite forniscono impulsi preziosi per professionisti, aziende e responsabili della formazione, contribuendo al continuo sviluppo della formazione professionale. Allo stesso tempo, le competizioni ispirano a conoscere nuove tecniche, accogliere innovazioni e sviluppare ulteriormente gli standard esistenti.  <\/p>\n\n\n\n<div style=\"height:28px\" aria-hidden=\"true\" class=\"wp-block-spacer\"><\/div>\n\n\n\n<p>Scopri di pi\u00f9 su WorldSkills qui: <a href=\"https:\/\/worldskills.org\/\">WorldSkills<\/a><\/p>\n\n\t\t\t<\/div>\n\t\t<\/div>\n\t<\/div>\n<\/div>\n<div style=\"background-color: #f5f5f5;\" class=\"hgf-accordion-item alignfull wp-block-hgf-accordion-item has-background has-f-5-f-5-f-5-background-color\" data-open-default=\"false\">\n\t<button\n\t\tclass=\"hgf-accordion-item__header\"\n\t\taria-expanded=\"false\"\n\t\taria-controls=\"accordion-content-3\"\n\t>\n\t\t\t\t\t<h3 class=\"hgf-accordion-item__title\">\n\t\t\t\tSwissSkills \/ WorldSkills GastroClub\t\t\t<\/h3>\n\t\t\t\t<figure class=\"hgf-accordion-item__toggle-icon\"><\/figure>\n\t\t\t<\/button>\n\t<div\n\t\tid=\"accordion-content-3\"\n\t\tclass=\"hgf-accordion-item__content\"\n\t\taria-hidden=\"true\"\n\t>\n\t\t<div class=\"hgf-accordion-item__content-inner\">\n\t\t\t<div class=\"hgf-accordion-item__content-container\">\n\t\t\t\t\n\n<p><strong>Passione, abilit\u00e0 e impegno meritano un palcoscenico. Con la tua adesione al SwissSkills \/ WorldSkills GastroClub rendi possibili prestazioni internazionali di alto livello nel settore alberghiero e della ristorazione. Clicca qui per l&#8217;iscrizione<\/strong>: Link<\/p>\n\n\n\n<div style=\"height:28px\" aria-hidden=\"true\" class=\"wp-block-spacer\"><\/div>\n\n\n\n<p>La partecipazione a SwissSkills e WorldSkills richiede ai nostri giovani professionisti non solo abilit\u00e0 eccezionali, ma anche notevoli risorse finanziarie. \u00c8 proprio qui che interviene il SwissSkills \/ WorldSkills GastroClub: attraverso un sostegno finanziario mirato, permette ai giovani talenti della gastronomia e del settore alberghiero di partecipare ai campionati professionali nazionali e internazionali. <\/p>\n\n\n\n<div style=\"height:28px\" aria-hidden=\"true\" class=\"wp-block-spacer\"><\/div>\n\n\n\n<p>Le giovani cuoche e i giovani cuochi, cos\u00ec come gli specialisti della ristorazione, del settore alberghiero-economia domestica e della reception d&#8217;albergo, rappresentano il settore gastronomico svizzero con grande impegno, alta professionalit\u00e0 e passione \u2013 sia in Svizzera che all&#8217;estero. Le loro prestazioni nelle competizioni rafforzano il prestigio del settore alberghiero e della ristorazione e portano la promessa di qualit\u00e0 della Svizzera ben oltre i confini nazionali. <\/p>\n\n\n\n<div style=\"height:28px\" aria-hidden=\"true\" class=\"wp-block-spacer\"><\/div>\n\n\n\n<p>Su ordine delle associazioni di categoria GastroSuisse, HotellerieSuisse e Hotel &amp; Gastro Union, Hotel &amp; Gastro formation Svizzera organizza la partecipazione a SwissSkills e WorldSkills. Gli allenamenti necessari, le infrastrutture per le gare, i viaggi e gli accompagnamenti sono realizzabili solo grazie ai contributi finanziari del SwissSkills \/ WorldSkills GastroClub. <\/p>\n\n\n\n<div style=\"height:28px\" aria-hidden=\"true\" class=\"wp-block-spacer\"><\/div>\n\n\n\n<p>Con l&#8217;adesione al GastroClub, aziende, istituzioni e privati forniscono un contributo diretto ed efficace: assicurano lo svolgimento dei campionati svizzeri, permettono la partecipazione ai campionati mondiali e investono concretamente nella visibilit\u00e0, credibilit\u00e0 e sostenibilit\u00e0 futura della gastronomia svizzera.<\/p>\n\n\t\t\t<\/div>\n\t\t<\/div>\n\t<\/div>\n<\/div>\n\n<p><\/p>\n\n<p><\/p>\n\n<p><\/p>\n","protected":false},"excerpt":{"rendered":"<p>Per gli spettatori, le competizioni sono un&#8217;esperienza impressionante. Mostrano giovani professionisti in azione e rendono visibile quanta abilit\u00e0, impegno e potenziale futuro ci sia nella formazione professionale. Anche per i giovani che si orientano verso una professione diventa chiaro: la formazione professionale \u00e8 un&#8217;alternativa valida, attraente e di pari valore rispetto ad altri percorsi formativi, [&hellip;]<\/p>\n","protected":false},"author":1,"featured_media":0,"parent":0,"menu_order":0,"comment_status":"closed","ping_status":"closed","template":"","meta":{"_acf_changed":false,"footnotes":""},"class_list":["post-2802","page","type-page","status-publish","hentry"],"acf":[],"yoast_head":"<!-- This site is optimized with the Yoast SEO plugin v27.0 - https:\/\/yoast.com\/product\/yoast-seo-wordpress\/ -->\n<title>SwissSkills\/WorldSkills - Hotel &amp; Gastro formation<\/title>\n<meta name=\"robots\" content=\"index, follow, max-snippet:-1, max-image-preview:large, max-video-preview:-1\" \/>\n<link rel=\"canonical\" href=\"https:\/\/hotelgastro.ch\/it\/swissskills-worldskills\/\" \/>\n<meta property=\"og:locale\" content=\"it_IT\" \/>\n<meta property=\"og:type\" content=\"article\" \/>\n<meta property=\"og:title\" content=\"SwissSkills\/WorldSkills - Hotel &amp; Gastro formation\" \/>\n<meta property=\"og:description\" content=\"Per gli spettatori, le competizioni sono un&#8217;esperienza impressionante. Mostrano giovani professionisti in azione e rendono visibile quanta abilit\u00e0, impegno e potenziale futuro ci sia nella formazione professionale. Anche per i giovani che si orientano verso una professione diventa chiaro: la formazione professionale \u00e8 un&#8217;alternativa valida, attraente e di pari valore rispetto ad altri percorsi formativi, [&hellip;]\" \/>\n<meta property=\"og:url\" content=\"https:\/\/hotelgastro.ch\/it\/swissskills-worldskills\/\" \/>\n<meta property=\"og:site_name\" content=\"Hotel &amp; Gastro formation\" \/>\n<meta property=\"article:publisher\" content=\"https:\/\/www.facebook.com\/hgfschweiz\" \/>\n<meta property=\"article:modified_time\" content=\"2026-03-06T09:21:16+00:00\" \/>\n<meta name=\"twitter:card\" content=\"summary_large_image\" \/>\n<meta name=\"twitter:label1\" content=\"Tempo di lettura stimato\" \/>\n\t<meta name=\"twitter:data1\" content=\"3 minuto\" \/>\n<script type=\"application\/ld+json\" class=\"yoast-schema-graph\">{\"@context\":\"https:\/\/schema.org\",\"@graph\":[{\"@type\":\"WebPage\",\"@id\":\"https:\/\/hotelgastro.ch\/it\/swissskills-worldskills\/\",\"url\":\"https:\/\/hotelgastro.ch\/it\/swissskills-worldskills\/\",\"name\":\"SwissSkills\/WorldSkills - Hotel &amp; Gastro formation\",\"isPartOf\":{\"@id\":\"https:\/\/hotelgastro.ch\/it\/#website\"},\"datePublished\":\"2025-12-12T15:12:17+00:00\",\"dateModified\":\"2026-03-06T09:21:16+00:00\",\"breadcrumb\":{\"@id\":\"https:\/\/hotelgastro.ch\/it\/swissskills-worldskills\/#breadcrumb\"},\"inLanguage\":\"it-IT\",\"potentialAction\":[{\"@type\":\"ReadAction\",\"target\":[\"https:\/\/hotelgastro.ch\/it\/swissskills-worldskills\/\"]}]},{\"@type\":\"BreadcrumbList\",\"@id\":\"https:\/\/hotelgastro.ch\/it\/swissskills-worldskills\/#breadcrumb\",\"itemListElement\":[{\"@type\":\"ListItem\",\"position\":1,\"name\":\"Home\",\"item\":\"https:\/\/hotelgastro.ch\/it\/\"},{\"@type\":\"ListItem\",\"position\":2,\"name\":\"SwissSkills\/WorldSkills\"}]},{\"@type\":\"WebSite\",\"@id\":\"https:\/\/hotelgastro.ch\/it\/#website\",\"url\":\"https:\/\/hotelgastro.ch\/it\/\",\"name\":\"Karriere Hotel Gastro\",\"description\":\"\",\"publisher\":{\"@id\":\"https:\/\/hotelgastro.ch\/it\/#organization\"},\"potentialAction\":[{\"@type\":\"SearchAction\",\"target\":{\"@type\":\"EntryPoint\",\"urlTemplate\":\"https:\/\/hotelgastro.ch\/it\/?s={search_term_string}\"},\"query-input\":{\"@type\":\"PropertyValueSpecification\",\"valueRequired\":true,\"valueName\":\"search_term_string\"}}],\"inLanguage\":\"it-IT\"},{\"@type\":\"Organization\",\"@id\":\"https:\/\/hotelgastro.ch\/it\/#organization\",\"name\":\"Karriere Hotel Gastro\",\"url\":\"https:\/\/hotelgastro.ch\/it\/\",\"logo\":{\"@type\":\"ImageObject\",\"inLanguage\":\"it-IT\",\"@id\":\"https:\/\/hotelgastro.ch\/it\/#\/schema\/logo\/image\/\",\"url\":\"https:\/\/hotelgastro.ch\/wp-content\/uploads\/2026\/02\/HGf_3Verbandslogos_NEU_Feb2026I_FINAL-3.svg\",\"contentUrl\":\"https:\/\/hotelgastro.ch\/wp-content\/uploads\/2026\/02\/HGf_3Verbandslogos_NEU_Feb2026I_FINAL-3.svg\",\"width\":377,\"height\":61,\"caption\":\"Karriere Hotel Gastro\"},\"image\":{\"@id\":\"https:\/\/hotelgastro.ch\/it\/#\/schema\/logo\/image\/\"},\"sameAs\":[\"https:\/\/www.facebook.com\/hgfschweiz\",\"https:\/\/www.linkedin.com\/company\/hotelgastroformationschweiz\/posts\/?feedView=all\"]}]}<\/script>\n<!-- \/ Yoast SEO plugin. -->","yoast_head_json":{"title":"SwissSkills\/WorldSkills - Hotel &amp; Gastro formation","robots":{"index":"index","follow":"follow","max-snippet":"max-snippet:-1","max-image-preview":"max-image-preview:large","max-video-preview":"max-video-preview:-1"},"canonical":"https:\/\/hotelgastro.ch\/it\/swissskills-worldskills\/","og_locale":"it_IT","og_type":"article","og_title":"SwissSkills\/WorldSkills - Hotel &amp; Gastro formation","og_description":"Per gli spettatori, le competizioni sono un&#8217;esperienza impressionante. Mostrano giovani professionisti in azione e rendono visibile quanta abilit\u00e0, impegno e potenziale futuro ci sia nella formazione professionale. Anche per i giovani che si orientano verso una professione diventa chiaro: la formazione professionale \u00e8 un&#8217;alternativa valida, attraente e di pari valore rispetto ad altri percorsi formativi, [&hellip;]","og_url":"https:\/\/hotelgastro.ch\/it\/swissskills-worldskills\/","og_site_name":"Hotel &amp; Gastro formation","article_publisher":"https:\/\/www.facebook.com\/hgfschweiz","article_modified_time":"2026-03-06T09:21:16+00:00","twitter_card":"summary_large_image","twitter_misc":{"Tempo di lettura stimato":"3 minuto"},"schema":{"@context":"https:\/\/schema.org","@graph":[{"@type":"WebPage","@id":"https:\/\/hotelgastro.ch\/it\/swissskills-worldskills\/","url":"https:\/\/hotelgastro.ch\/it\/swissskills-worldskills\/","name":"SwissSkills\/WorldSkills - Hotel &amp; Gastro formation","isPartOf":{"@id":"https:\/\/hotelgastro.ch\/it\/#website"},"datePublished":"2025-12-12T15:12:17+00:00","dateModified":"2026-03-06T09:21:16+00:00","breadcrumb":{"@id":"https:\/\/hotelgastro.ch\/it\/swissskills-worldskills\/#breadcrumb"},"inLanguage":"it-IT","potentialAction":[{"@type":"ReadAction","target":["https:\/\/hotelgastro.ch\/it\/swissskills-worldskills\/"]}]},{"@type":"BreadcrumbList","@id":"https:\/\/hotelgastro.ch\/it\/swissskills-worldskills\/#breadcrumb","itemListElement":[{"@type":"ListItem","position":1,"name":"Home","item":"https:\/\/hotelgastro.ch\/it\/"},{"@type":"ListItem","position":2,"name":"SwissSkills\/WorldSkills"}]},{"@type":"WebSite","@id":"https:\/\/hotelgastro.ch\/it\/#website","url":"https:\/\/hotelgastro.ch\/it\/","name":"Karriere Hotel Gastro","description":"","publisher":{"@id":"https:\/\/hotelgastro.ch\/it\/#organization"},"potentialAction":[{"@type":"SearchAction","target":{"@type":"EntryPoint","urlTemplate":"https:\/\/hotelgastro.ch\/it\/?s={search_term_string}"},"query-input":{"@type":"PropertyValueSpecification","valueRequired":true,"valueName":"search_term_string"}}],"inLanguage":"it-IT"},{"@type":"Organization","@id":"https:\/\/hotelgastro.ch\/it\/#organization","name":"Karriere Hotel Gastro","url":"https:\/\/hotelgastro.ch\/it\/","logo":{"@type":"ImageObject","inLanguage":"it-IT","@id":"https:\/\/hotelgastro.ch\/it\/#\/schema\/logo\/image\/","url":"https:\/\/hotelgastro.ch\/wp-content\/uploads\/2026\/02\/HGf_3Verbandslogos_NEU_Feb2026I_FINAL-3.svg","contentUrl":"https:\/\/hotelgastro.ch\/wp-content\/uploads\/2026\/02\/HGf_3Verbandslogos_NEU_Feb2026I_FINAL-3.svg","width":377,"height":61,"caption":"Karriere Hotel Gastro"},"image":{"@id":"https:\/\/hotelgastro.ch\/it\/#\/schema\/logo\/image\/"},"sameAs":["https:\/\/www.facebook.com\/hgfschweiz","https:\/\/www.linkedin.com\/company\/hotelgastroformationschweiz\/posts\/?feedView=all"]}]}},"_links":{"self":[{"href":"https:\/\/hotelgastro.ch\/it\/wp-json\/wp\/v2\/pages\/2802","targetHints":{"allow":["GET"]}}],"collection":[{"href":"https:\/\/hotelgastro.ch\/it\/wp-json\/wp\/v2\/pages"}],"about":[{"href":"https:\/\/hotelgastro.ch\/it\/wp-json\/wp\/v2\/types\/page"}],"author":[{"embeddable":true,"href":"https:\/\/hotelgastro.ch\/it\/wp-json\/wp\/v2\/users\/1"}],"replies":[{"embeddable":true,"href":"https:\/\/hotelgastro.ch\/it\/wp-json\/wp\/v2\/comments?post=2802"}],"version-history":[{"count":1,"href":"https:\/\/hotelgastro.ch\/it\/wp-json\/wp\/v2\/pages\/2802\/revisions"}],"predecessor-version":[{"id":2804,"href":"https:\/\/hotelgastro.ch\/it\/wp-json\/wp\/v2\/pages\/2802\/revisions\/2804"}],"wp:attachment":[{"href":"https:\/\/hotelgastro.ch\/it\/wp-json\/wp\/v2\/media?parent=2802"}],"curies":[{"name":"wp","href":"https:\/\/api.w.org\/{rel}","templated":true}]}}