{"id":4069,"date":"2025-11-25T13:19:13","date_gmt":"2025-11-25T13:19:13","guid":{"rendered":"https:\/\/hotelgastro.ch\/riconoscimento-di-diplomi-e-competenze\/"},"modified":"2026-03-06T09:24:06","modified_gmt":"2026-03-06T09:24:06","slug":"riconoscimento-di-diplomi-e-competenze","status":"publish","type":"page","link":"https:\/\/hotelgastro.ch\/it\/riconoscimento-di-diplomi-e-competenze\/","title":{"rendered":"Riconoscimento di diplomi e competenze"},"content":{"rendered":"\n<div class=\"wp-block-group is-layout-constrained wp-block-group-is-layout-constrained\">\n<div class=\"wp-block-columns alignwide is-layout-flex wp-container-core-columns-is-layout-28f84493 wp-block-columns-is-layout-flex\">\n<div class=\"wp-block-column is-layout-flow wp-block-column-is-layout-flow\" style=\"flex-basis:66.66%\">\n<p>La mobilit\u00e0 dei professionisti e delle aziende sta acquisendo sempre pi\u00f9 importanza nel mondo del lavoro. Un ruolo centrale \u00e8 svolto dal riconoscimento dei diplomi esteri. In molte professioni questo \u00e8 un requisito per esercitare la professione in Svizzera.  <\/p>\n\n\n\n<p>La Svizzera \u00e8 integrata nel sistema europeo di riconoscimento delle qualifiche professionali e collabora strettamente con l&#8217;UE nell&#8217;ambito della libera circolazione delle persone. Anche i diplomi di paesi terzi possono essere riconosciuti in Svizzera a determinate condizioni.  <\/p>\n\n\n\n<p>Qui scopri come funziona il riconoscimento di diplomi e competenze.<\/p>\n\n\n\n<div style=\"height:25px\" aria-hidden=\"true\" class=\"wp-block-spacer\"><\/div>\n\n\n\n<div class=\"wp-block-buttons is-layout-flex wp-block-buttons-is-layout-flex\">\n<div class=\"wp-block-button\"><a class=\"wp-block-button__link wp-element-button\" href=\"https:\/\/www.recognition.swiss\/de\/\" target=\"_blank\" rel=\"noreferrer noopener\">anerkennung.swiss<\/a><\/div>\n<\/div>\n<\/div>\n\n\n\n<div class=\"wp-block-column is-layout-flow wp-block-column-is-layout-flow\" style=\"flex-basis:33.33%\"><\/div>\n<\/div>\n<\/div>\n<div style=\"background-color: #f5f5f5;\" class=\"hgf-accordion-item alignwide wp-block-hgf-accordion-item has-background has-f-5-f-5-f-5-background-color\" data-open-default=\"false\">\n\t<button\n\t\tclass=\"hgf-accordion-item__header\"\n\t\taria-expanded=\"false\"\n\t\taria-controls=\"accordion-content-1\"\n\t>\n\t\t\t\t\t<h3 class=\"hgf-accordion-item__title\">\n\t\t\t\tCosa significa un riconoscimento\t\t\t<\/h3>\n\t\t\t\t<figure class=\"hgf-accordion-item__toggle-icon\"><\/figure>\n\t\t\t<\/button>\n\t<div\n\t\tid=\"accordion-content-1\"\n\t\tclass=\"hgf-accordion-item__content\"\n\t\taria-hidden=\"true\"\n\t>\n\t\t<div class=\"hgf-accordion-item__content-inner\">\n\t\t\t<div class=\"hgf-accordion-item__content-container\">\n\t\t\t\t\n\n<p>Con un riconoscimento viene confermato che la tua qualifica professionale estera \u00e8 equivalente a un titolo svizzero. \u00c8 necessario se vuoi esercitare una <strong>professione regolamentata<\/strong>, ovvero una professione per la quale \u00e8 richiesto per legge un determinato titolo. <\/p>\n\n\n\n<div style=\"height:24px\" aria-hidden=\"true\" class=\"wp-block-spacer\"><\/div>\n\n\n\n<p>Non ottieni un titolo svizzero, ma una <strong>decisione di riconoscimento<\/strong>. Questa ha tuttavia lo stesso valore professionale e ti autorizza a esercitare la professione corrispondente in Svizzera. <\/p>\n\n\n\n<div style=\"height:23px\" aria-hidden=\"true\" class=\"wp-block-spacer\"><\/div>\n\n\n\n<div class=\"wp-block-buttons is-layout-flex wp-block-buttons-is-layout-flex\">\n<div class=\"wp-block-button\"><a class=\"wp-block-button__link wp-element-button\" href=\"https:\/\/www.becc.admin.ch\/becc\/public\/bvz\/\" target=\"_blank\" rel=\"noreferrer noopener\">Elenco delle professioni<\/a><\/div>\n<\/div>\n\n\t\t\t<\/div>\n\t\t<\/div>\n\t<\/div>\n<\/div>\n<div style=\"background-color: #f5f5f5;\" class=\"hgf-accordion-item alignwide wp-block-hgf-accordion-item has-background has-f-5-f-5-f-5-background-color\" data-open-default=\"false\">\n\t<button\n\t\tclass=\"hgf-accordion-item__header\"\n\t\taria-expanded=\"false\"\n\t\taria-controls=\"accordion-content-2\"\n\t>\n\t\t\t\t\t<h3 class=\"hgf-accordion-item__title\">\n\t\t\t\tRegolamentata o no &#8211; qual \u00e8 la differenza?\t\t\t<\/h3>\n\t\t\t\t<figure class=\"hgf-accordion-item__toggle-icon\"><\/figure>\n\t\t\t<\/button>\n\t<div\n\t\tid=\"accordion-content-2\"\n\t\tclass=\"hgf-accordion-item__content\"\n\t\taria-hidden=\"true\"\n\t>\n\t\t<div class=\"hgf-accordion-item__content-inner\">\n\t\t\t<div class=\"hgf-accordion-item__content-container\">\n\t\t\t\t\n\n<p>Una professione \u00e8 considerata <strong>regolamentata<\/strong> quando il suo esercizio \u00e8 disciplinato per legge e viene richiesto un riconoscimento formale.<\/p>\n\n\n\n<div style=\"height:24px\" aria-hidden=\"true\" class=\"wp-block-spacer\"><\/div>\n\n\n\n<p>Se la tua professione <strong>non \u00e8 regolamentata<\/strong>, puoi lavorare anche senza riconoscimento e candidarti direttamente. Anche se in questo caso il riconoscimento non \u00e8 prescritto per legge, i datori di lavoro possono comunque decidere autonomamente se richiederlo come criterio di assunzione. <\/p>\n\n\n\n<div style=\"height:49px\" aria-hidden=\"true\" class=\"wp-block-spacer\"><\/div>\n\n\n\n<p>Qui trovi maggiori informazioni sulle professioni regolamentate<\/p>\n\n\n\n<div style=\"height:23px\" aria-hidden=\"true\" class=\"wp-block-spacer\"><\/div>\n\n\n\n<div class=\"wp-block-buttons is-layout-flex wp-block-buttons-is-layout-flex\">\n<div class=\"wp-block-button\"><a class=\"wp-block-button__link wp-element-button\" href=\"https:\/\/www.anerkennung.swiss\/\" target=\"_blank\" rel=\"noreferrer noopener\">anerkennung.swiss<\/a><\/div>\n<\/div>\n\n\t\t\t<\/div>\n\t\t<\/div>\n\t<\/div>\n<\/div>\n<div style=\"background-color: #f5f5f5;\" class=\"hgf-accordion-item alignwide wp-block-hgf-accordion-item has-background has-f-5-f-5-f-5-background-color\" data-open-default=\"false\">\n\t<button\n\t\tclass=\"hgf-accordion-item__header\"\n\t\taria-expanded=\"false\"\n\t\taria-controls=\"accordion-content-3\"\n\t>\n\t\t\t\t\t<h3 class=\"hgf-accordion-item__title\">\n\t\t\t\tCome viene valutato il livello di formazione?\t\t\t<\/h3>\n\t\t\t\t<figure class=\"hgf-accordion-item__toggle-icon\"><\/figure>\n\t\t\t<\/button>\n\t<div\n\t\tid=\"accordion-content-3\"\n\t\tclass=\"hgf-accordion-item__content\"\n\t\taria-hidden=\"true\"\n\t>\n\t\t<div class=\"hgf-accordion-item__content-inner\">\n\t\t\t<div class=\"hgf-accordion-item__content-container\">\n\t\t\t\t\n\n<p>Puoi confrontare informalmente la tua formazione con il sistema svizzero, ad esempio tramite:<\/p>\n\n\n\n<div style=\"height:24px\" aria-hidden=\"true\" class=\"wp-block-spacer\"><\/div>\n\n\n\n<ul class=\"wp-block-list\">\n<li>il <strong>Quadro Europeo delle Qualifiche (QEQ)<\/strong> per i titoli europei<\/li>\n<\/ul>\n\n\n\n<ul class=\"wp-block-list\">\n<li>la <strong>classificazione ISCED<\/strong> per i titoli conseguiti fuori dall&#8217;Europa<\/li>\n<\/ul>\n\n\n\n<div style=\"height:24px\" aria-hidden=\"true\" class=\"wp-block-spacer\"><\/div>\n\n\n\n<p>Inoltre, \u00e8 utile un confronto con formazioni svizzere simili (durata, livello). Queste valutazioni servono come orientamento e non sostituiscono un riconoscimento formale. <\/p>\n\n\t\t\t<\/div>\n\t\t<\/div>\n\t<\/div>\n<\/div>\n<div style=\"background-color: #f5f5f5;\" class=\"hgf-accordion-item alignwide wp-block-hgf-accordion-item has-background has-f-5-f-5-f-5-background-color\" data-open-default=\"false\">\n\t<button\n\t\tclass=\"hgf-accordion-item__header\"\n\t\taria-expanded=\"false\"\n\t\taria-controls=\"accordion-content-4\"\n\t>\n\t\t\t\t\t<h3 class=\"hgf-accordion-item__title\">\n\t\t\t\tValidit\u00e0 della decisione di riconoscimento\t\t\t<\/h3>\n\t\t\t\t<figure class=\"hgf-accordion-item__toggle-icon\"><\/figure>\n\t\t\t<\/button>\n\t<div\n\t\tid=\"accordion-content-4\"\n\t\tclass=\"hgf-accordion-item__content\"\n\t\taria-hidden=\"true\"\n\t>\n\t\t<div class=\"hgf-accordion-item__content-inner\">\n\t\t\t<div class=\"hgf-accordion-item__content-container\">\n\t\t\t\t\n\n<p>Una decisione di riconoscimento \u00e8 generalmente illimitata nel tempo. Tuttavia, se cambiano i requisiti legali, pu\u00f2 accadere che un riconoscimento precedente non sia pi\u00f9 sufficiente \u2013 questo vale anche per i titoli svizzeri. <\/p>\n\n\n\n<div class=\"wp-block-buttons is-layout-flex wp-block-buttons-is-layout-flex\"><\/div>\n\n\t\t\t<\/div>\n\t\t<\/div>\n\t<\/div>\n<\/div>\n<div style=\"background-color: #f5f5f5;\" class=\"hgf-accordion-item alignwide wp-block-hgf-accordion-item has-background has-f-5-f-5-f-5-background-color\" data-open-default=\"false\">\n\t<button\n\t\tclass=\"hgf-accordion-item__header\"\n\t\taria-expanded=\"false\"\n\t\taria-controls=\"accordion-content-5\"\n\t>\n\t\t\t\t\t<h3 class=\"hgf-accordion-item__title\">\n\t\t\t\tCome procedere \t\t\t<\/h3>\n\t\t\t\t<figure class=\"hgf-accordion-item__toggle-icon\"><\/figure>\n\t\t\t<\/button>\n\t<div\n\t\tid=\"accordion-content-5\"\n\t\tclass=\"hgf-accordion-item__content\"\n\t\taria-hidden=\"true\"\n\t>\n\t\t<div class=\"hgf-accordion-item__content-inner\">\n\t\t\t<div class=\"hgf-accordion-item__content-container\">\n\t\t\t\t\n\n<p>Cerca la tua professione su <strong><a href=\"https:\/\/www.anerkennung.swiss\/search\" type=\"link\" id=\"https:\/\/www.anerkennung.swiss\/search\" target=\"_blank\" rel=\"noreferrer noopener\">www.anerkennung.swiss<\/a><\/strong>. L\u00ec scoprirai quale ente \u00e8 competente per il riconoscimento della tua qualifica. <\/p>\n\n\n\n<div class=\"wp-block-buttons is-layout-flex wp-block-buttons-is-layout-flex\"><\/div>\n\n\t\t\t<\/div>\n\t\t<\/div>\n\t<\/div>\n<\/div>\n<div style=\"background-color: #f5f5f5;\" class=\"hgf-accordion-item alignwide wp-block-hgf-accordion-item has-background has-f-5-f-5-f-5-background-color\" data-open-default=\"false\">\n\t<button\n\t\tclass=\"hgf-accordion-item__header\"\n\t\taria-expanded=\"false\"\n\t\taria-controls=\"accordion-content-6\"\n\t>\n\t\t\t\t\t<h3 class=\"hgf-accordion-item__title\">\n\t\t\t\tRiconoscimento della tua esperienza professionale\t\t\t<\/h3>\n\t\t\t\t<figure class=\"hgf-accordion-item__toggle-icon\"><\/figure>\n\t\t\t<\/button>\n\t<div\n\t\tid=\"accordion-content-6\"\n\t\tclass=\"hgf-accordion-item__content\"\n\t\taria-hidden=\"true\"\n\t>\n\t\t<div class=\"hgf-accordion-item__content-inner\">\n\t\t\t<div class=\"hgf-accordion-item__content-container\">\n\t\t\t\t\n\n<p>Puoi far riconoscere la tua esperienza professionale tramite apposite <strong>procedure di validazione<\/strong> per adulti. Le procedure variano a seconda del cantone. Trovi informazioni presso la SEFRI o su <strong><a href=\"http:\/\/www.berufsbildungplus.ch\" target=\"_blank\" rel=\"noreferrer noopener\">www.berufsbildungplus.ch<\/a><\/strong>.  <\/p>\n\n\n\n<div class=\"wp-block-buttons is-layout-flex wp-block-buttons-is-layout-flex\"><\/div>\n\n\t\t\t<\/div>\n\t\t<\/div>\n\t<\/div>\n<\/div>\n<div style=\"background-color: #f5f5f5;\" class=\"hgf-accordion-item alignwide wp-block-hgf-accordion-item has-background has-f-5-f-5-f-5-background-color\" data-open-default=\"false\">\n\t<button\n\t\tclass=\"hgf-accordion-item__header\"\n\t\taria-expanded=\"false\"\n\t\taria-controls=\"accordion-content-7\"\n\t>\n\t\t\t\t\t<h3 class=\"hgf-accordion-item__title\">\n\t\t\t\tLavorare durante la procedura di riconoscimento\t\t\t<\/h3>\n\t\t\t\t<figure class=\"hgf-accordion-item__toggle-icon\"><\/figure>\n\t\t\t<\/button>\n\t<div\n\t\tid=\"accordion-content-7\"\n\t\tclass=\"hgf-accordion-item__content\"\n\t\taria-hidden=\"true\"\n\t>\n\t\t<div class=\"hgf-accordion-item__content-inner\">\n\t\t\t<div class=\"hgf-accordion-item__content-container\">\n\t\t\t\t\n\n<p>Esercitare la tua professione durante la procedura di riconoscimento \u00e8 in linea di principio possibile, <strong>a condizione che la tua professione non sia regolamentata<\/strong> e che tu abbia richiesto il riconoscimento volontariamente.<\/p>\n\n\n\n<div style=\"height:24px\" aria-hidden=\"true\" class=\"wp-block-spacer\"><\/div>\n\n\n\n<p>A seconda del cantone pu\u00f2 essere necessaria anche un&#8217;<strong>autorizzazione all&#8217;esercizio della professione<\/strong>. \u00c8 meglio chiarire questo aspetto direttamente con il cantone in cui desideri lavorare. <\/p>\n\n\t\t\t<\/div>\n\t\t<\/div>\n\t<\/div>\n<\/div>\n\n<p><\/p>\n","protected":false},"excerpt":{"rendered":"<p>La mobilit\u00e0 dei professionisti e delle aziende sta acquisendo sempre pi\u00f9 importanza nel mondo del lavoro. Un ruolo centrale \u00e8 svolto dal riconoscimento dei diplomi esteri. In molte professioni questo \u00e8 un requisito per esercitare la professione in Svizzera. La Svizzera \u00e8 integrata nel sistema europeo di riconoscimento delle qualifiche professionali e collabora strettamente con [&hellip;]<\/p>\n","protected":false},"author":1,"featured_media":0,"parent":0,"menu_order":0,"comment_status":"closed","ping_status":"closed","template":"","meta":{"_acf_changed":false,"footnotes":""},"class_list":["post-4069","page","type-page","status-publish","hentry"],"acf":[],"yoast_head":"<!-- This site is optimized with the Yoast SEO plugin v27.0 - https:\/\/yoast.com\/product\/yoast-seo-wordpress\/ -->\n<title>Riconoscimento di diplomi e competenze - Hotel &amp; Gastro formation<\/title>\n<meta name=\"robots\" content=\"index, follow, max-snippet:-1, max-image-preview:large, max-video-preview:-1\" \/>\n<link rel=\"canonical\" href=\"https:\/\/hotelgastro.ch\/it\/riconoscimento-di-diplomi-e-competenze\/\" \/>\n<meta property=\"og:locale\" content=\"it_IT\" \/>\n<meta property=\"og:type\" content=\"article\" \/>\n<meta property=\"og:title\" content=\"Riconoscimento di diplomi e competenze - Hotel &amp; Gastro formation\" \/>\n<meta property=\"og:description\" content=\"La mobilit\u00e0 dei professionisti e delle aziende sta acquisendo sempre pi\u00f9 importanza nel mondo del lavoro. Un ruolo centrale \u00e8 svolto dal riconoscimento dei diplomi esteri. In molte professioni questo \u00e8 un requisito per esercitare la professione in Svizzera. La Svizzera \u00e8 integrata nel sistema europeo di riconoscimento delle qualifiche professionali e collabora strettamente con [&hellip;]\" \/>\n<meta property=\"og:url\" content=\"https:\/\/hotelgastro.ch\/it\/riconoscimento-di-diplomi-e-competenze\/\" \/>\n<meta property=\"og:site_name\" content=\"Hotel &amp; Gastro formation\" \/>\n<meta property=\"article:publisher\" content=\"https:\/\/www.facebook.com\/hgfschweiz\" \/>\n<meta property=\"article:modified_time\" content=\"2026-03-06T09:24:06+00:00\" \/>\n<meta name=\"twitter:card\" content=\"summary_large_image\" \/>\n<meta name=\"twitter:label1\" content=\"Tempo di lettura stimato\" \/>\n\t<meta name=\"twitter:data1\" content=\"2 minuto\" \/>\n<script type=\"application\/ld+json\" class=\"yoast-schema-graph\">{\"@context\":\"https:\/\/schema.org\",\"@graph\":[{\"@type\":\"WebPage\",\"@id\":\"https:\/\/hotelgastro.ch\/it\/riconoscimento-di-diplomi-e-competenze\/\",\"url\":\"https:\/\/hotelgastro.ch\/it\/riconoscimento-di-diplomi-e-competenze\/\",\"name\":\"Riconoscimento di diplomi e competenze - Hotel &amp; Gastro formation\",\"isPartOf\":{\"@id\":\"https:\/\/hotelgastro.ch\/it\/#website\"},\"datePublished\":\"2025-11-25T13:19:13+00:00\",\"dateModified\":\"2026-03-06T09:24:06+00:00\",\"breadcrumb\":{\"@id\":\"https:\/\/hotelgastro.ch\/it\/riconoscimento-di-diplomi-e-competenze\/#breadcrumb\"},\"inLanguage\":\"it-IT\",\"potentialAction\":[{\"@type\":\"ReadAction\",\"target\":[\"https:\/\/hotelgastro.ch\/it\/riconoscimento-di-diplomi-e-competenze\/\"]}]},{\"@type\":\"BreadcrumbList\",\"@id\":\"https:\/\/hotelgastro.ch\/it\/riconoscimento-di-diplomi-e-competenze\/#breadcrumb\",\"itemListElement\":[{\"@type\":\"ListItem\",\"position\":1,\"name\":\"Home\",\"item\":\"https:\/\/hotelgastro.ch\/it\/\"},{\"@type\":\"ListItem\",\"position\":2,\"name\":\"Riconoscimento di diplomi e competenze\"}]},{\"@type\":\"WebSite\",\"@id\":\"https:\/\/hotelgastro.ch\/it\/#website\",\"url\":\"https:\/\/hotelgastro.ch\/it\/\",\"name\":\"Karriere Hotel Gastro\",\"description\":\"\",\"publisher\":{\"@id\":\"https:\/\/hotelgastro.ch\/it\/#organization\"},\"potentialAction\":[{\"@type\":\"SearchAction\",\"target\":{\"@type\":\"EntryPoint\",\"urlTemplate\":\"https:\/\/hotelgastro.ch\/it\/?s={search_term_string}\"},\"query-input\":{\"@type\":\"PropertyValueSpecification\",\"valueRequired\":true,\"valueName\":\"search_term_string\"}}],\"inLanguage\":\"it-IT\"},{\"@type\":\"Organization\",\"@id\":\"https:\/\/hotelgastro.ch\/it\/#organization\",\"name\":\"Karriere Hotel Gastro\",\"url\":\"https:\/\/hotelgastro.ch\/it\/\",\"logo\":{\"@type\":\"ImageObject\",\"inLanguage\":\"it-IT\",\"@id\":\"https:\/\/hotelgastro.ch\/it\/#\/schema\/logo\/image\/\",\"url\":\"https:\/\/hotelgastro.ch\/wp-content\/uploads\/2026\/02\/HGf_3Verbandslogos_NEU_Feb2026I_FINAL-3.svg\",\"contentUrl\":\"https:\/\/hotelgastro.ch\/wp-content\/uploads\/2026\/02\/HGf_3Verbandslogos_NEU_Feb2026I_FINAL-3.svg\",\"width\":377,\"height\":61,\"caption\":\"Karriere Hotel Gastro\"},\"image\":{\"@id\":\"https:\/\/hotelgastro.ch\/it\/#\/schema\/logo\/image\/\"},\"sameAs\":[\"https:\/\/www.facebook.com\/hgfschweiz\",\"https:\/\/www.linkedin.com\/company\/hotelgastroformationschweiz\/posts\/?feedView=all\"]}]}<\/script>\n<!-- \/ Yoast SEO plugin. -->","yoast_head_json":{"title":"Riconoscimento di diplomi e competenze - Hotel &amp; Gastro formation","robots":{"index":"index","follow":"follow","max-snippet":"max-snippet:-1","max-image-preview":"max-image-preview:large","max-video-preview":"max-video-preview:-1"},"canonical":"https:\/\/hotelgastro.ch\/it\/riconoscimento-di-diplomi-e-competenze\/","og_locale":"it_IT","og_type":"article","og_title":"Riconoscimento di diplomi e competenze - Hotel &amp; Gastro formation","og_description":"La mobilit\u00e0 dei professionisti e delle aziende sta acquisendo sempre pi\u00f9 importanza nel mondo del lavoro. Un ruolo centrale \u00e8 svolto dal riconoscimento dei diplomi esteri. In molte professioni questo \u00e8 un requisito per esercitare la professione in Svizzera. La Svizzera \u00e8 integrata nel sistema europeo di riconoscimento delle qualifiche professionali e collabora strettamente con [&hellip;]","og_url":"https:\/\/hotelgastro.ch\/it\/riconoscimento-di-diplomi-e-competenze\/","og_site_name":"Hotel &amp; Gastro formation","article_publisher":"https:\/\/www.facebook.com\/hgfschweiz","article_modified_time":"2026-03-06T09:24:06+00:00","twitter_card":"summary_large_image","twitter_misc":{"Tempo di lettura stimato":"2 minuto"},"schema":{"@context":"https:\/\/schema.org","@graph":[{"@type":"WebPage","@id":"https:\/\/hotelgastro.ch\/it\/riconoscimento-di-diplomi-e-competenze\/","url":"https:\/\/hotelgastro.ch\/it\/riconoscimento-di-diplomi-e-competenze\/","name":"Riconoscimento di diplomi e competenze - Hotel &amp; Gastro formation","isPartOf":{"@id":"https:\/\/hotelgastro.ch\/it\/#website"},"datePublished":"2025-11-25T13:19:13+00:00","dateModified":"2026-03-06T09:24:06+00:00","breadcrumb":{"@id":"https:\/\/hotelgastro.ch\/it\/riconoscimento-di-diplomi-e-competenze\/#breadcrumb"},"inLanguage":"it-IT","potentialAction":[{"@type":"ReadAction","target":["https:\/\/hotelgastro.ch\/it\/riconoscimento-di-diplomi-e-competenze\/"]}]},{"@type":"BreadcrumbList","@id":"https:\/\/hotelgastro.ch\/it\/riconoscimento-di-diplomi-e-competenze\/#breadcrumb","itemListElement":[{"@type":"ListItem","position":1,"name":"Home","item":"https:\/\/hotelgastro.ch\/it\/"},{"@type":"ListItem","position":2,"name":"Riconoscimento di diplomi e competenze"}]},{"@type":"WebSite","@id":"https:\/\/hotelgastro.ch\/it\/#website","url":"https:\/\/hotelgastro.ch\/it\/","name":"Karriere Hotel Gastro","description":"","publisher":{"@id":"https:\/\/hotelgastro.ch\/it\/#organization"},"potentialAction":[{"@type":"SearchAction","target":{"@type":"EntryPoint","urlTemplate":"https:\/\/hotelgastro.ch\/it\/?s={search_term_string}"},"query-input":{"@type":"PropertyValueSpecification","valueRequired":true,"valueName":"search_term_string"}}],"inLanguage":"it-IT"},{"@type":"Organization","@id":"https:\/\/hotelgastro.ch\/it\/#organization","name":"Karriere Hotel Gastro","url":"https:\/\/hotelgastro.ch\/it\/","logo":{"@type":"ImageObject","inLanguage":"it-IT","@id":"https:\/\/hotelgastro.ch\/it\/#\/schema\/logo\/image\/","url":"https:\/\/hotelgastro.ch\/wp-content\/uploads\/2026\/02\/HGf_3Verbandslogos_NEU_Feb2026I_FINAL-3.svg","contentUrl":"https:\/\/hotelgastro.ch\/wp-content\/uploads\/2026\/02\/HGf_3Verbandslogos_NEU_Feb2026I_FINAL-3.svg","width":377,"height":61,"caption":"Karriere Hotel Gastro"},"image":{"@id":"https:\/\/hotelgastro.ch\/it\/#\/schema\/logo\/image\/"},"sameAs":["https:\/\/www.facebook.com\/hgfschweiz","https:\/\/www.linkedin.com\/company\/hotelgastroformationschweiz\/posts\/?feedView=all"]}]}},"_links":{"self":[{"href":"https:\/\/hotelgastro.ch\/it\/wp-json\/wp\/v2\/pages\/4069","targetHints":{"allow":["GET"]}}],"collection":[{"href":"https:\/\/hotelgastro.ch\/it\/wp-json\/wp\/v2\/pages"}],"about":[{"href":"https:\/\/hotelgastro.ch\/it\/wp-json\/wp\/v2\/types\/page"}],"author":[{"embeddable":true,"href":"https:\/\/hotelgastro.ch\/it\/wp-json\/wp\/v2\/users\/1"}],"replies":[{"embeddable":true,"href":"https:\/\/hotelgastro.ch\/it\/wp-json\/wp\/v2\/comments?post=4069"}],"version-history":[{"count":1,"href":"https:\/\/hotelgastro.ch\/it\/wp-json\/wp\/v2\/pages\/4069\/revisions"}],"predecessor-version":[{"id":4070,"href":"https:\/\/hotelgastro.ch\/it\/wp-json\/wp\/v2\/pages\/4069\/revisions\/4070"}],"wp:attachment":[{"href":"https:\/\/hotelgastro.ch\/it\/wp-json\/wp\/v2\/media?parent=4069"}],"curies":[{"name":"wp","href":"https:\/\/api.w.org\/{rel}","templated":true}]}}