{"id":5521,"date":"2026-02-26T12:14:58","date_gmt":"2026-02-26T12:14:58","guid":{"rendered":"https:\/\/hotelgastro.ch\/chi-siamo\/formazione-albergogastro\/centro-di-formazione-weggis\/preise-fur-kursteilnehmende\/"},"modified":"2026-03-06T09:25:32","modified_gmt":"2026-03-06T09:25:32","slug":"preise","status":"publish","type":"page","link":"https:\/\/hotelgastro.ch\/it\/chi-siamo\/formazione-albergogastro\/centro-di-formazione-weggis\/preise\/","title":{"rendered":"Prezzi"},"content":{"rendered":"\n<div class=\"wp-block-group is-layout-constrained wp-block-group-is-layout-constrained\">\n<p>Qui trovi una panoramica trasparente dei prezzi attuali delle nostre offerte. Siamo a tua disposizione per qualsiasi domanda: <\/p>\n\n\n\n<div class=\"wp-block-buttons is-layout-flex wp-block-buttons-is-layout-flex\">\n<div class=\"wp-block-button\"><a class=\"wp-block-button__link wp-element-button\" href=\"https:\/\/hotelgastro.ch\/it\/chi-siamo\/formazione-albergogastro\/contatto\/\" target=\"_blank\" rel=\"noreferrer noopener\">Contatto<\/a><\/div>\n<\/div>\n<\/div>\n<div style=\"background-color: background;\" class=\"hgf-accordion-item alignfull wp-block-hgf-accordion-item has-background has-background-background-color\" data-open-default=\"false\">\n\t<button\n\t\tclass=\"hgf-accordion-item__header\"\n\t\taria-expanded=\"false\"\n\t\taria-controls=\"accordion-content-1\"\n\t>\n\t\t\t\t\t<h3 class=\"hgf-accordion-item__title\">\n\t\t\t\tAffitto della sala\t\t\t<\/h3>\n\t\t\t\t<figure class=\"hgf-accordion-item__toggle-icon\"><\/figure>\n\t\t\t<\/button>\n\t<div\n\t\tid=\"accordion-content-1\"\n\t\tclass=\"hgf-accordion-item__content\"\n\t\taria-hidden=\"true\"\n\t>\n\t\t<div class=\"hgf-accordion-item__content-inner\">\n\t\t\t<div class=\"hgf-accordion-item__content-container\">\n\t\t\t\t\n\n<figure class=\"wp-block-table is-style-regular\"><table class=\"has-foreground-color has-white-background-color has-text-color has-background has-link-color has-border-color has-white-border-color has-fixed-layout\"><tbody><tr><td><strong><mark style=\"background-color:rgba(0, 0, 0, 0)\" class=\"has-inline-color has-primary-color\">Sitzungszimmer (57m<sup>2<\/sup>) <\/mark><\/strong><br\/><mark style=\"background-color:rgba(0, 0, 0, 0)\" class=\"has-inline-color has-foreground-color\">ca. 22 Personen, (z.B. Blockanordnung), Seesicht, Balkon <\/mark><\/td><td>   <strong><mark style=\"background-color:rgba(0, 0, 0, 0)\" class=\"has-inline-color has-primary-color\">CHF 300<\/mark><\/strong><\/td><\/tr><tr><td><strong><mark style=\"background-color:rgba(0, 0, 0, 0)\" class=\"has-inline-color has-primary-color\">Restaurant\/Eventsaal\u00a0(ca. 200m<sup>2<\/sup>)<\/mark><\/strong><br\/>ca. 140 Personen (div. Bestuhlungsm\u00f6glichkeiten), Soundanlage, Seesicht, Terrasse<\/td><td>   <strong><mark style=\"background-color:rgba(0, 0, 0, 0)\" class=\"has-inline-color has-primary-color\">CHF 800<\/mark><\/strong><\/td><\/tr><tr><td><strong><mark style=\"background-color:rgba(0, 0, 0, 0)\" class=\"has-inline-color has-primary-color\">R\u00e4ume Brisen \/ B\u00fcrgenstock \/ Pilatus<\/mark><\/strong> <strong><mark style=\"background-color:rgba(0, 0, 0, 0)\" class=\"has-inline-color has-primary-color\">(je 63m<sup>2<\/sup>)<\/mark><\/strong><br\/>ca. 24 Personen (z.B. bei Schulbestuhlung), Klimatisiert, Seesicht<\/td><td><strong><mark style=\"background-color:rgba(0, 0, 0, 0)\" class=\"has-inline-color has-primary-color\"> CHF 300<\/mark><\/strong><\/td><\/tr><tr><td><strong><mark style=\"background-color:rgba(0, 0, 0, 0)\" class=\"has-inline-color has-primary-color\">Raum Rigi (146m2)<\/mark><\/strong><br\/>ca. 46 Personen (z.B. bei Schulbestuhlung), Klimatisiert, Seesicht<\/td><td>   <strong><mark style=\"background-color:rgba(0, 0, 0, 0)\" class=\"has-inline-color has-primary-color\">CHF 400<\/mark><\/strong><\/td><\/tr><tr><td><strong><mark style=\"background-color:rgba(0, 0, 0, 0)\" class=\"has-inline-color has-primary-color\">Raum Klewenalp (52m<sup>2<\/sup>)<\/mark><\/strong><br\/>ca. 28 Personen (z.B. bei Schulbestuhlung), Klimatisiert, Nordseite<\/td><td>   <strong><mark style=\"background-color:rgba(0, 0, 0, 0)\" class=\"has-inline-color has-primary-color\">CHF 300<\/mark><\/strong><\/td><\/tr><tr><td><strong><mark style=\"background-color:rgba(0, 0, 0, 0)\" class=\"has-inline-color has-primary-color\">Raum Aula Rigi &amp; Klewenalp (202m<sup>2<\/sup>)<\/mark><\/strong><br\/>ca. 100 Personen (z.B. bei Schulbestuhlung), Klimatisiert, Seesicht<\/td><td>   <mark style=\"background-color:rgba(0, 0, 0, 0)\" class=\"has-inline-color has-primary-color\"><strong>CHF 600<\/strong><\/mark><\/td><\/tr><tr><td><strong><mark style=\"background-color:rgba(0, 0, 0, 0)\" class=\"has-inline-color has-primary-color\">Raum Gotthard (65m<sup>2<\/sup>)<\/mark><\/strong><br\/>ca. 24 Personen (z.B. bei Schulbestuhlung), Nordseite<\/td><td>   <strong><mark style=\"background-color:rgba(0, 0, 0, 0)\" class=\"has-inline-color has-primary-color\">CHF 300<\/mark><\/strong><\/td><\/tr><tr><td><strong><mark style=\"background-color:rgba(0, 0, 0, 0)\" class=\"has-inline-color has-primary-color\">Raum Mythen (32m<sup>2<\/sup>)<\/mark><\/strong><br\/>ca. 12 Personen (z.B. bei Schulbestuhlung), Lichthof<\/td><td>   <strong><mark style=\"background-color:rgba(0, 0, 0, 0)\" class=\"has-inline-color has-primary-color\">CHF 150<\/mark><\/strong><\/td><\/tr><tr><td><strong>Cucina per scuole ed eventi<\/strong><br\/>6 posti cucina, attrezzatura per la cucina professionale<\/td><td><strong><mark style=\"background-color:rgba(0, 0, 0, 0)\" class=\"has-inline-color has-primary-color\">CHF 1&#8217;800<\/mark><\/strong><\/td><\/tr><\/tbody><\/table><\/figure>\n\n\n\n<div style=\"height:23px\" aria-hidden=\"true\" class=\"wp-block-spacer\"><\/div>\n\n\n\n<p><strong>Standardtechnik in den Seminarr\u00e4umen:<\/strong><\/p>\n\n\n\n<ul class=\"wp-block-list\">\n<li>Beamer mit Leinwand<\/li>\n\n\n\n<li>Visualizer<\/li>\n\n\n\n<li>Flipchart<\/li>\n\n\n\n<li>Pinnwand<\/li>\n\n\n\n<li>Whiteboard<\/li>\n\n\n\n<li>Moderationsutensilien<\/li>\n<\/ul>\n\n\n\n<div style=\"height:23px\" aria-hidden=\"true\" class=\"wp-block-spacer\"><\/div>\n\n\n\n<p><strong>Affitto locali\/eventi:<\/strong><\/p>\n\n\n\n<p>F\u00fcr eine optimale Vorbereitung ben\u00f6tigen wir bis sp\u00e4testens 14 Tage vor Seminarbeginn folgende Angaben:<\/p>\n\n\n\n<ul class=\"wp-block-list\">\n<li>Nomi dei partecipanti<\/li>\n\n\n\n<li>Numero definitivo di camere<\/li>\n\n\n\n<li>Svolgimento dell&#8217;evento<\/li>\n\n\n\n<li>Infrastruttura desiderata \u2192 Indirizzo di fatturazione<\/li>\n<\/ul>\n\n\t\t\t<\/div>\n\t\t<\/div>\n\t<\/div>\n<\/div>\n<div style=\"background-color: background;\" class=\"hgf-accordion-item alignfull wp-block-hgf-accordion-item has-background has-background-background-color\" data-open-default=\"false\">\n\t<button\n\t\tclass=\"hgf-accordion-item__header\"\n\t\taria-expanded=\"false\"\n\t\taria-controls=\"accordion-content-2\"\n\t>\n\t\t\t\t\t<h3 class=\"hgf-accordion-item__title\">\n\t\t\t\tSeminario e conferenza\t\t\t<\/h3>\n\t\t\t\t<figure class=\"hgf-accordion-item__toggle-icon\"><\/figure>\n\t\t\t<\/button>\n\t<div\n\t\tid=\"accordion-content-2\"\n\t\tclass=\"hgf-accordion-item__content\"\n\t\taria-hidden=\"true\"\n\t>\n\t\t<div class=\"hgf-accordion-item__content-inner\">\n\t\t\t<div class=\"hgf-accordion-item__content-container\">\n\t\t\t\t\n\n<figure class=\"wp-block-table is-style-regular\"><table class=\"has-foreground-color has-white-background-color has-text-color has-background has-link-color has-border-color has-white-border-color has-fixed-layout\"><tbody><tr><td><strong><mark style=\"background-color:rgba(0, 0, 0, 0)\" class=\"has-inline-color has-primary-color\">Camera singola per camera\/notte incl. Colazione a buffet  <\/mark><\/strong><mark style=\"background-color:rgba(0, 0, 0, 0)\" class=\"has-inline-color has-foreground-color\"> <\/mark><\/td><td><strong><mark style=\"background-color:rgba(0, 0, 0, 0)\" class=\"has-inline-color has-primary-color\">CHF 110<\/mark><\/strong><\/td><\/tr><tr><td><strong><mark style=\"background-color:rgba(0, 0, 0, 0)\" class=\"has-inline-color has-primary-color\">Camera doppia per persona\/notte incl. Colazione a buffet <\/mark><\/strong><\/td><td><strong><mark style=\"background-color:rgba(0, 0, 0, 0)\" class=\"has-inline-color has-primary-color\">CHF 70<\/mark><\/strong><\/td><\/tr><tr><td><\/td><td><\/td><\/tr><tr><td><strong><mark style=\"background-color:rgba(0, 0, 0, 0)\" class=\"has-inline-color has-primary-color\">Seminar-Tagespauschale ab 10 Personen<\/mark><\/strong><br\/>Lunch oder Dinner 3-Gang ab Buffet<br\/>2 Pausenverpflegungen (Kaffee, Gipfeli\/Geb\u00e4ck, Fr\u00fcchte)<br\/>Raummiete inkl. Standardtechnik<br\/>Mineralwasser im Seminarraum\u00a0<br\/>pro Person<\/td><td><strong><mark style=\"background-color:rgba(0, 0, 0, 0)\" class=\"has-inline-color has-primary-color\">CHF 78<\/mark><\/strong><\/td><\/tr><tr><td><\/td><td><\/td><\/tr><tr><td><strong><mark style=\"background-color:rgba(0, 0, 0, 0)\" class=\"has-inline-color has-primary-color\">Lunch Buffet 3 G\u00e4nge<\/mark><\/strong><br\/>inkl. Kaffee\/Tee und Grander-Wasser<br\/>pro Person\u00a0\u00a0\u00a0\u00a0\u00a0\u00a0\u00a0\u00a0\u00a0\u00a0<\/td><td>  <strong><mark style=\"background-color:rgba(0, 0, 0, 0)\" class=\"has-inline-color has-primary-color\">CHF 33<\/mark><\/strong><\/td><\/tr><tr><td><\/td><td><\/td><\/tr><tr><td><strong><mark style=\"background-color:rgba(0, 0, 0, 0)\" class=\"has-inline-color has-primary-color\">Dinner Buffet 3 G\u00e4nge<\/mark><\/strong><br\/>inkl. Kaffee\/Tee und Grander-Wasser\u00a0\u00a0<br\/>pro Person\u00a0\u00a0\u00a0\u00a0<\/td><td>  <strong><mark style=\"background-color:rgba(0, 0, 0, 0)\" class=\"has-inline-color has-primary-color\">CHF 28<\/mark><\/strong><\/td><\/tr><tr><td><\/td><td><\/td><\/tr><tr><td>Begr\u00fcssungs- oder Pausenkaffee\/Tee mit Gipfeli inkl. Grander-Wasser pro Person\u00a0\u00a0\u00a0<\/td><td>    <strong><mark style=\"background-color:rgba(0, 0, 0, 0)\" class=\"has-inline-color has-primary-color\">CHF 6<\/mark><\/strong><\/td><\/tr><tr><td>Frutta per 5 persone <\/td><td>  <strong><mark style=\"background-color:rgba(0, 0, 0, 0)\" class=\"has-inline-color has-primary-color\">CHF 10<\/mark><\/strong><\/td><\/tr><\/tbody><\/table><\/figure>\n\n\t\t\t<\/div>\n\t\t<\/div>\n\t<\/div>\n<\/div>\n<div style=\"background-color: background;\" class=\"hgf-accordion-item alignfull wp-block-hgf-accordion-item has-background has-background-background-color\" data-open-default=\"false\">\n\t<button\n\t\tclass=\"hgf-accordion-item__header\"\n\t\taria-expanded=\"false\"\n\t\taria-controls=\"accordion-content-3\"\n\t>\n\t\t\t\t\t<h3 class=\"hgf-accordion-item__title\">\n\t\t\t\tTariffe candidati agli esami e partecipanti ai corsi \t\t\t<\/h3>\n\t\t\t\t<figure class=\"hgf-accordion-item__toggle-icon\"><\/figure>\n\t\t\t<\/button>\n\t<div\n\t\tid=\"accordion-content-3\"\n\t\tclass=\"hgf-accordion-item__content\"\n\t\taria-hidden=\"true\"\n\t>\n\t\t<div class=\"hgf-accordion-item__content-inner\">\n\t\t\t<div class=\"hgf-accordion-item__content-container\">\n\t\t\t\t\n\n<figure class=\"wp-block-table is-style-regular\"><table class=\"has-foreground-color has-white-background-color has-text-color has-background has-link-color has-border-color has-white-border-color has-fixed-layout\"><tbody><tr><td><strong><mark style=\"background-color:rgba(0, 0, 0, 0)\" class=\"has-inline-color has-primary-color\">Camera singola per camera\/notte incl. Colazione a buffet  <\/mark><\/strong><mark style=\"background-color:rgba(0, 0, 0, 0)\" class=\"has-inline-color has-foreground-color\">    <\/mark><\/td><td><strong><mark style=\"background-color:rgba(0, 0, 0, 0)\" class=\"has-inline-color has-primary-color\">CHF 110<\/mark><\/strong><\/td><\/tr><tr><td><strong><mark style=\"background-color:rgba(0, 0, 0, 0)\" class=\"has-inline-color has-primary-color\">Camera doppia per persona\/notte incl. Colazione a buffet <\/mark><\/strong><\/td><td><strong><mark style=\"background-color:rgba(0, 0, 0, 0)\" class=\"has-inline-color has-primary-color\">CHF 70<\/mark><\/strong><\/td><\/tr><tr><td><\/td><td><\/td><\/tr><tr><td><strong>Pacchetto di 5 giorni in camera doppia<\/strong><br\/>4 pernottamenti, colazione, cena, acqua Grander,<br\/>caff\u00e8\/t\u00e8<\/td><td><mark style=\"background-color:rgba(0, 0, 0, 0)\" class=\"has-inline-color has-primary-color\"><strong>CH<\/strong><\/mark><strong><mark style=\"background-color:rgba(0, 0, 0, 0)\" class=\"has-inline-color has-primary-color\">F 320<\/mark><\/strong><\/td><\/tr><tr><td><\/td><td><\/td><\/tr><tr><td><strong>Pacchetto di 5 giorni in camera singola<\/strong><br\/>4 pernottamenti, colazione, cena, acqua Grander,<br\/>caff\u00e8\/t\u00e8<\/td><td><strong><mark style=\"background-color:rgba(0, 0, 0, 0)\" class=\"has-inline-color has-primary-color\">CHF 480<\/mark><\/strong><\/td><\/tr><tr><td><\/td><td><\/td><\/tr><tr><td><mark style=\"background-color:rgba(0, 0, 0, 0)\" class=\"has-inline-color has-primary-color\"><strong>Pacchetto di 4 giorni in camera doppia<\/strong><br\/>3 pernottamenti, colazione, cena, acqua Grander,<br\/>caff\u00e8\/t\u00e8<\/mark><\/td><td><strong><mark style=\"background-color:rgba(0, 0, 0, 0)\" class=\"has-inline-color has-primary-color\">CHF 240<\/mark><\/strong><\/td><\/tr><tr><td><\/td><td><\/td><\/tr><tr><td><strong>Pacchetto di 4 giorni in camera singola<\/strong><br\/>3 pernottamenti, colazione, cena Acqua Grander, caff\u00e8\/t\u00e8<\/td><td><strong><mark style=\"background-color:rgba(0, 0, 0, 0)\" class=\"has-inline-color has-primary-color\">CHF 360<\/mark><\/strong><\/td><\/tr><tr><td><\/td><td><\/td><\/tr><tr><td><strong>Forfait giornaliero per i pasti dei partecipanti al corso<\/strong><br\/>Pranzo, snack durante le pause, frutta, acqua Grander, caff\u00e8\/t\u00e8<\/td><td>  <strong><mark style=\"background-color:rgba(0, 0, 0, 0)\" class=\"has-inline-color has-primary-color\">CHF 28<\/mark><\/strong><\/td><\/tr><tr><td><\/td><td><\/td><\/tr><tr><td><strong>Pranzo a buffet di 3 portate<\/strong><br\/>incl. Caff\u00e8\/t\u00e8 e acqua Grander <\/td><td>  <strong><mark style=\"background-color:rgba(0, 0, 0, 0)\" class=\"has-inline-color has-primary-color\">CHF 24<\/mark><\/strong><\/td><\/tr><tr><td><\/td><td><\/td><\/tr><tr><td><strong>Cena a buffet di 3 portate<\/strong><br\/>incl. Caff\u00e8\/t\u00e8 e acqua Grander <\/td><td>  <strong><mark style=\"background-color:rgba(0, 0, 0, 0)\" class=\"has-inline-color has-primary-color\">CHF 24<\/mark><\/strong><\/td><\/tr><\/tbody><\/table><\/figure>\n\n\n\n<div style=\"height:24px\" aria-hidden=\"true\" class=\"wp-block-spacer\"><\/div>\n\n\n\n<p><strong>Particolarit\u00e0:<\/strong><\/p>\n\n\n\n<ul class=\"wp-block-list\">\n<li>Al secondo piano interrato sono disponibili distributori automatici di bevande fredde e snack. <\/li>\n\n\n\n<li>Per le bevande alcoliche portate da casa e consumate nel ristorante verr\u00e0 addebitato un costo di CHF 15 per bottiglia.<\/li>\n<\/ul>\n\n\n\n<div style=\"height:24px\" aria-hidden=\"true\" class=\"wp-block-spacer\"><\/div>\n\n\n\n<p><strong>Condizioni:<\/strong><\/p>\n\n\n\n<ul class=\"wp-block-list\">\n<li>L&#8217;annullamento \u00e8 gratuito fino a 7 giorni prima dell&#8217;arrivo, dopodich\u00e9 verr\u00e0 addebitato il 100% del costo.<\/li>\n\n\n\n<li>I costi saranno addebitati ai partecipanti al corso.<\/li>\n\n\n\n<li>Cancellazione gratuita fino a 7 giorni prima dell&#8217;arrivo, dopo 5 giorni 100% delle spese<\/li>\n<\/ul>\n\n\t\t\t<\/div>\n\t\t<\/div>\n\t<\/div>\n<\/div>\n\n<div style=\"height:25px\" aria-hidden=\"true\" class=\"wp-block-spacer\"><\/div>\n\n<div class=\"wp-block-group is-layout-constrained wp-block-group-is-layout-constrained\">\n<p><strong>Opzioni di pagamento:<\/strong><\/p>\n\n\n\n<p>Tutti i prezzi sono comprensivi di IVA \/ UID: CHE-105.839.298 IVA (numero di riferimento: 261468) Pagamento in contanti, Twint, carta EC, Postcard, Visa e Mastercard (per eventi speciali saremo lieti di inviare una fattura complessiva). <\/p>\n<\/div>\n\n<p><\/p>\n","protected":false},"excerpt":{"rendered":"<p>Qui trovi una panoramica trasparente dei prezzi attuali delle nostre offerte. Siamo a tua disposizione per qualsiasi domanda: Opzioni di pagamento: Tutti i prezzi sono comprensivi di IVA \/ UID: CHE-105.839.298 IVA (numero di riferimento: 261468) Pagamento in contanti, Twint, carta EC, Postcard, Visa e Mastercard (per eventi speciali saremo lieti di inviare una fattura [&hellip;]<\/p>\n","protected":false},"author":3,"featured_media":0,"parent":4024,"menu_order":0,"comment_status":"closed","ping_status":"closed","template":"","meta":{"_acf_changed":false,"footnotes":"[]"},"class_list":["post-5521","page","type-page","status-publish","hentry"],"acf":[],"yoast_head":"<!-- This site is optimized with the Yoast SEO plugin v27.0 - https:\/\/yoast.com\/product\/yoast-seo-wordpress\/ -->\n<title>Prezzi - Hotel &amp; Gastro formation<\/title>\n<meta name=\"robots\" content=\"index, follow, max-snippet:-1, max-image-preview:large, max-video-preview:-1\" \/>\n<link rel=\"canonical\" href=\"https:\/\/hotelgastro.ch\/it\/chi-siamo\/formazione-albergogastro\/centro-di-formazione-weggis\/preise\/\" \/>\n<meta property=\"og:locale\" content=\"it_IT\" \/>\n<meta property=\"og:type\" content=\"article\" \/>\n<meta property=\"og:title\" content=\"Prezzi - Hotel &amp; Gastro formation\" \/>\n<meta property=\"og:description\" content=\"Qui trovi una panoramica trasparente dei prezzi attuali delle nostre offerte. Siamo a tua disposizione per qualsiasi domanda: Opzioni di pagamento: Tutti i prezzi sono comprensivi di IVA \/ UID: CHE-105.839.298 IVA (numero di riferimento: 261468) Pagamento in contanti, Twint, carta EC, Postcard, Visa e Mastercard (per eventi speciali saremo lieti di inviare una fattura [&hellip;]\" \/>\n<meta property=\"og:url\" content=\"https:\/\/hotelgastro.ch\/it\/chi-siamo\/formazione-albergogastro\/centro-di-formazione-weggis\/preise\/\" \/>\n<meta property=\"og:site_name\" content=\"Hotel &amp; Gastro formation\" \/>\n<meta property=\"article:publisher\" content=\"https:\/\/www.facebook.com\/hgfschweiz\" \/>\n<meta property=\"article:modified_time\" content=\"2026-03-06T09:25:32+00:00\" \/>\n<meta name=\"twitter:card\" content=\"summary_large_image\" \/>\n<meta name=\"twitter:label1\" content=\"Tempo di lettura stimato\" \/>\n\t<meta name=\"twitter:data1\" content=\"3 minuto\" \/>\n<script type=\"application\/ld+json\" class=\"yoast-schema-graph\">{\"@context\":\"https:\/\/schema.org\",\"@graph\":[{\"@type\":\"WebPage\",\"@id\":\"https:\/\/hotelgastro.ch\/it\/chi-siamo\/formazione-albergogastro\/centro-di-formazione-weggis\/preise\/\",\"url\":\"https:\/\/hotelgastro.ch\/it\/chi-siamo\/formazione-albergogastro\/centro-di-formazione-weggis\/preise\/\",\"name\":\"Prezzi - Hotel &amp; Gastro formation\",\"isPartOf\":{\"@id\":\"https:\/\/hotelgastro.ch\/it\/#website\"},\"datePublished\":\"2026-02-26T12:14:58+00:00\",\"dateModified\":\"2026-03-06T09:25:32+00:00\",\"breadcrumb\":{\"@id\":\"https:\/\/hotelgastro.ch\/it\/chi-siamo\/formazione-albergogastro\/centro-di-formazione-weggis\/preise\/#breadcrumb\"},\"inLanguage\":\"it-IT\",\"potentialAction\":[{\"@type\":\"ReadAction\",\"target\":[\"https:\/\/hotelgastro.ch\/it\/chi-siamo\/formazione-albergogastro\/centro-di-formazione-weggis\/preise\/\"]}]},{\"@type\":\"BreadcrumbList\",\"@id\":\"https:\/\/hotelgastro.ch\/it\/chi-siamo\/formazione-albergogastro\/centro-di-formazione-weggis\/preise\/#breadcrumb\",\"itemListElement\":[{\"@type\":\"ListItem\",\"position\":1,\"name\":\"Home\",\"item\":\"https:\/\/hotelgastro.ch\/it\/\"},{\"@type\":\"ListItem\",\"position\":2,\"name\":\"Chi siamo\",\"item\":\"https:\/\/hotelgastro.ch\/it\/ueber-uns\/\"},{\"@type\":\"ListItem\",\"position\":3,\"name\":\"Formazione albergo&amp;Gastro\",\"item\":\"https:\/\/hotelgastro.ch\/it\/ueber-uns\/hotelgastro-formation\/\"},{\"@type\":\"ListItem\",\"position\":4,\"name\":\"Centro di formazione Weggis\",\"item\":\"https:\/\/hotelgastro.ch\/it\/ueber-uns\/hotelgastro-formation\/bzw\/\"},{\"@type\":\"ListItem\",\"position\":5,\"name\":\"Prezzi\"}]},{\"@type\":\"WebSite\",\"@id\":\"https:\/\/hotelgastro.ch\/it\/#website\",\"url\":\"https:\/\/hotelgastro.ch\/it\/\",\"name\":\"Karriere Hotel Gastro\",\"description\":\"\",\"publisher\":{\"@id\":\"https:\/\/hotelgastro.ch\/it\/#organization\"},\"potentialAction\":[{\"@type\":\"SearchAction\",\"target\":{\"@type\":\"EntryPoint\",\"urlTemplate\":\"https:\/\/hotelgastro.ch\/it\/?s={search_term_string}\"},\"query-input\":{\"@type\":\"PropertyValueSpecification\",\"valueRequired\":true,\"valueName\":\"search_term_string\"}}],\"inLanguage\":\"it-IT\"},{\"@type\":\"Organization\",\"@id\":\"https:\/\/hotelgastro.ch\/it\/#organization\",\"name\":\"Karriere Hotel Gastro\",\"url\":\"https:\/\/hotelgastro.ch\/it\/\",\"logo\":{\"@type\":\"ImageObject\",\"inLanguage\":\"it-IT\",\"@id\":\"https:\/\/hotelgastro.ch\/it\/#\/schema\/logo\/image\/\",\"url\":\"https:\/\/hotelgastro.ch\/wp-content\/uploads\/2026\/02\/HGf_3Verbandslogos_NEU_Feb2026I_FINAL-3.svg\",\"contentUrl\":\"https:\/\/hotelgastro.ch\/wp-content\/uploads\/2026\/02\/HGf_3Verbandslogos_NEU_Feb2026I_FINAL-3.svg\",\"width\":377,\"height\":61,\"caption\":\"Karriere Hotel Gastro\"},\"image\":{\"@id\":\"https:\/\/hotelgastro.ch\/it\/#\/schema\/logo\/image\/\"},\"sameAs\":[\"https:\/\/www.facebook.com\/hgfschweiz\",\"https:\/\/www.linkedin.com\/company\/hotelgastroformationschweiz\/posts\/?feedView=all\"]}]}<\/script>\n<!-- \/ Yoast SEO plugin. -->","yoast_head_json":{"title":"Prezzi - Hotel &amp; Gastro formation","robots":{"index":"index","follow":"follow","max-snippet":"max-snippet:-1","max-image-preview":"max-image-preview:large","max-video-preview":"max-video-preview:-1"},"canonical":"https:\/\/hotelgastro.ch\/it\/chi-siamo\/formazione-albergogastro\/centro-di-formazione-weggis\/preise\/","og_locale":"it_IT","og_type":"article","og_title":"Prezzi - Hotel &amp; Gastro formation","og_description":"Qui trovi una panoramica trasparente dei prezzi attuali delle nostre offerte. Siamo a tua disposizione per qualsiasi domanda: Opzioni di pagamento: Tutti i prezzi sono comprensivi di IVA \/ UID: CHE-105.839.298 IVA (numero di riferimento: 261468) Pagamento in contanti, Twint, carta EC, Postcard, Visa e Mastercard (per eventi speciali saremo lieti di inviare una fattura [&hellip;]","og_url":"https:\/\/hotelgastro.ch\/it\/chi-siamo\/formazione-albergogastro\/centro-di-formazione-weggis\/preise\/","og_site_name":"Hotel &amp; Gastro formation","article_publisher":"https:\/\/www.facebook.com\/hgfschweiz","article_modified_time":"2026-03-06T09:25:32+00:00","twitter_card":"summary_large_image","twitter_misc":{"Tempo di lettura stimato":"3 minuto"},"schema":{"@context":"https:\/\/schema.org","@graph":[{"@type":"WebPage","@id":"https:\/\/hotelgastro.ch\/it\/chi-siamo\/formazione-albergogastro\/centro-di-formazione-weggis\/preise\/","url":"https:\/\/hotelgastro.ch\/it\/chi-siamo\/formazione-albergogastro\/centro-di-formazione-weggis\/preise\/","name":"Prezzi - Hotel &amp; Gastro formation","isPartOf":{"@id":"https:\/\/hotelgastro.ch\/it\/#website"},"datePublished":"2026-02-26T12:14:58+00:00","dateModified":"2026-03-06T09:25:32+00:00","breadcrumb":{"@id":"https:\/\/hotelgastro.ch\/it\/chi-siamo\/formazione-albergogastro\/centro-di-formazione-weggis\/preise\/#breadcrumb"},"inLanguage":"it-IT","potentialAction":[{"@type":"ReadAction","target":["https:\/\/hotelgastro.ch\/it\/chi-siamo\/formazione-albergogastro\/centro-di-formazione-weggis\/preise\/"]}]},{"@type":"BreadcrumbList","@id":"https:\/\/hotelgastro.ch\/it\/chi-siamo\/formazione-albergogastro\/centro-di-formazione-weggis\/preise\/#breadcrumb","itemListElement":[{"@type":"ListItem","position":1,"name":"Home","item":"https:\/\/hotelgastro.ch\/it\/"},{"@type":"ListItem","position":2,"name":"Chi siamo","item":"https:\/\/hotelgastro.ch\/it\/ueber-uns\/"},{"@type":"ListItem","position":3,"name":"Formazione albergo&amp;Gastro","item":"https:\/\/hotelgastro.ch\/it\/ueber-uns\/hotelgastro-formation\/"},{"@type":"ListItem","position":4,"name":"Centro di formazione Weggis","item":"https:\/\/hotelgastro.ch\/it\/ueber-uns\/hotelgastro-formation\/bzw\/"},{"@type":"ListItem","position":5,"name":"Prezzi"}]},{"@type":"WebSite","@id":"https:\/\/hotelgastro.ch\/it\/#website","url":"https:\/\/hotelgastro.ch\/it\/","name":"Karriere Hotel Gastro","description":"","publisher":{"@id":"https:\/\/hotelgastro.ch\/it\/#organization"},"potentialAction":[{"@type":"SearchAction","target":{"@type":"EntryPoint","urlTemplate":"https:\/\/hotelgastro.ch\/it\/?s={search_term_string}"},"query-input":{"@type":"PropertyValueSpecification","valueRequired":true,"valueName":"search_term_string"}}],"inLanguage":"it-IT"},{"@type":"Organization","@id":"https:\/\/hotelgastro.ch\/it\/#organization","name":"Karriere Hotel Gastro","url":"https:\/\/hotelgastro.ch\/it\/","logo":{"@type":"ImageObject","inLanguage":"it-IT","@id":"https:\/\/hotelgastro.ch\/it\/#\/schema\/logo\/image\/","url":"https:\/\/hotelgastro.ch\/wp-content\/uploads\/2026\/02\/HGf_3Verbandslogos_NEU_Feb2026I_FINAL-3.svg","contentUrl":"https:\/\/hotelgastro.ch\/wp-content\/uploads\/2026\/02\/HGf_3Verbandslogos_NEU_Feb2026I_FINAL-3.svg","width":377,"height":61,"caption":"Karriere Hotel Gastro"},"image":{"@id":"https:\/\/hotelgastro.ch\/it\/#\/schema\/logo\/image\/"},"sameAs":["https:\/\/www.facebook.com\/hgfschweiz","https:\/\/www.linkedin.com\/company\/hotelgastroformationschweiz\/posts\/?feedView=all"]}]}},"_links":{"self":[{"href":"https:\/\/hotelgastro.ch\/it\/wp-json\/wp\/v2\/pages\/5521","targetHints":{"allow":["GET"]}}],"collection":[{"href":"https:\/\/hotelgastro.ch\/it\/wp-json\/wp\/v2\/pages"}],"about":[{"href":"https:\/\/hotelgastro.ch\/it\/wp-json\/wp\/v2\/types\/page"}],"author":[{"embeddable":true,"href":"https:\/\/hotelgastro.ch\/it\/wp-json\/wp\/v2\/users\/3"}],"replies":[{"embeddable":true,"href":"https:\/\/hotelgastro.ch\/it\/wp-json\/wp\/v2\/comments?post=5521"}],"version-history":[{"count":32,"href":"https:\/\/hotelgastro.ch\/it\/wp-json\/wp\/v2\/pages\/5521\/revisions"}],"predecessor-version":[{"id":6293,"href":"https:\/\/hotelgastro.ch\/it\/wp-json\/wp\/v2\/pages\/5521\/revisions\/6293"}],"up":[{"embeddable":true,"href":"https:\/\/hotelgastro.ch\/it\/wp-json\/wp\/v2\/pages\/4024"}],"wp:attachment":[{"href":"https:\/\/hotelgastro.ch\/it\/wp-json\/wp\/v2\/media?parent=5521"}],"curies":[{"name":"wp","href":"https:\/\/api.w.org\/{rel}","templated":true}]}}