{"id":5526,"date":"2026-02-26T11:57:49","date_gmt":"2026-02-26T11:57:49","guid":{"rendered":"https:\/\/hotelgastro.ch\/chi-siamo\/formazione-albergogastro\/centro-di-formazione-weggis\/geniessen-im-bildungszentrum\/"},"modified":"2026-03-06T09:25:35","modified_gmt":"2026-03-06T09:25:35","slug":"kulinarik","status":"publish","type":"page","link":"https:\/\/hotelgastro.ch\/it\/chi-siamo\/formazione-albergogastro\/centro-di-formazione-weggis\/kulinarik\/","title":{"rendered":"Una cucina che convince"},"content":{"rendered":"\n<div class=\"wp-block-group is-layout-constrained wp-block-group-is-layout-constrained\">\n<div class=\"wp-block-group is-layout-constrained wp-block-group-is-layout-constrained\">\n<p>Dal luned\u00ec al venerd\u00ec, il ristorante Federweiss ti aspetta con piatti preparati freschi ogni giorno: stagionali, vari e di alta qualit\u00e0. Ovviamente ci sono anche menu vegetariani e, su richiesta, prepariamo anche opzioni vegane o alternative per chi ha allergie. A seconda della disponibilit\u00e0, alcune offerte sono disponibili anche nel fine settimana.  <\/p>\n\n\n\n<p>Qui trovi informazioni sulle offerte:<\/p>\n\n\n\n<div class=\"wp-block-buttons is-layout-flex wp-block-buttons-is-layout-flex\">\n<div class=\"wp-block-button\"><a class=\"wp-block-button__link wp-element-button\" href=\"https:\/\/hotelgastro.ch\/it\/chi-siamo\/formazione-albergogastro\/centro-di-formazione-weggis\/preise\/\" target=\"_blank\" rel=\"noreferrer noopener\">Gastronomia al CFW<\/a><\/div>\n<\/div>\n\n\n\n<div style=\"height:26px\" aria-hidden=\"true\" class=\"wp-block-spacer\"><\/div>\n\n\n\n<p><strong>Cucina personalizzata per i nostri ospiti<\/strong><\/p>\n\n\n\n<p>A seconda degli accordi, creiamo anche proposte di menu personalizzate per seminari esterni o eventi formativi, in base all&#8217;occasione, al target e al budget. Saremo lieti di fornirti una consulenza personalizzata e di preparare un&#8217;offerta non vincolante. <\/p>\n\n\n\n<p>Hai domande sulle nostre offerte culinarie? Siamo lieti di aiutarti. <\/p>\n<\/div>\n\n\n\n<div class=\"wp-block-buttons is-layout-flex wp-block-buttons-is-layout-flex\">\n<div class=\"wp-block-button\"><a class=\"wp-block-button__link wp-element-button\" href=\"https:\/\/hotelgastro.ch\/it\/chi-siamo\/formazione-albergogastro\/contatto\/\" target=\"_blank\" rel=\"noreferrer noopener\">Contatto<\/a><\/div>\n<\/div>\n<\/div>\n\n<p><\/p>\n","protected":false},"excerpt":{"rendered":"<p>Dal luned\u00ec al venerd\u00ec, il ristorante Federweiss ti aspetta con piatti preparati freschi ogni giorno: stagionali, vari e di alta qualit\u00e0. Ovviamente ci sono anche menu vegetariani e, su richiesta, prepariamo anche opzioni vegane o alternative per chi ha allergie. A seconda della disponibilit\u00e0, alcune offerte sono disponibili anche nel fine settimana. Qui trovi informazioni [&hellip;]<\/p>\n","protected":false},"author":3,"featured_media":0,"parent":4024,"menu_order":0,"comment_status":"closed","ping_status":"closed","template":"","meta":{"_acf_changed":false,"footnotes":""},"class_list":["post-5526","page","type-page","status-publish","hentry"],"acf":[],"yoast_head":"<!-- This site is optimized with the Yoast SEO plugin v27.0 - https:\/\/yoast.com\/product\/yoast-seo-wordpress\/ -->\n<title>Una cucina che convince - Hotel &amp; Gastro formation<\/title>\n<meta name=\"robots\" content=\"index, follow, max-snippet:-1, max-image-preview:large, max-video-preview:-1\" \/>\n<link rel=\"canonical\" href=\"https:\/\/hotelgastro.ch\/it\/chi-siamo\/formazione-albergogastro\/centro-di-formazione-weggis\/kulinarik\/\" \/>\n<meta property=\"og:locale\" content=\"it_IT\" \/>\n<meta property=\"og:type\" content=\"article\" \/>\n<meta property=\"og:title\" content=\"Una cucina che convince - Hotel &amp; Gastro formation\" \/>\n<meta property=\"og:description\" content=\"Dal luned\u00ec al venerd\u00ec, il ristorante Federweiss ti aspetta con piatti preparati freschi ogni giorno: stagionali, vari e di alta qualit\u00e0. Ovviamente ci sono anche menu vegetariani e, su richiesta, prepariamo anche opzioni vegane o alternative per chi ha allergie. A seconda della disponibilit\u00e0, alcune offerte sono disponibili anche nel fine settimana. Qui trovi informazioni [&hellip;]\" \/>\n<meta property=\"og:url\" content=\"https:\/\/hotelgastro.ch\/it\/chi-siamo\/formazione-albergogastro\/centro-di-formazione-weggis\/kulinarik\/\" \/>\n<meta property=\"og:site_name\" content=\"Hotel &amp; Gastro formation\" \/>\n<meta property=\"article:publisher\" content=\"https:\/\/www.facebook.com\/hgfschweiz\" \/>\n<meta property=\"article:modified_time\" content=\"2026-03-06T09:25:35+00:00\" \/>\n<meta name=\"twitter:card\" content=\"summary_large_image\" \/>\n<meta name=\"twitter:label1\" content=\"Tempo di lettura stimato\" \/>\n\t<meta name=\"twitter:data1\" content=\"1 minuto\" \/>\n<script type=\"application\/ld+json\" class=\"yoast-schema-graph\">{\"@context\":\"https:\/\/schema.org\",\"@graph\":[{\"@type\":\"WebPage\",\"@id\":\"https:\/\/hotelgastro.ch\/it\/chi-siamo\/formazione-albergogastro\/centro-di-formazione-weggis\/kulinarik\/\",\"url\":\"https:\/\/hotelgastro.ch\/it\/chi-siamo\/formazione-albergogastro\/centro-di-formazione-weggis\/kulinarik\/\",\"name\":\"Una cucina che convince - Hotel &amp; Gastro formation\",\"isPartOf\":{\"@id\":\"https:\/\/hotelgastro.ch\/it\/#website\"},\"datePublished\":\"2026-02-26T11:57:49+00:00\",\"dateModified\":\"2026-03-06T09:25:35+00:00\",\"breadcrumb\":{\"@id\":\"https:\/\/hotelgastro.ch\/it\/chi-siamo\/formazione-albergogastro\/centro-di-formazione-weggis\/kulinarik\/#breadcrumb\"},\"inLanguage\":\"it-IT\",\"potentialAction\":[{\"@type\":\"ReadAction\",\"target\":[\"https:\/\/hotelgastro.ch\/it\/chi-siamo\/formazione-albergogastro\/centro-di-formazione-weggis\/kulinarik\/\"]}]},{\"@type\":\"BreadcrumbList\",\"@id\":\"https:\/\/hotelgastro.ch\/it\/chi-siamo\/formazione-albergogastro\/centro-di-formazione-weggis\/kulinarik\/#breadcrumb\",\"itemListElement\":[{\"@type\":\"ListItem\",\"position\":1,\"name\":\"Home\",\"item\":\"https:\/\/hotelgastro.ch\/it\/\"},{\"@type\":\"ListItem\",\"position\":2,\"name\":\"Chi siamo\",\"item\":\"https:\/\/hotelgastro.ch\/it\/ueber-uns\/\"},{\"@type\":\"ListItem\",\"position\":3,\"name\":\"Formazione albergo&amp;Gastro\",\"item\":\"https:\/\/hotelgastro.ch\/it\/ueber-uns\/hotelgastro-formation\/\"},{\"@type\":\"ListItem\",\"position\":4,\"name\":\"Centro di formazione Weggis\",\"item\":\"https:\/\/hotelgastro.ch\/it\/ueber-uns\/hotelgastro-formation\/bzw\/\"},{\"@type\":\"ListItem\",\"position\":5,\"name\":\"Una cucina che convince\"}]},{\"@type\":\"WebSite\",\"@id\":\"https:\/\/hotelgastro.ch\/it\/#website\",\"url\":\"https:\/\/hotelgastro.ch\/it\/\",\"name\":\"Karriere Hotel Gastro\",\"description\":\"\",\"publisher\":{\"@id\":\"https:\/\/hotelgastro.ch\/it\/#organization\"},\"potentialAction\":[{\"@type\":\"SearchAction\",\"target\":{\"@type\":\"EntryPoint\",\"urlTemplate\":\"https:\/\/hotelgastro.ch\/it\/?s={search_term_string}\"},\"query-input\":{\"@type\":\"PropertyValueSpecification\",\"valueRequired\":true,\"valueName\":\"search_term_string\"}}],\"inLanguage\":\"it-IT\"},{\"@type\":\"Organization\",\"@id\":\"https:\/\/hotelgastro.ch\/it\/#organization\",\"name\":\"Karriere Hotel Gastro\",\"url\":\"https:\/\/hotelgastro.ch\/it\/\",\"logo\":{\"@type\":\"ImageObject\",\"inLanguage\":\"it-IT\",\"@id\":\"https:\/\/hotelgastro.ch\/it\/#\/schema\/logo\/image\/\",\"url\":\"https:\/\/hotelgastro.ch\/wp-content\/uploads\/2026\/02\/HGf_3Verbandslogos_NEU_Feb2026I_FINAL-3.svg\",\"contentUrl\":\"https:\/\/hotelgastro.ch\/wp-content\/uploads\/2026\/02\/HGf_3Verbandslogos_NEU_Feb2026I_FINAL-3.svg\",\"width\":377,\"height\":61,\"caption\":\"Karriere Hotel Gastro\"},\"image\":{\"@id\":\"https:\/\/hotelgastro.ch\/it\/#\/schema\/logo\/image\/\"},\"sameAs\":[\"https:\/\/www.facebook.com\/hgfschweiz\",\"https:\/\/www.linkedin.com\/company\/hotelgastroformationschweiz\/posts\/?feedView=all\"]}]}<\/script>\n<!-- \/ Yoast SEO plugin. -->","yoast_head_json":{"title":"Una cucina che convince - Hotel &amp; Gastro formation","robots":{"index":"index","follow":"follow","max-snippet":"max-snippet:-1","max-image-preview":"max-image-preview:large","max-video-preview":"max-video-preview:-1"},"canonical":"https:\/\/hotelgastro.ch\/it\/chi-siamo\/formazione-albergogastro\/centro-di-formazione-weggis\/kulinarik\/","og_locale":"it_IT","og_type":"article","og_title":"Una cucina che convince - Hotel &amp; Gastro formation","og_description":"Dal luned\u00ec al venerd\u00ec, il ristorante Federweiss ti aspetta con piatti preparati freschi ogni giorno: stagionali, vari e di alta qualit\u00e0. Ovviamente ci sono anche menu vegetariani e, su richiesta, prepariamo anche opzioni vegane o alternative per chi ha allergie. A seconda della disponibilit\u00e0, alcune offerte sono disponibili anche nel fine settimana. Qui trovi informazioni [&hellip;]","og_url":"https:\/\/hotelgastro.ch\/it\/chi-siamo\/formazione-albergogastro\/centro-di-formazione-weggis\/kulinarik\/","og_site_name":"Hotel &amp; Gastro formation","article_publisher":"https:\/\/www.facebook.com\/hgfschweiz","article_modified_time":"2026-03-06T09:25:35+00:00","twitter_card":"summary_large_image","twitter_misc":{"Tempo di lettura stimato":"1 minuto"},"schema":{"@context":"https:\/\/schema.org","@graph":[{"@type":"WebPage","@id":"https:\/\/hotelgastro.ch\/it\/chi-siamo\/formazione-albergogastro\/centro-di-formazione-weggis\/kulinarik\/","url":"https:\/\/hotelgastro.ch\/it\/chi-siamo\/formazione-albergogastro\/centro-di-formazione-weggis\/kulinarik\/","name":"Una cucina che convince - Hotel &amp; Gastro formation","isPartOf":{"@id":"https:\/\/hotelgastro.ch\/it\/#website"},"datePublished":"2026-02-26T11:57:49+00:00","dateModified":"2026-03-06T09:25:35+00:00","breadcrumb":{"@id":"https:\/\/hotelgastro.ch\/it\/chi-siamo\/formazione-albergogastro\/centro-di-formazione-weggis\/kulinarik\/#breadcrumb"},"inLanguage":"it-IT","potentialAction":[{"@type":"ReadAction","target":["https:\/\/hotelgastro.ch\/it\/chi-siamo\/formazione-albergogastro\/centro-di-formazione-weggis\/kulinarik\/"]}]},{"@type":"BreadcrumbList","@id":"https:\/\/hotelgastro.ch\/it\/chi-siamo\/formazione-albergogastro\/centro-di-formazione-weggis\/kulinarik\/#breadcrumb","itemListElement":[{"@type":"ListItem","position":1,"name":"Home","item":"https:\/\/hotelgastro.ch\/it\/"},{"@type":"ListItem","position":2,"name":"Chi siamo","item":"https:\/\/hotelgastro.ch\/it\/ueber-uns\/"},{"@type":"ListItem","position":3,"name":"Formazione albergo&amp;Gastro","item":"https:\/\/hotelgastro.ch\/it\/ueber-uns\/hotelgastro-formation\/"},{"@type":"ListItem","position":4,"name":"Centro di formazione Weggis","item":"https:\/\/hotelgastro.ch\/it\/ueber-uns\/hotelgastro-formation\/bzw\/"},{"@type":"ListItem","position":5,"name":"Una cucina che convince"}]},{"@type":"WebSite","@id":"https:\/\/hotelgastro.ch\/it\/#website","url":"https:\/\/hotelgastro.ch\/it\/","name":"Karriere Hotel Gastro","description":"","publisher":{"@id":"https:\/\/hotelgastro.ch\/it\/#organization"},"potentialAction":[{"@type":"SearchAction","target":{"@type":"EntryPoint","urlTemplate":"https:\/\/hotelgastro.ch\/it\/?s={search_term_string}"},"query-input":{"@type":"PropertyValueSpecification","valueRequired":true,"valueName":"search_term_string"}}],"inLanguage":"it-IT"},{"@type":"Organization","@id":"https:\/\/hotelgastro.ch\/it\/#organization","name":"Karriere Hotel Gastro","url":"https:\/\/hotelgastro.ch\/it\/","logo":{"@type":"ImageObject","inLanguage":"it-IT","@id":"https:\/\/hotelgastro.ch\/it\/#\/schema\/logo\/image\/","url":"https:\/\/hotelgastro.ch\/wp-content\/uploads\/2026\/02\/HGf_3Verbandslogos_NEU_Feb2026I_FINAL-3.svg","contentUrl":"https:\/\/hotelgastro.ch\/wp-content\/uploads\/2026\/02\/HGf_3Verbandslogos_NEU_Feb2026I_FINAL-3.svg","width":377,"height":61,"caption":"Karriere Hotel Gastro"},"image":{"@id":"https:\/\/hotelgastro.ch\/it\/#\/schema\/logo\/image\/"},"sameAs":["https:\/\/www.facebook.com\/hgfschweiz","https:\/\/www.linkedin.com\/company\/hotelgastroformationschweiz\/posts\/?feedView=all"]}]}},"_links":{"self":[{"href":"https:\/\/hotelgastro.ch\/it\/wp-json\/wp\/v2\/pages\/5526","targetHints":{"allow":["GET"]}}],"collection":[{"href":"https:\/\/hotelgastro.ch\/it\/wp-json\/wp\/v2\/pages"}],"about":[{"href":"https:\/\/hotelgastro.ch\/it\/wp-json\/wp\/v2\/types\/page"}],"author":[{"embeddable":true,"href":"https:\/\/hotelgastro.ch\/it\/wp-json\/wp\/v2\/users\/3"}],"replies":[{"embeddable":true,"href":"https:\/\/hotelgastro.ch\/it\/wp-json\/wp\/v2\/comments?post=5526"}],"version-history":[{"count":10,"href":"https:\/\/hotelgastro.ch\/it\/wp-json\/wp\/v2\/pages\/5526\/revisions"}],"predecessor-version":[{"id":6309,"href":"https:\/\/hotelgastro.ch\/it\/wp-json\/wp\/v2\/pages\/5526\/revisions\/6309"}],"up":[{"embeddable":true,"href":"https:\/\/hotelgastro.ch\/it\/wp-json\/wp\/v2\/pages\/4024"}],"wp:attachment":[{"href":"https:\/\/hotelgastro.ch\/it\/wp-json\/wp\/v2\/media?parent=5526"}],"curies":[{"name":"wp","href":"https:\/\/api.w.org\/{rel}","templated":true}]}}